{"id":3840,"date":"2020-12-10T13:55:52","date_gmt":"2020-12-10T13:55:52","guid":{"rendered":"https:\/\/eni.ulpgc.es\/?page_id=3840"},"modified":"2021-10-01T22:00:08","modified_gmt":"2021-10-01T22:00:08","slug":"tesis-doctorales","status":"publish","type":"page","link":"https:\/\/eni.ulpgc.es\/index.php\/tesis-doctorales\/","title":{"rendered":"Tesis doctorales"},"content":{"rendered":"<p style=\"text-align: justify;\"><div class=\"fusion-fullwidth fullwidth-box fusion-builder-row-1 fusion-flex-container nonhundred-percent-fullwidth non-hundred-percent-height-scrolling\" style=\"--awb-border-radius-top-left:0px;--awb-border-radius-top-right:0px;--awb-border-radius-bottom-right:0px;--awb-border-radius-bottom-left:0px;\" ><div class=\"fusion-builder-row fusion-row fusion-flex-align-items-flex-start\" style=\"max-width:1497.6px;margin-left: calc(-4% \/ 2 );margin-right: calc(-4% \/ 2 );\"><div class=\"fusion-layout-column fusion_builder_column fusion-builder-column-0 fusion_builder_column_1_1 1_1 fusion-flex-column\" style=\"--awb-bg-size:cover;--awb-width-large:100%;--awb-margin-top-large:0px;--awb-spacing-right-large:1.92%;--awb-margin-bottom-large:20px;--awb-spacing-left-large:1.92%;--awb-width-medium:100%;--awb-order-medium:0;--awb-spacing-right-medium:1.92%;--awb-spacing-left-medium:1.92%;--awb-width-small:100%;--awb-order-small:0;--awb-spacing-right-small:1.92%;--awb-spacing-left-small:1.92%;\"><div class=\"fusion-column-wrapper fusion-column-has-shadow fusion-flex-justify-content-flex-start fusion-content-layout-column\"><div class=\"fusion-title title fusion-title-1 fusion-sep-none fusion-title-text fusion-title-size-one\" style=\"--awb-margin-bottom:2px;\"><h1 class=\"title-heading-left\" style=\"margin:0;\"><p style=\"text-align: justify;\">Tesis doctorales<\/p>\n<p style=\"text-align: justify;\"><\/h1><\/div><div class=\"fusion-separator fusion-full-width-sep\" style=\"align-self: center;margin-left: auto;margin-right: auto;width:100%;\"><div class=\"fusion-separator-border sep-single\" style=\"--awb-height:20px;--awb-amount:20px;border-color:#ffa100;border-top-width:4px;\"><\/div><\/div><\/div><\/div><\/div><\/div><div class=\"fusion-fullwidth fullwidth-box fusion-builder-row-2 fusion-flex-container nonhundred-percent-fullwidth non-hundred-percent-height-scrolling\" style=\"--awb-border-radius-top-left:0px;--awb-border-radius-top-right:0px;--awb-border-radius-bottom-right:0px;--awb-border-radius-bottom-left:0px;\" ><div class=\"fusion-builder-row fusion-row fusion-flex-align-items-flex-start\" style=\"max-width:1497.6px;margin-left: calc(-4% \/ 2 );margin-right: calc(-4% \/ 2 );\"><div class=\"fusion-layout-column fusion_builder_column fusion-builder-column-1 fusion_builder_column_1_1 1_1 fusion-flex-column\" style=\"--awb-bg-size:cover;--awb-width-large:100%;--awb-margin-top-large:0px;--awb-spacing-right-large:1.92%;--awb-margin-bottom-large:20px;--awb-spacing-left-large:1.92%;--awb-width-medium:100%;--awb-order-medium:0;--awb-spacing-right-medium:1.92%;--awb-spacing-left-medium:1.92%;--awb-width-small:100%;--awb-order-small:0;--awb-spacing-right-small:1.92%;--awb-spacing-left-small:1.92%;\"><div class=\"fusion-column-wrapper fusion-column-has-shadow fusion-flex-justify-content-flex-start fusion-content-layout-column\"><div class=\"fusion-tabs fusion-tabs-1 classic vertical-tabs icon-position-left mobile-mode-accordion\" style=\"--awb-title-border-radius-top-left:0px;--awb-title-border-radius-top-right:0px;--awb-title-border-radius-bottom-right:0px;--awb-title-border-radius-bottom-left:0px;--awb-inactive-color:#f6f6f6;--awb-background-color:#ffffff;--awb-border-color:#e2e2e2;--awb-active-border-color:#0066a1;\"><div class=\"nav\"><ul class=\"nav-tabs\" role=\"tablist\"><li class=\"active\" role=\"presentation\"><a class=\"tab-link\" data-toggle=\"tab\" role=\"tab\" aria-controls=\"tab-edb88da2806d426dea1\" aria-selected=\"true\" id=\"fusion-tab-ofertadel\u00edneasdeinvestigaci\u00f3n\" href=\"#tab-edb88da2806d426dea1\"><h4 class=\"fusion-tab-heading\">Oferta de L\u00edneas de Investigaci\u00f3n<\/h4><\/a><\/li><li role=\"presentation\"><a class=\"tab-link\" data-toggle=\"tab\" role=\"tab\" aria-controls=\"tab-7917160b64bfe0cac60\" aria-selected=\"false\" tabindex=\"-1\" id=\"fusion-tab-tesisdirigidaseni-ulpgc\" href=\"#tab-7917160b64bfe0cac60\"><h4 class=\"fusion-tab-heading\">Tesis dirigidas ENI-ULPGC<\/h4><\/a><\/li><li role=\"presentation\"><a class=\"tab-link\" data-toggle=\"tab\" role=\"tab\" aria-controls=\"tab-d6a0787a2ed9b57ef0a\" aria-selected=\"false\" tabindex=\"-1\" id=\"fusion-tab-tesisdirigidasi&amp;de-uniovi\" href=\"#tab-d6a0787a2ed9b57ef0a\"><h4 class=\"fusion-tab-heading\">Tesis dirigidas I&amp;DE-UNIOVI<\/h4><\/a><\/li><\/ul><\/div><div class=\"tab-content\"><div class=\"nav fusion-mobile-tab-nav\"><ul class=\"nav-tabs\" role=\"tablist\"><li class=\"active\" role=\"presentation\"><a class=\"tab-link\" data-toggle=\"tab\" role=\"tab\" aria-controls=\"tab-edb88da2806d426dea1\" aria-selected=\"true\" id=\"mobile-fusion-tab-ofertadel\u00edneasdeinvestigaci\u00f3n\" href=\"#tab-edb88da2806d426dea1\"><h4 class=\"fusion-tab-heading\">Oferta de L\u00edneas de Investigaci\u00f3n<\/h4><\/a><\/li><\/ul><\/div><div class=\"tab-pane fade fusion-clearfix in active\" role=\"tabpanel\" tabindex=\"0\" aria-labelledby=\"fusion-tab-ofertadel\u00edneasdeinvestigaci\u00f3n\" id=\"tab-edb88da2806d426dea1\">\n<h2 style=\"text-align: justify;\">Oferta de L\u00edneas de Investigaci\u00f3n<\/h2>\n<ol style=\"text-align: justify;\">\n<li>Factores determinantes de las decisiones estrat\u00e9gicas relativas al emprendimiento internacional y sus resultados.<\/li>\n<li>Digitalizaci\u00f3n e internacionalizaci\u00f3n: impacto de la digitalizaci\u00f3n en el emprendimiento internacional.<\/li>\n<li>Los espacios coworking como estructuras de apoyo al emprendimiento internacional.<\/li>\n<li>El efecto cl\u00faster de los parques tecnol\u00f3gicos en el emprendimiento internacional.<\/li>\n<li>Emprendimiento de base tecnol\u00f3gica, transformaci\u00f3n digital e internacionalizaci\u00f3n temprana.<\/li>\n<li>G\u00e9nero y negocios internacionales.<\/li>\n<li>La gesti\u00f3n de los recursos humanos en contextos internacionales.<\/li>\n<li>Recursos humanos y competencias globales: el papel de la movilidad internacional durante los estudios superiores.<\/li>\n<li>Educaci\u00f3n emprendedora y educaci\u00f3n para el emprendimiento internacional.<\/li>\n<li>Instituciones, responsabilidad social empresarial y competitividad internacional de la empresa.<\/li>\n<li>V\u00ednculo Objetivos de Desarrollo Sostenible e internacionalizaci\u00f3n empresarial.<\/li>\n<li>El papel de la financiaci\u00f3n multilateral en la internacionalizaci\u00f3n de las empresas espa\u00f1olas.<\/li>\n<li>La internacionalizaci\u00f3n de la pyme hacia pa\u00edses en desarrollo: retos y factores de \u00e9xito.<\/li>\n<li>La inmigraci\u00f3n como fuente de emprendimiento internacional e innovaci\u00f3n institucional.<\/li>\n<li>Desglobalizaci\u00f3n y reglobalizaci\u00f3n: nuevos contextos para operar en el \u00e1mbito de los negocios internacionales.<\/li>\n<\/ol>\n<p style=\"text-align: justify;\"><\/div><div class=\"nav fusion-mobile-tab-nav\"><ul class=\"nav-tabs\" role=\"tablist\"><li role=\"presentation\"><a class=\"tab-link\" data-toggle=\"tab\" role=\"tab\" aria-controls=\"tab-7917160b64bfe0cac60\" aria-selected=\"false\" tabindex=\"-1\" id=\"mobile-fusion-tab-tesisdirigidaseni-ulpgc\" href=\"#tab-7917160b64bfe0cac60\"><h4 class=\"fusion-tab-heading\">Tesis dirigidas ENI-ULPGC<\/h4><\/a><\/li><\/ul><\/div><div class=\"tab-pane fade fusion-clearfix\" role=\"tabpanel\" tabindex=\"0\" aria-labelledby=\"fusion-tab-tesisdirigidaseni-ulpgc\" id=\"tab-7917160b64bfe0cac60\">\n<h2 style=\"text-align: justify;\">Tesis dirigidas ENI-ULPGC<\/h2>\n<p style=\"text-align: justify;\"><strong>Instituciones y percepciones institucionales como antecedentes del emprendimiento en econom\u00edas en desarrollo: Una aplicaci\u00f3n al sector tur\u00edstico<\/strong><\/p>\n<ul style=\"text-align: justify;\">\n<li>Doctorando: Dias Furtado, Jeremias<\/li>\n<li>Directoras: Antonia Mercedes Garc\u00eda Cabrera y Mar\u00eda Gracia Garc\u00eda Soto<\/li>\n<li>Universidad: Universidad de Las Palmas de Gran Canaria<\/li>\n<li>Facultad: Facultad de Econom\u00eda, Empresa y Turismo<\/li>\n<li>Fecha: julio, 2015<\/li>\n<li><a href=\"https:\/\/dialnet.unirioja.es\/servlet\/tesis?codigo=154458\" target=\"_blank\" rel=\"noopener noreferrer\">Acceso al documento<\/a><\/li>\n<\/ul>\n<p style=\"text-align: justify;\"><strong>La inteligencia emocional del directivo como antecedente de la generaci\u00f3n de recursos humanos valiosos en la pyme<\/strong><\/p>\n<ul style=\"text-align: justify;\">\n<li>Doctoranda: Cu\u00e9llar Molina, Deybbi Guadalupe<\/li>\n<li>Directoras: Antonia Mercedes Garc\u00eda Cabrera y Mar\u00eda de la Cruz D\u00e9niz D\u00e9niz<\/li>\n<li>Universidad: Universidad de Las Palmas de Gran Canaria<\/li>\n<li>Facultad: Facultad de Econom\u00eda, Empresa y Turismo<\/li>\n<li>Fecha: junio, 2011<\/li>\n<li><a href=\"https:\/\/accedacris.ulpgc.es\/handle\/10553\/17031\" target=\"_blank\" rel=\"noopener noreferrer\">Acceso al documento<\/a><\/li>\n<\/ul>\n<p style=\"text-align: justify;\"><strong>El proceso de internacionalizaci\u00f3n de la empresa manufacturera espa\u00f1ola: an\u00e1lisis mediante modelos de duraci\u00f3n en el periodo 1990- 1998<\/strong><\/p>\n<ul style=\"text-align: justify;\">\n<li>Doctorando: Olivares Mesa, Ar\u00edstides \u00c1ngel<\/li>\n<li>Directores: Juan Manuel Garc\u00eda Falc\u00f3n y Sonia Mar\u00eda Su\u00e1rez Ortega<\/li>\n<li>Universidad: Universidad de Las Palmas de Gran Canaria<\/li>\n<li>Facultad: Facultad de Ciencias Econ\u00f3micas y Empresariales<\/li>\n<li>Fecha: septiembre, 2003<\/li>\n<li><a href=\"https:\/\/accedacris.ulpgc.es\/handle\/10553\/62334\" target=\"_blank\" rel=\"noopener noreferrer\">Acceso al documento<\/a><\/li>\n<\/ul>\n<p style=\"text-align: justify;\"><strong>La formaci\u00f3n de la estrategia de selecci\u00f3n de mercados exteriores en el proceso de internacionalizaci\u00f3n de las empresas<\/strong><\/p>\n<ul style=\"text-align: justify;\">\n<li>Doctoranda: Galv\u00e1n S\u00e1nchez, Inmaculada<\/li>\n<li>Directores: Juan Manuel Garc\u00eda Falc\u00f3n y Sonia Mar\u00eda Su\u00e1rez Ortega<\/li>\n<li>Universidad: Universidad de Las Palmas de Gran Canaria<\/li>\n<li>Facultad: Facultad de Ciencias Econ\u00f3micas y Empresariales<\/li>\n<li>Fecha: septiembre, 2003<\/li>\n<li><a href=\"\/Users\/sonia\/Downloads\/0288298_00000_0000.pdf\" target=\"_blank\" rel=\"noopener noreferrer\">Acceso al documento<\/a><\/li>\n<\/ul>\n<p style=\"text-align: justify;\"><strong>La g\u00e9nesis y el desarrollo del cambio estrat\u00e9gico: un enfoque din\u00e1mico basado en el momentum organizativo<\/strong><\/p>\n<ul style=\"text-align: justify;\">\n<li>Doctoranda: Sosa Cabrera, Silvia<\/li>\n<li>Directores: Juan Manuel Garc\u00eda Falc\u00f3n y Antonia Mercedes Garc\u00eda Cabrera<\/li>\n<li>Universidad: Universidad de Las Palmas de Gran Canaria<\/li>\n<li>Facultad: Facultad de Ciencias Econ\u00f3micas y Empresariales<\/li>\n<li>Fecha: septiembre, 2003<\/li>\n<li><a href=\"https:\/\/www.eumed.net\/tesis-doctorales\/2006\/ssc\/index.htm\" target=\"_blank\" rel=\"noopener noreferrer\">Acceso al documento<\/a><\/li>\n<\/ul>\n<p style=\"text-align: justify;\"><strong>Los equipos multiculturales en la empresa multinacional: un modelo explicativo de sus resultados<\/strong><\/p>\n<ul style=\"text-align: justify;\">\n<li>Doctoranda: Medina Brito, Mar\u00eda del Pino<\/li>\n<li>Directores: Juan Manuel Garc\u00eda Falc\u00f3n y Antonia Mercedes Garc\u00eda Cabrera<\/li>\n<li>Universidad: Universidad de Las Palmas de Gran Canaria<\/li>\n<li>Facultad: Facultad de Ciencias Econ\u00f3micas y Empresariales<\/li>\n<li>Fecha: septiembre, 2003<\/li>\n<li><a href=\"https:\/\/www.eumed.net\/tesis-doctorales\/2006\/mpmb\/index.htm\" target=\"_blank\" rel=\"noopener noreferrer\">Acceso al documento<\/a><\/li>\n<\/ul>\n<p style=\"text-align: justify;\"><\/div><div class=\"nav fusion-mobile-tab-nav\"><ul class=\"nav-tabs\" role=\"tablist\"><li role=\"presentation\"><a class=\"tab-link\" data-toggle=\"tab\" role=\"tab\" aria-controls=\"tab-d6a0787a2ed9b57ef0a\" aria-selected=\"false\" tabindex=\"-1\" id=\"mobile-fusion-tab-tesisdirigidasi&amp;de-uniovi\" href=\"#tab-d6a0787a2ed9b57ef0a\"><h4 class=\"fusion-tab-heading\">Tesis dirigidas I&amp;DE-UNIOVI<\/h4><\/a><\/li><\/ul><\/div><div class=\"tab-pane fade fusion-clearfix\" role=\"tabpanel\" tabindex=\"0\" aria-labelledby=\"fusion-tab-tesisdirigidasi&amp;de-uniovi\" id=\"tab-d6a0787a2ed9b57ef0a\">\n<h2 style=\"text-align: justify;\">Tesis dirigidas I&amp;DE-UNIOVI<\/h2>\n<p style=\"text-align: justify;\"><strong>\u00abInfluencia del turismo emisor extranjero en la desestacionalizaci\u00f3n del sector tur\u00edstico: una aplicaci\u00f3n al caso de la Espa\u00f1a Verde\u00bb<\/strong><\/p>\n<ul style=\"text-align: justify;\">\n<li>Doctoranda Vanina Edith Posada Casares.<\/li>\n<li>Directores: Marta M. Vidal S\u00faarez y Cristina L\u00f3pez Duarte<\/li>\n<li>En desarrollo<\/li>\n<\/ul>\n<p style=\"text-align: justify;\"><strong>\u00abIntegraci\u00f3n de los Objetivos de Desarrollo Sostenible en la estrategia corporativa de las empresas cotizadas\u00bb<\/strong><\/p>\n<ul style=\"text-align: justify;\">\n<li>Doctorando: El\u00edas Domingo Posada<\/li>\n<li>Directores: Marta M. Vidal S\u00faarez y Pilar Gonz\u00e1lez Torre<\/li>\n<li>En desarrollo<\/li>\n<\/ul>\n<p style=\"text-align: justify;\"><\/div><\/div><\/div><\/div><\/div><\/div><\/div><\/p>\n","protected":false},"excerpt":{"rendered":"","protected":false},"author":1,"featured_media":0,"parent":0,"menu_order":0,"comment_status":"closed","ping_status":"closed","template":"","meta":[],"_links":{"self":[{"href":"https:\/\/eni.ulpgc.es\/index.php\/wp-json\/wp\/v2\/pages\/3840"}],"collection":[{"href":"https:\/\/eni.ulpgc.es\/index.php\/wp-json\/wp\/v2\/pages"}],"about":[{"href":"https:\/\/eni.ulpgc.es\/index.php\/wp-json\/wp\/v2\/types\/page"}],"author":[{"embeddable":true,"href":"https:\/\/eni.ulpgc.es\/index.php\/wp-json\/wp\/v2\/users\/1"}],"replies":[{"embeddable":true,"href":"https:\/\/eni.ulpgc.es\/index.php\/wp-json\/wp\/v2\/comments?post=3840"}],"version-history":[{"count":15,"href":"https:\/\/eni.ulpgc.es\/index.php\/wp-json\/wp\/v2\/pages\/3840\/revisions"}],"predecessor-version":[{"id":4235,"href":"https:\/\/eni.ulpgc.es\/index.php\/wp-json\/wp\/v2\/pages\/3840\/revisions\/4235"}],"wp:attachment":[{"href":"https:\/\/eni.ulpgc.es\/index.php\/wp-json\/wp\/v2\/media?parent=3840"}],"curies":[{"name":"wp","href":"https:\/\/api.w.org\/{rel}","templated":true}]}}