{"id":3831,"date":"2020-12-10T13:02:51","date_gmt":"2020-12-10T13:02:51","guid":{"rendered":"https:\/\/eni.ulpgc.es\/?page_id=3831"},"modified":"2022-09-19T16:56:07","modified_gmt":"2022-09-19T16:56:07","slug":"practicas-en-el-grupo","status":"publish","type":"page","link":"https:\/\/eni.ulpgc.es\/index.php\/practicas-en-el-grupo\/","title":{"rendered":"Pr\u00e1cticas en el grupo"},"content":{"rendered":"<p style=\"text-align: justify;\"><div class=\"fusion-fullwidth fullwidth-box fusion-builder-row-1 fusion-flex-container nonhundred-percent-fullwidth non-hundred-percent-height-scrolling\" style=\"--awb-border-radius-top-left:0px;--awb-border-radius-top-right:0px;--awb-border-radius-bottom-right:0px;--awb-border-radius-bottom-left:0px;\" ><div class=\"fusion-builder-row fusion-row fusion-flex-align-items-flex-start\" style=\"max-width:1497.6px;margin-left: calc(-4% \/ 2 );margin-right: calc(-4% \/ 2 );\"><div class=\"fusion-layout-column fusion_builder_column fusion-builder-column-0 fusion_builder_column_1_1 1_1 fusion-flex-column\" style=\"--awb-bg-size:cover;--awb-width-large:100%;--awb-margin-top-large:0px;--awb-spacing-right-large:1.92%;--awb-margin-bottom-large:20px;--awb-spacing-left-large:1.92%;--awb-width-medium:100%;--awb-order-medium:0;--awb-spacing-right-medium:1.92%;--awb-spacing-left-medium:1.92%;--awb-width-small:100%;--awb-order-small:0;--awb-spacing-right-small:1.92%;--awb-spacing-left-small:1.92%;\"><div class=\"fusion-column-wrapper fusion-column-has-shadow fusion-flex-justify-content-flex-start fusion-content-layout-column\"><div class=\"fusion-title title fusion-title-1 fusion-sep-none fusion-title-text fusion-title-size-one\" style=\"--awb-margin-bottom:2px;\"><h1 class=\"title-heading-left\" style=\"margin:0;\"><p style=\"text-align: justify;\">Pr\u00e1cticas en el grupo<\/p>\n<p style=\"text-align: justify;\"><\/h1><\/div><div class=\"fusion-separator fusion-full-width-sep\" style=\"align-self: center;margin-left: auto;margin-right: auto;width:100%;\"><div class=\"fusion-separator-border sep-single\" style=\"--awb-height:20px;--awb-amount:20px;border-color:#ffa100;border-top-width:4px;\"><\/div><\/div><\/div><\/div><\/div><\/div><div class=\"fusion-fullwidth fullwidth-box fusion-builder-row-2 fusion-flex-container nonhundred-percent-fullwidth non-hundred-percent-height-scrolling\" style=\"--awb-border-radius-top-left:0px;--awb-border-radius-top-right:0px;--awb-border-radius-bottom-right:0px;--awb-border-radius-bottom-left:0px;\" ><div class=\"fusion-builder-row fusion-row fusion-flex-align-items-flex-start\" style=\"max-width:1497.6px;margin-left: calc(-4% \/ 2 );margin-right: calc(-4% \/ 2 );\"><div class=\"fusion-layout-column fusion_builder_column fusion-builder-column-1 fusion_builder_column_1_1 1_1 fusion-flex-column\" style=\"--awb-bg-size:cover;--awb-width-large:100%;--awb-margin-top-large:0px;--awb-spacing-right-large:1.92%;--awb-margin-bottom-large:20px;--awb-spacing-left-large:1.92%;--awb-width-medium:100%;--awb-order-medium:0;--awb-spacing-right-medium:1.92%;--awb-spacing-left-medium:1.92%;--awb-width-small:100%;--awb-order-small:0;--awb-spacing-right-small:1.92%;--awb-spacing-left-small:1.92%;\"><div class=\"fusion-column-wrapper fusion-column-has-shadow fusion-flex-justify-content-flex-start fusion-content-layout-column\"><div class=\"fusion-tabs fusion-tabs-1 classic vertical-tabs icon-position-left mobile-mode-accordion\" style=\"--awb-title-border-radius-top-left:0px;--awb-title-border-radius-top-right:0px;--awb-title-border-radius-bottom-right:0px;--awb-title-border-radius-bottom-left:0px;--awb-inactive-color:#f6f6f6;--awb-background-color:#ffffff;--awb-border-color:#e2e2e2;--awb-active-border-color:#0066a1;\"><div class=\"nav\"><ul class=\"nav-tabs\" role=\"tablist\"><li class=\"active\" role=\"presentation\"><a class=\"tab-link\" data-toggle=\"tab\" role=\"tab\" aria-controls=\"tab-e970dbcf21d0041c5e4\" aria-selected=\"true\" id=\"fusion-tab-ofertasdepr\u00e1cticas\" href=\"#tab-e970dbcf21d0041c5e4\"><h4 class=\"fusion-tab-heading\">Ofertas de pr\u00e1cticas<\/h4><\/a><\/li><li role=\"presentation\"><a class=\"tab-link\" data-toggle=\"tab\" role=\"tab\" aria-controls=\"tab-262a0f7148dbe87a218\" aria-selected=\"false\" tabindex=\"-1\" id=\"fusion-tab-pr\u00e1cticastuteladas\" href=\"#tab-262a0f7148dbe87a218\"><h4 class=\"fusion-tab-heading\">Pr\u00e1cticas tuteladas<\/h4><\/a><\/li><\/ul><\/div><div class=\"tab-content\"><div class=\"nav fusion-mobile-tab-nav\"><ul class=\"nav-tabs\" role=\"tablist\"><li class=\"active\" role=\"presentation\"><a class=\"tab-link\" data-toggle=\"tab\" role=\"tab\" aria-controls=\"tab-e970dbcf21d0041c5e4\" aria-selected=\"true\" id=\"mobile-fusion-tab-ofertasdepr\u00e1cticas\" href=\"#tab-e970dbcf21d0041c5e4\"><h4 class=\"fusion-tab-heading\">Ofertas de pr\u00e1cticas<\/h4><\/a><\/li><\/ul><\/div><div class=\"tab-pane fade fusion-clearfix in active\" role=\"tabpanel\" tabindex=\"0\" aria-labelledby=\"fusion-tab-ofertasdepr\u00e1cticas\" id=\"tab-e970dbcf21d0041c5e4\">\n<h2 style=\"text-align: justify;\">Datos de la entidad colaboradora y tutor externo:<\/h2>\n<p style=\"text-align: justify;\"><strong>Entidad colaboradora:<\/strong> Grupo de Investigaci\u00f3n Estrategia y Negocios Internacionales (Universidad de Las Palmas de Gran Canaria)<br \/>\n<strong>Centro de trabajo:<\/strong> Facultad de Econom\u00eda, Empresa y Turismo (M\u00f3dulo C-3\u00aa planta)<br \/>\n<strong>Tutor externo:<\/strong> Antonia Mercedes Garc\u00eda Cabrera (Coordinadora del grupo de investigaci\u00f3n)<br \/>\n<strong>Contacto:<\/strong> <a href=\"mailto:antonia.garcia@ulpgc.es\" target=\"_blank\" rel=\"noopener noreferrer\">antonia.garcia@ulpgc.es<\/a> (tfl. 928458141)<\/p>\n<h2 style=\"text-align: justify;\">Descripci\u00f3n:<\/h2>\n<p style=\"text-align: justify;\">Incorporarse al grupo de investigaci\u00f3n Estrategia y Negocios Internacionales para participar en el desarrollo de actividades de gesti\u00f3n del grupo, as\u00ed como participar en el desarrollo de las l\u00edneas de investigaci\u00f3n en las que trabaja el grupo y en las actividades de divulgaci\u00f3n que se realicen. Como parte de la pr\u00e1ctica, el estudiante podr\u00e1 redactar rese\u00f1as y\/o art\u00edculos orientados a su publicaci\u00f3n en la revista cient\u00edfico-divulgativa Emprendimiento y Negocios internacionales, coordinada por el grupo de investigaci\u00f3n, as\u00ed como establecer las bases para la realizaci\u00f3n de su Trabajo Fin de Titulo.<\/p>\n<h2 style=\"text-align: justify;\">N\u00famero de plazas ofertadas:<\/h2>\n<p style=\"text-align: justify;\">Titulaci\u00f3n de Doble Grado ADE-Derecho: 2<br \/>\nTitulaci\u00f3n de Doble Grado Inform\u00e1tica-ADE: 2<br \/>\nGrado en ADE: 3<br \/>\nGrado en Turismo: 1<\/p>\n<h2 style=\"text-align: justify;\">Tareas a realizar:<\/h2>\n<p style=\"text-align: justify;\">1. Actividades de gesti\u00f3n<\/p>\n<ul style=\"text-align: justify;\">\n<li>Tareas propias del departamento de administraci\u00f3n: control econ\u00f3mico y presupuestaria de los recursos econ\u00f3micos del grupo de investigaci\u00f3n.<\/li>\n<li>Gesti\u00f3n de pagos.<\/li>\n<li>Gesti\u00f3n de proveedores y de pagos en las compras realizadas desde el grupo de investigaci\u00f3n.<\/li>\n<li>Participaci\u00f3n en redacci\u00f3n de justificaci\u00f3n de subvenciones y ayudas recibidas en el grupo y memorias de resultados.<\/li>\n<li>Dinamizaci\u00f3n y mejora de la presencia del grupo de investigaci\u00f3n en redes sociales.<\/li>\n<li>Participar\/colaborar en la mejora de las herramientas TIC utilizadas para la divulgaci\u00f3n de la actividad del grupo de investigaci\u00f3n tales como colaborar en supervisi\u00f3n y chequeo de la funcionalidad de la p\u00e1gina web, colaborar en su actualizaci\u00f3n (s\u00f3lo estudiantes Doble Grado Inform\u00e1tica-ADE-).<\/li>\n<\/ul>\n<p style=\"text-align: justify;\">2. Actividades de iniciaci\u00f3n a la investigaci\u00f3n<\/p>\n<ul style=\"text-align: justify;\">\n<li>Acceso y an\u00e1lisis de documentos cient\u00edfico-divulgativos publicados por el grupo de investigaci\u00f3n sobre empresas de base tecnol\u00f3gica.<\/li>\n<li>Participaci\u00f3n en reuniones del grupo de investigaci\u00f3n para conocer las l\u00edneas desarrollados.<\/li>\n<li>Acceso y an\u00e1lisis de solicitud de ayudas a la realizaci\u00f3n de proyectos de investigaci\u00f3n sobre empresas de base tecnol\u00f3gica presentadas por el grupo.<\/li>\n<\/ul>\n<p style=\"text-align: justify;\">3. Actividades de investigaci\u00f3n<\/p>\n<ul style=\"text-align: justify;\">\n<li>B\u00fasquedas y an\u00e1lisis bibliogr\u00e1fico<\/li>\n<li>Identificaci\u00f3n de fuentes de informaci\u00f3n y obtenci\u00f3n de datos para llevar a cabo investigaciones.<\/li>\n<li>Gesti\u00f3n y actualizaci\u00f3n de bases de datos.<\/li>\n<li>Participaci\u00f3n en desarrollo de investigaciones emp\u00edricas y an\u00e1lisis cuantitativo de datos llevados a cabo en el grupo de investigaci\u00f3n.<\/li>\n<\/ul>\n<p style=\"text-align: justify;\">4. Redacci\u00f3n de documentos cient\u00edfico-divulgativos y env\u00edo a publicaci\u00f3n<\/p>\n<ul style=\"text-align: justify;\">\n<li>Elaboraci\u00f3n de al menos una rese\u00f1a de un libro\/manual publicado sobre las l\u00edneas de investigaci\u00f3n del grupo (ej. negocios internacionales, emprendimiento, empresas de base tecnol\u00f3gica, etc.).<\/li>\n<li>Redacci\u00f3n de art\u00edculo cient\u00edfico-divulgativo basado en las conclusiones derivadas de la participaci\u00f3n en las actividades de investigaci\u00f3n mencionadas en el apartado anterior.<\/li>\n<li>Seguir la gu\u00eda de autores, dar formato al trabajo y remisi\u00f3n para su consideraci\u00f3n en la revista de divulgaci\u00f3n cient\u00edfica Emprendimiento y Negocios Internacionales.<\/li>\n<\/ul>\n<p style=\"text-align: justify;\">5. Actividades de divulgaci\u00f3n de la investigaci\u00f3n<\/p>\n<ul style=\"text-align: justify;\">\n<li>\u00a0Colaboraci\u00f3n en el dise\u00f1o, organizaci\u00f3n y celebraci\u00f3n de eventos (ciclo de conferencias, jornadas, etc.).<\/li>\n<li>Colaboraci\u00f3n en elaboraci\u00f3n de material promocional.<\/li>\n<\/ul>\n<p style=\"text-align: justify;\"><\/div><div class=\"nav fusion-mobile-tab-nav\"><ul class=\"nav-tabs\" role=\"tablist\"><li role=\"presentation\"><a class=\"tab-link\" data-toggle=\"tab\" role=\"tab\" aria-controls=\"tab-262a0f7148dbe87a218\" aria-selected=\"false\" tabindex=\"-1\" id=\"mobile-fusion-tab-pr\u00e1cticastuteladas\" href=\"#tab-262a0f7148dbe87a218\"><h4 class=\"fusion-tab-heading\">Pr\u00e1cticas tuteladas<\/h4><\/a><\/li><\/ul><\/div><div class=\"tab-pane fade fusion-clearfix\" role=\"tabpanel\" tabindex=\"0\" aria-labelledby=\"fusion-tab-pr\u00e1cticastuteladas\" id=\"tab-262a0f7148dbe87a218\">\n<h2 style=\"text-align: justify;\">Trayectoria en tutela externa de pr\u00e1cticas:<\/h2>\n<p style=\"text-align: justify;\">Curso 2021-22: 1 estudiante (Grado en ADE, ULPGC, Espa\u00f1a)<br \/>\nCurso 2020-21: 2 estudiantes (Sup Bellavue Assomption Lyon, Francia)<br \/>\nCurso 2019-20: 3 estudiantes (Doble Grado Inform\u00e1tica-ADE, ULPGC, Espa\u00f1a)<br \/>\nCurso 2018-19: 1 estudiante (Doble Grado ADE-Derecho, ULPGC, Espa\u00f1a)<br \/>\nCurso 2017-18: 3 estudiantes (Grado en ADE, ULPGC, Espa\u00f1a)<br \/>\nCurso 2016-17: 1 estudiante (Grado en ADE, ULPGC, Espa\u00f1a)<\/p>\n<h2 style=\"text-align: justify;\">Actividades realizadas por estudiantes en pr\u00e1cticas externas:<\/h2>\n<h3 style=\"text-align: justify;\">Curso 2021-22<\/h3>\n<p style=\"text-align: justify;\">1. Inmersi\u00f3n en l\u00ednea de investigaci\u00f3n sobre ciencias abierta en emprendimiento internacional a partir de la lectura de trabajos realizados en el grupo de investigaci\u00f3n.<br \/>\n2. Realizar b\u00fasqueda bibliogr\u00e1fica sobre art\u00edculos relacionados con las ventajas, riesgos, barreras de la ciencia abierta para la investigaci\u00f3n en emprendimiento internacional y alternativas.<br \/>\n3. Colaboraci\u00f3n en an\u00e1lisis cualitativo y cuantitativo de la base de datos sobre ciencia abierta disponible en el grupo de investigaci\u00f3n.<br \/>\n4. Colaboraci\u00f3n en la edici\u00f3n de documentos e informes sobre g\u00e9nero y negocios internacionales.<br \/>\n5. Preparaci\u00f3n de documentos divulgativos a partir de los hallazgos de la investigaci\u00f3n sobre g\u00e9nero y negocios internacionales.<br \/>\n6. Elaboraci\u00f3n, a partir de las pr\u00e1cticas realizadas, del Trabajo fin de Grado sobre el papel de la mujer en la empresa en Europa.<\/p>\n<h3 style=\"text-align: justify;\">Curso 2020-21<\/h3>\n<p style=\"text-align: justify;\">1. Preparaci\u00f3n de formularios de recogida de informaci\u00f3n en Google Form en diferentes idiomas (espa\u00f1ol, franc\u00e9s, ingl\u00e9s).<br \/>\n2. Participaci\u00f3n en dise\u00f1o y gesti\u00f3n de campa\u00f1as de recogida de informaci\u00f3n b\u00e1sica para la investigaci\u00f3n a trav\u00e9s de MailChimp.<br \/>\n3. Identificaci\u00f3n de investigadores l\u00edderes en el \u00e1mbito del emprendimiento internacional y confecci\u00f3n de base de datos con informaci\u00f3n de afiliaci\u00f3n y contacto de los mismos.<br \/>\n4. Acceso y uso de la base de datos SABI para recabar informaci\u00f3n de empresas asentadas en Canarias que llevan a cabo actividades internacionales.<br \/>\n5. Identificaci\u00f3n de espacios coworking localizados en Francia y en pa\u00edses africanos de habla francesa, y confecci\u00f3n de bases de datos con la informaci\u00f3n de contacto de los mismos.<br \/>\n6. Preparaci\u00f3n de campa\u00f1as de recogida de informaci\u00f3n sobre establecimiento en espacios coworking y actividades de internacionalizaci\u00f3n empresarial en franc\u00e9s (redacci\u00f3n de cartas de invitaci\u00f3n, cuestionarios, etc.).<\/p>\n<h3 style=\"text-align: justify;\">Curso 2019-20<\/h3>\n<p style=\"text-align: justify;\">1. Elaboraci\u00f3n y publicaci\u00f3n de rese\u00f1a del libro de car\u00e1cter empresarial.<br \/>\n2. Construcci\u00f3n de base de datos del ecosistema canario de I+D+i y elaboraci\u00f3n posterior de art\u00edculo sobre actores identificados en dicho sistema: aceleradoras, viveros de empresas, servicios de mentoring, plataformas de crowfunding, empresas de capital riesgo, centros de investigaci\u00f3n y entes p\u00fablicos de apoyo al emprendimiento de base tecnol\u00f3gica.<br \/>\n3. Buscar, analizar y utilizar herramientas de miner\u00eda de datos (KeyHole y Awario) sobre hashtags en redes sociales relacionados con las l\u00edneas de investigaci\u00f3n.<br \/>\n4. Construcci\u00f3n de base de datos y elaboraci\u00f3n posterior de art\u00edculo sobre empresas instaladas en los parques cient\u00edficos espa\u00f1oles y su desarrollo de actividades de investigaci\u00f3n y productivas para contribuir a atender las necesidades surgidas por la pandemia provocada por la COVID-19.<\/p>\n<h3 style=\"text-align: justify;\">Curso 2018-19<\/h3>\n<p style=\"text-align: justify;\">1. Colaboraci\u00f3n en construcci\u00f3n de base de datos sobre la competitividad internacional de la empresa tur\u00edstica en Espa\u00f1a con remisi\u00f3n de cuestionarios a expertos adscritos a la Organizaci\u00f3n Mundial del Turismo (OMT).<br \/>\n2. Participaci\u00f3n en las sesiones de trabajo de los investigadores del grupo ENI en la aplicaci\u00f3n de metodolog\u00eda de Triangulaci\u00f3n de investigadores, analizando y sistematizando las aportaciones cualitativas realizadas por expertos de la OMT.<br \/>\n3. Colaboraci\u00f3n en preparaci\u00f3n de presentaciones a realizar en el VI Foro Internacional de Turismo de Maspalomas.<\/p>\n<h3 style=\"text-align: justify;\">Curso 2017-18<\/h3>\n<p style=\"text-align: justify;\">1. Realizar b\u00fasqueda bibliogr\u00e1fica sobre art\u00edculos que sobre la \u201cEconom\u00eda Azul\u201d, relacionados con el campo de la empresa y con las l\u00edneas de investigaci\u00f3n del grupo ENI, y extraer una relaci\u00f3n de l\u00edneas de investigaci\u00f3n de inter\u00e9s.<br \/>\n2. Analizar la relaci\u00f3n de art\u00edculos disponibles en el grupo ENI sobre inmigrantes emprendedores y extraer de ellos definiciones de la estrategia enclave, variables y metodolog\u00edas cuantitativas y cualitativas para medir tal estrategia.<br \/>\n3. Asistencia a actividades de inter\u00e9s para el desarrollo de la actividad investigadora, entre ellas:<\/p>\n<ul style=\"text-align: justify;\">\n<li>Visita y asistencia a coloquio en el Instituto Universitario de Ciencias y Tecnolog\u00eda Cibern\u00e9tica, al que est\u00e1 adscrito el grupo ENI, con presidente del gobierno de Canarias y el Rector de la ULPGC.<\/li>\n<li>\u00a0IV Jornadas de Innovaci\u00f3n Docente del DEDE \u201cmanteniendo la ilusi\u00f3n\u201d, con participaci\u00f3n del grupo ENI.<\/li>\n<li>Seminario \u201cInnovations in Academia applied to the area of Management: Teaching and research trends\u201d, con participaci\u00f3n del grupo ENI.<\/li>\n<li>\u00a0\u201cForo econ\u00f3mico internacional: Perspectivas de crecimiento econ\u00f3mico en \u00c1frica occidental\u201d organizado por el grupo ENI en Casa \u00c1frica.<\/li>\n<\/ul>\n<p style=\"text-align: justify;\">4. Crear una p\u00e1gina de Facebook y dinamizar en ella la revista divulgativa Emprendimiento y Negocios Internacionales.<\/p>\n<p style=\"text-align: justify;\">5. Participar en dise\u00f1o y de investigaci\u00f3n sobre espacios coworking que, finalmente, dio lugar al Trabajo Fin de Grado sobre los espacios coworking y su apoyo al emprendimiento en Canarias.<\/p>\n<h3 style=\"text-align: justify;\">Curso 2016-17<\/h3>\n<p style=\"text-align: justify;\">1. Actualizaci\u00f3n de la base de datos existente en el grupo ENI sobre empresas de base tecnol\u00f3gica espa\u00f1olas y trayectoria de internacionalizaci\u00f3n y supervivencia.<br \/>\n2. Colaboraci\u00f3n en an\u00e1lisis cuantitativo de la base de datos sobre empresas de base tecnol\u00f3gica haciendo uso del paquete estad\u00edstico SPSS.<br \/>\n3. Elaboraci\u00f3n, a partir de las pr\u00e1cticas realizadas, del Trabajo fin de Grado sobre causas del fracaso de las empresas de base tecnol\u00f3gica espa\u00f1olas fundadas entre 2000 y 2009.<\/p>\n<p style=\"text-align: justify;\"><\/div><\/div><\/div><\/div><\/div><\/div><\/div><\/p>\n","protected":false},"excerpt":{"rendered":"","protected":false},"author":1,"featured_media":0,"parent":0,"menu_order":0,"comment_status":"closed","ping_status":"closed","template":"","meta":[],"_links":{"self":[{"href":"https:\/\/eni.ulpgc.es\/index.php\/wp-json\/wp\/v2\/pages\/3831"}],"collection":[{"href":"https:\/\/eni.ulpgc.es\/index.php\/wp-json\/wp\/v2\/pages"}],"about":[{"href":"https:\/\/eni.ulpgc.es\/index.php\/wp-json\/wp\/v2\/types\/page"}],"author":[{"embeddable":true,"href":"https:\/\/eni.ulpgc.es\/index.php\/wp-json\/wp\/v2\/users\/1"}],"replies":[{"embeddable":true,"href":"https:\/\/eni.ulpgc.es\/index.php\/wp-json\/wp\/v2\/comments?post=3831"}],"version-history":[{"count":11,"href":"https:\/\/eni.ulpgc.es\/index.php\/wp-json\/wp\/v2\/pages\/3831\/revisions"}],"predecessor-version":[{"id":4359,"href":"https:\/\/eni.ulpgc.es\/index.php\/wp-json\/wp\/v2\/pages\/3831\/revisions\/4359"}],"wp:attachment":[{"href":"https:\/\/eni.ulpgc.es\/index.php\/wp-json\/wp\/v2\/media?parent=3831"}],"curies":[{"name":"wp","href":"https:\/\/api.w.org\/{rel}","templated":true}]}}