{"id":3773,"date":"2020-12-10T11:40:59","date_gmt":"2020-12-10T11:40:59","guid":{"rendered":"https:\/\/eni.ulpgc.es\/?page_id=3773"},"modified":"2024-02-27T16:48:47","modified_gmt":"2024-02-27T16:48:47","slug":"trabajos-fin-de-master","status":"publish","type":"page","link":"https:\/\/eni.ulpgc.es\/index.php\/trabajos-fin-de-master\/","title":{"rendered":"Trabajos Fin de M\u00e1ster"},"content":{"rendered":"<p style=\"text-align: justify;\"><div class=\"fusion-fullwidth fullwidth-box fusion-builder-row-1 fusion-flex-container nonhundred-percent-fullwidth non-hundred-percent-height-scrolling\" style=\"--awb-border-radius-top-left:0px;--awb-border-radius-top-right:0px;--awb-border-radius-bottom-right:0px;--awb-border-radius-bottom-left:0px;\" ><div class=\"fusion-builder-row fusion-row fusion-flex-align-items-flex-start\" style=\"max-width:1497.6px;margin-left: calc(-4% \/ 2 );margin-right: calc(-4% \/ 2 );\"><div class=\"fusion-layout-column fusion_builder_column fusion-builder-column-0 fusion_builder_column_1_1 1_1 fusion-flex-column\" style=\"--awb-bg-size:cover;--awb-width-large:100%;--awb-margin-top-large:0px;--awb-spacing-right-large:1.92%;--awb-margin-bottom-large:20px;--awb-spacing-left-large:1.92%;--awb-width-medium:100%;--awb-order-medium:0;--awb-spacing-right-medium:1.92%;--awb-spacing-left-medium:1.92%;--awb-width-small:100%;--awb-order-small:0;--awb-spacing-right-small:1.92%;--awb-spacing-left-small:1.92%;\"><div class=\"fusion-column-wrapper fusion-column-has-shadow fusion-flex-justify-content-flex-start fusion-content-layout-column\"><div class=\"fusion-title title fusion-title-1 fusion-sep-none fusion-title-text fusion-title-size-one\" style=\"--awb-margin-bottom:2px;\"><h1 class=\"title-heading-left\" style=\"margin:0;\"><p style=\"text-align: justify;\">Trabajos Fin de M\u00e1ster<\/p>\n<p style=\"text-align: justify;\"><\/h1><\/div><div class=\"fusion-separator fusion-full-width-sep\" style=\"align-self: center;margin-left: auto;margin-right: auto;width:100%;\"><div class=\"fusion-separator-border sep-single\" style=\"--awb-height:20px;--awb-amount:20px;border-color:#ffa100;border-top-width:4px;\"><\/div><\/div><\/div><\/div><\/div><\/div><div class=\"fusion-fullwidth fullwidth-box fusion-builder-row-2 fusion-flex-container nonhundred-percent-fullwidth non-hundred-percent-height-scrolling\" style=\"--awb-border-radius-top-left:0px;--awb-border-radius-top-right:0px;--awb-border-radius-bottom-right:0px;--awb-border-radius-bottom-left:0px;\" ><div class=\"fusion-builder-row fusion-row fusion-flex-align-items-flex-start\" style=\"max-width:1497.6px;margin-left: calc(-4% \/ 2 );margin-right: calc(-4% \/ 2 );\"><div class=\"fusion-layout-column fusion_builder_column fusion-builder-column-1 fusion_builder_column_1_1 1_1 fusion-flex-column\" style=\"--awb-bg-size:cover;--awb-width-large:100%;--awb-margin-top-large:0px;--awb-spacing-right-large:1.92%;--awb-margin-bottom-large:20px;--awb-spacing-left-large:1.92%;--awb-width-medium:100%;--awb-order-medium:0;--awb-spacing-right-medium:1.92%;--awb-spacing-left-medium:1.92%;--awb-width-small:100%;--awb-order-small:0;--awb-spacing-right-small:1.92%;--awb-spacing-left-small:1.92%;\"><div class=\"fusion-column-wrapper fusion-column-has-shadow fusion-flex-justify-content-flex-start fusion-content-layout-column\"><div class=\"fusion-tabs fusion-tabs-1 classic vertical-tabs icon-position-left mobile-mode-accordion\" style=\"--awb-title-border-radius-top-left:0px;--awb-title-border-radius-top-right:0px;--awb-title-border-radius-bottom-right:0px;--awb-title-border-radius-bottom-left:0px;--awb-inactive-color:#f6f6f6;--awb-background-color:#ffffff;--awb-border-color:#e2e2e2;--awb-active-border-color:#0066a1;\"><div class=\"nav\"><ul class=\"nav-tabs\" role=\"tablist\"><li class=\"active\" role=\"presentation\"><a class=\"tab-link\" data-toggle=\"tab\" role=\"tab\" aria-controls=\"tab-9f44bac9caaa12167d2\" aria-selected=\"true\" id=\"fusion-tab-ofertasdel\u00edneasdetrabajoeni-ulpgc\" href=\"#tab-9f44bac9caaa12167d2\"><h4 class=\"fusion-tab-heading\">Ofertas de l\u00edneas de trabajo ENI-ULPGC<\/h4><\/a><\/li><li role=\"presentation\"><a class=\"tab-link\" data-toggle=\"tab\" role=\"tab\" aria-controls=\"tab-246bbcd0af93292f94b\" aria-selected=\"false\" tabindex=\"-1\" id=\"fusion-tab-ofertasdel\u00edneasdetrabajoi&amp;de-uniovi\" href=\"#tab-246bbcd0af93292f94b\"><h4 class=\"fusion-tab-heading\">Ofertas de l\u00edneas de trabajo I&amp;DE-UNIOVI<\/h4><\/a><\/li><li role=\"presentation\"><a class=\"tab-link\" data-toggle=\"tab\" role=\"tab\" aria-controls=\"tab-d15d2b7d47ed53149d6\" aria-selected=\"false\" tabindex=\"-1\" id=\"fusion-tab-tutorizadoseni-ulpgc\" href=\"#tab-d15d2b7d47ed53149d6\"><h4 class=\"fusion-tab-heading\">Tutorizados ENI-ULPGC<\/h4><\/a><\/li><li role=\"presentation\"><a class=\"tab-link\" data-toggle=\"tab\" role=\"tab\" aria-controls=\"tab-e1a27fa64b635de2ebf\" aria-selected=\"false\" tabindex=\"-1\" id=\"fusion-tab-tutorizadosi&amp;de-uniovi\" href=\"#tab-e1a27fa64b635de2ebf\"><h4 class=\"fusion-tab-heading\">Tutorizados I&amp;DE-UNIOVI<\/h4><\/a><\/li><\/ul><\/div><div class=\"tab-content\"><div class=\"nav fusion-mobile-tab-nav\"><ul class=\"nav-tabs\" role=\"tablist\"><li class=\"active\" role=\"presentation\"><a class=\"tab-link\" data-toggle=\"tab\" role=\"tab\" aria-controls=\"tab-9f44bac9caaa12167d2\" aria-selected=\"true\" id=\"mobile-fusion-tab-ofertasdel\u00edneasdetrabajoeni-ulpgc\" href=\"#tab-9f44bac9caaa12167d2\"><h4 class=\"fusion-tab-heading\">Ofertas de l\u00edneas de trabajo ENI-ULPGC<\/h4><\/a><\/li><\/ul><\/div><div class=\"tab-pane fade fusion-clearfix in active\" role=\"tabpanel\" tabindex=\"0\" aria-labelledby=\"fusion-tab-ofertasdel\u00edneasdetrabajoeni-ulpgc\" id=\"tab-9f44bac9caaa12167d2\">\n<h2 style=\"text-align: justify;\">Ofertas de l\u00edneas de trabajo ENI-ULPGC<\/h2>\n<ol style=\"text-align: justify;\">\n<li>Nuevas tendencias estrat\u00e9gicas en sectores emergentes (ej.: econom\u00eda azul, turismo responsable, econom\u00eda social, etc.).<\/li>\n<li>Determinantes contextuales de las decisiones estrat\u00e9gicas relativas al emprendimiento internacional y sus resultados: los espacios coworking.<\/li>\n<li>Determinantes contextuales de las decisiones estrat\u00e9gicas relativas al emprendimiento internacional y sus resultados: la distancia institucional.<\/li>\n<li>Determinantes empresariales de las decisiones estrat\u00e9gicas relativas al emprendimiento internacional y sus resultados: el uso de metodolog\u00edas \u00e1giles.<\/li>\n<li>Determinantes empresariales de las decisiones estrat\u00e9gicas relativas al emprendimiento internacional y sus resultados: la orientaci\u00f3n emprendedora.<\/li>\n<li>Determinantes empresariales de las decisiones estrat\u00e9gicas relativas al emprendimiento internacional y sus resultados: procesos de aprendizaje institucional y adaptaci\u00f3n a las singularidades de los pa\u00edses de destino de la inversi\u00f3n.<\/li>\n<li>Determinantes empresariales de las decisiones estrat\u00e9gicas relativas al emprendimiento internacional y sus resultados: el compromiso con la responsabilidad social empresarial.<\/li>\n<li>Compromiso empresarial con la sostenibilidad, los Derechos Humanos o la I+D+i.<\/li>\n<li>Determinantes individuales de las decisiones estrat\u00e9gicas relativas al emprendimiento internacional y sus resultados: el g\u00e9nero del emprendedor.<\/li>\n<li>Determinantes individuales de las decisiones estrat\u00e9gicas relativas al emprendimiento internacional y sus resultados: el origen nacional del emprendedor y el pa\u00eds escogido para emprender (inmigrantes vs. locales).<\/li>\n<li>Determinantes individuales las decisiones estrat\u00e9gicas relativas al emprendimiento internacional y sus resultados: las cualidades emocionales del equipo emprendedor.<\/li>\n<li>Emprendimiento de base tecnol\u00f3gica, transformaci\u00f3n digital e internacionalizaci\u00f3n temprana.<\/li>\n<li>Desglobalizaci\u00f3n y reglobalizaci\u00f3n: nuevos contextos para operar en el \u00e1mbito de los negocios internacionales.<\/li>\n<li>Experiencias reales de aprendizaje-servicio en el \u00e1mbito de la Direcci\u00f3n de Empresas.<\/li>\n<\/ol>\n<p style=\"text-align: justify;\"><\/div><div class=\"nav fusion-mobile-tab-nav\"><ul class=\"nav-tabs\" role=\"tablist\"><li role=\"presentation\"><a class=\"tab-link\" data-toggle=\"tab\" role=\"tab\" aria-controls=\"tab-246bbcd0af93292f94b\" aria-selected=\"false\" tabindex=\"-1\" id=\"mobile-fusion-tab-ofertasdel\u00edneasdetrabajoi&amp;de-uniovi\" href=\"#tab-246bbcd0af93292f94b\"><h4 class=\"fusion-tab-heading\">Ofertas de l\u00edneas de trabajo I&amp;DE-UNIOVI<\/h4><\/a><\/li><\/ul><\/div><div class=\"tab-pane fade fusion-clearfix\" role=\"tabpanel\" tabindex=\"0\" aria-labelledby=\"fusion-tab-ofertasdel\u00edneasdetrabajoi&amp;de-uniovi\" id=\"tab-246bbcd0af93292f94b\">\n<h2 style=\"text-align: justify;\">Ofertas de l\u00edneas de trabajo I&amp;DE-UNIOVI<\/h2>\n<ol style=\"text-align: justify;\">\n<li>El papel de la ayuda oficial al desarrollo espa\u00f1ola en el logro de los Objeticos de Desarrollo Sostenible.<\/li>\n<li>La Agencia Espa\u00f1ola de Cooperaci\u00f3n Internacional al Desarrollo: estudio de la evoluci\u00f3n de su actividad y proyectos.<\/li>\n<li>La internacionalizaci\u00f3n de las empresas espa\u00f1olas a trav\u00e9s de los proyectos financiados por el Banco Europeo de Reconstrucci\u00f3n y Desarrollo.<\/li>\n<li>La internacionalizaci\u00f3n de las empresas espa\u00f1olas a trav\u00e9s de los proyectos financiados por el Banco Interamericano de Desarrollo.<\/li>\n<li>La internacionalizaci\u00f3n de las empresas espa\u00f1olas a trav\u00e9s de los proyectos financiados por el Banco Africano de Desarrollo.<\/li>\n<li>La internacionalizaci\u00f3n de las empresas espa\u00f1olas a trav\u00e9s de los proyectos financiados por el Banco Asi\u00e1tico de Desarrollo.<\/li>\n<li>An\u00e1lisis y evoluci\u00f3n de los proyectos de internacionalizaci\u00f3n financiados por COFIDES.<\/li>\n<li>An\u00e1lisis y evoluci\u00f3n de los proyectos de internacionalizaci\u00f3n financiados por European Development Financial Instituions.<\/li>\n<li>Analizar el potencial de un pa\u00eds concreto del ECOWAS para la internacionalizaci\u00f3n de empresas espa\u00f1olas.<\/li>\n<li>Digitalizaci\u00f3n e internacionalizaci\u00f3n: estudio de casos de empresa (centrado en PYMEs).<\/li>\n<li>Impacto de la crisis COVID 19 en el comercio exterior Espa\u00f1a-China.<\/li>\n<li>Impacto de la crisis COVID 19 en el comercio exterior y la inversi\u00f3n directa en el exterior espa\u00f1olas.<\/li>\n<li>Internacionalizaci\u00f3n del sector vin\u00edcola espa\u00f1ol.<\/li>\n<li>El papel de la Marca Espa\u00f1a en la internacionalizaci\u00f3n de las PYMEs espa\u00f1olas.<\/li>\n<li>An\u00e1lisis de los programas de reciente creaci\u00f3n del ICEX en favor del emprendimiento internacional de las PYMEs espa\u00f1olas.<\/li>\n<\/ol>\n<p style=\"text-align: justify;\"><\/div><div class=\"nav fusion-mobile-tab-nav\"><ul class=\"nav-tabs\" role=\"tablist\"><li role=\"presentation\"><a class=\"tab-link\" data-toggle=\"tab\" role=\"tab\" aria-controls=\"tab-d15d2b7d47ed53149d6\" aria-selected=\"false\" tabindex=\"-1\" id=\"mobile-fusion-tab-tutorizadoseni-ulpgc\" href=\"#tab-d15d2b7d47ed53149d6\"><h4 class=\"fusion-tab-heading\">Tutorizados ENI-ULPGC<\/h4><\/a><\/li><\/ul><\/div><div class=\"tab-pane fade fusion-clearfix\" role=\"tabpanel\" tabindex=\"0\" aria-labelledby=\"fusion-tab-tutorizadoseni-ulpgc\" id=\"tab-d15d2b7d47ed53149d6\">\n<h2 style=\"text-align: justify;\" align=\"justify\">TFM Tutorizados ENI-ULPGC<\/h2>\n<p><strong>Analisis de la comunicaci\u00f3n y transparencia del marketing social en las empresas de bunkering de Canarias, 2022-2023<\/strong><\/p>\n<ul>\n<li><span lang=\"es-ES\">Tutora: Guti\u00e9rrez P\u00e9rez, F.J.<br \/>\n<\/span><\/li>\n<li><span lang=\"es-ES\">Titulaci\u00f3n: M\u00e1ster Universitario en Marketing y Comercio Internacional<br \/>\n<\/span><\/li>\n<li><span lang=\"es-ES\">Universidad: Universidad de Las Palmas de Gran Canaria<\/span><\/li>\n<li><span lang=\"es-ES\">Fecha: julio, 2023<\/span><\/li>\n<\/ul>\n<p><strong>Colaboraci\u00f3n con la empresa ZALUX para la elaboraci\u00f3n de un plan de marketing internacional para luminarias ATEX<\/strong><\/p>\n<ul>\n<li><span lang=\"es-ES\">Tutora: Su\u00e1rez Ortega, S.M.<br \/>\n<\/span><\/li>\n<li><span lang=\"es-ES\">Titulaci\u00f3n: M\u00e1ster Universitario en Marketing y Comercio Internacional<br \/>\n<\/span><\/li>\n<li><span lang=\"es-ES\">Universidad: Universidad de Las Palmas de Gran Canaria<\/span><\/li>\n<li><span lang=\"es-ES\">Fecha: enero, 2023<\/span><\/li>\n<\/ul>\n<p><strong>Diferencias culturales intrapa\u00eds y su impacto en la atracci\u00f3n de inversiones for\u00e1neas: un estudio en Senegal<\/strong><\/p>\n<ul>\n<li><span lang=\"es-ES\">Tutora: Garc\u00eda Cabrera, A.M.<br \/>\n<\/span><\/li>\n<li><span lang=\"es-ES\">Titulaci\u00f3n: M\u00e1ster Universitario en Marketing y Comercio Internacional<br \/>\n<\/span><\/li>\n<li><span lang=\"es-ES\">Universidad: Universidad de Las Palmas de Gran Canaria<\/span><\/li>\n<li><span lang=\"es-ES\">Fecha: enero, 2022<\/span><\/li>\n<\/ul>\n<p><strong>Colaboraci\u00f3n con la empresa ZALUX para la elaboraci\u00f3n de un plan de marketing internacional para luminarias ATEX<\/strong><\/p>\n<ul>\n<li><span lang=\"es-ES\">Tutora: Su\u00e1rez Ortega, S.M.<br \/>\n<\/span><\/li>\n<li><span lang=\"es-ES\">Titulaci\u00f3n: M\u00e1ster Universitario en Marketing y Comercio Internacional<br \/>\n<\/span><\/li>\n<li><span lang=\"es-ES\">Universidad: Universidad de Las Palmas de Gran Canaria<\/span><\/li>\n<li><span lang=\"es-ES\">Fecha: julio, 2021<\/span><\/li>\n<\/ul>\n<p><strong>An\u00e1lisis del posicionamiento org\u00e1nico en motores de b\u00fasqueda de los sitios web de turismo oficiales de las Islas Canarias en 2021 a ra\u00edz de la pandemia del COVID-19<\/strong><\/p>\n<ul>\n<li><span lang=\"es-ES\">Tutora: Su\u00e1rez Ortega, S.M.<br \/>\n<\/span><\/li>\n<li><span lang=\"es-ES\">Titulaci\u00f3n: M\u00e1ster Universitario en Marketing y Comercio Internacional<br \/>\n<\/span><\/li>\n<li><span lang=\"es-ES\">Universidad: Universidad de Las Palmas de Gran Canaria<\/span><\/li>\n<li><span lang=\"es-ES\">Fecha: enero, 2021<\/span><\/li>\n<\/ul>\n<p><strong>La internacionalizaci\u00f3n de empresas establecidas en espacios coworking espa\u00f1oles en 2020: factores condicionantes<\/strong><\/p>\n<ul>\n<li><span lang=\"es-ES\">Tutora: Garc\u00eda Cabrera, A.M.<br \/>\n<\/span><\/li>\n<li><span lang=\"es-ES\">Titulaci\u00f3n: M\u00e1ster Universitario en Marketing y Comercio Internacional<br \/>\n<\/span><\/li>\n<li><span lang=\"es-ES\">Universidad: Universidad de Las Palmas de Gran Canaria<\/span><\/li>\n<li><span lang=\"es-ES\">Fecha: julio, 2021<\/span><\/li>\n<\/ul>\n<p><strong>Pa\u00edses \u00e1rabes como mercados potenciales para la internacionalizaci\u00f3n de las empresas del sector cervecero espa\u00f1ol.<br \/>\n<\/strong><\/p>\n<ul>\n<li><span lang=\"es-ES\">Tutora: Garc\u00eda Soto, M.G.<br \/>\n<\/span><\/li>\n<li><span lang=\"es-ES\">Titulaci\u00f3n: M\u00e1ster Universitario en Marketing y Comercio Internacional<br \/>\n<\/span><\/li>\n<li><span lang=\"es-ES\">Universidad: Universidad de Las Palmas de Gran Canaria<\/span><\/li>\n<li><span lang=\"es-ES\">Fecha: julio, 2021<\/span><\/li>\n<\/ul>\n<p><strong>Plan de negocios de COOLTAINERS: una soluci\u00f3n eco-innovadora para la sostenibilidad del transporte de mercanc\u00eda en contenedores<\/strong><\/p>\n<ul>\n<li><span lang=\"es-ES\">Tutor: Guti\u00e9rrez P\u00e9rez, F.J.<\/span><\/li>\n<li><span lang=\"es-ES\">Titulaci\u00f3n: M\u00e1ster Universitario en Direcci\u00f3n de Empresas y Recursos Humanos<\/span><\/li>\n<li><span lang=\"es-ES\">Universidad: Universidad de Las Palmas de Gran Canaria<\/span><\/li>\n<li><span lang=\"es-ES\">Fecha: julio, 2021<\/span><\/li>\n<\/ul>\n<p style=\"text-align: justify;\"><a class=\"fusion-button button-flat fusion-button-default-size button-default button-1 fusion-button-default-span fusion-button-default-type\" href=\"\/index.php\/tfm-tutorizados-eni-ulpgc\/\"><span class=\"fusion-button-text\">Ver relaci\u00f3n completa de TFM (desde 1994)\u00a0<\/span><\/a><\/p>\n<p style=\"text-align: justify;\"><\/div><div class=\"nav fusion-mobile-tab-nav\"><ul class=\"nav-tabs\" role=\"tablist\"><li role=\"presentation\"><a class=\"tab-link\" data-toggle=\"tab\" role=\"tab\" aria-controls=\"tab-e1a27fa64b635de2ebf\" aria-selected=\"false\" tabindex=\"-1\" id=\"mobile-fusion-tab-tutorizadosi&amp;de-uniovi\" href=\"#tab-e1a27fa64b635de2ebf\"><h4 class=\"fusion-tab-heading\">Tutorizados I&amp;DE-UNIOVI<\/h4><\/a><\/li><\/ul><\/div><div class=\"tab-pane fade fusion-clearfix\" role=\"tabpanel\" tabindex=\"0\" aria-labelledby=\"fusion-tab-tutorizadosi&amp;de-uniovi\" id=\"tab-e1a27fa64b635de2ebf\">\n<h2 style=\"text-align: justify;\" align=\"justify\">TFM Tutorizados I&amp;DE-UNIOVI<\/h2>\n<p style=\"text-align: justify;\"><b>Puesta en valor de las dimensiones de la cultura nacional a trav\u00e9s de la experiencia tur\u00edstica<\/b><\/p>\n<ul style=\"text-align: justify;\">\n<li>Tutora: L\u00f3pez Duarte, C.<\/li>\n<li><span lang=\"es-ES\">Titulaci\u00f3n: <\/span>M\u00e1ster en Direcci\u00f3n y Planificaci\u00f3n del Turismo<\/li>\n<li><span lang=\"es-ES\">Universidad: Universidad de Oviedo<\/span><\/li>\n<li>Fecha: 2019<\/li>\n<\/ul>\n<p style=\"text-align: justify;\"><strong>Internacionalizaci\u00f3n<\/strong><strong> de productos tur\u00edsticos chinos<\/strong><\/p>\n<ul style=\"text-align: justify;\">\n<li>Tutora: Vidal Su\u00e1rez, M.M.<\/li>\n<li>Titulaci\u00f3n: Master en Direcci\u00f3n y Planificaci\u00f3n del Turismo<\/li>\n<li>Universidad: Universidad de Oviedo<\/li>\n<li>Fecha: 2017<\/li>\n<\/ul>\n<p style=\"text-align: justify;\"><b>Desarrollo de turismo idiom\u00e1tico <\/b><\/p>\n<ul style=\"text-align: justify;\">\n<li>Tutora: L\u00f3pez Duarte, C.<\/li>\n<li><span lang=\"es-ES\">Titulaci\u00f3n:\u00a0<\/span>M\u00e1ster en Direcci\u00f3n y Planificaci\u00f3n del Turismo<\/li>\n<li><span lang=\"es-ES\">Universidad: Universidad de Oviedo<\/span><\/li>\n<li>Fecha: 2015<\/li>\n<\/ul>\n<p style=\"text-align: justify;\"><b>Marca de calidad para el turismo rural y activo en Oaxaca, M\u00e9xico<\/b><\/p>\n<ul style=\"text-align: justify;\">\n<li>Tutora: Vidal Su\u00e1rez, M.M.<\/li>\n<li><span lang=\"es-ES\">Titulaci\u00f3n:\u00a0<\/span>M\u00e1ster en Direcci\u00f3n y Planificaci\u00f3n del Turismo<\/li>\n<li><span lang=\"es-ES\">Universidad: Universidad de Oviedo<\/span><\/li>\n<li>Fecha: 2014<\/li>\n<\/ul>\n<p style=\"text-align: justify;\"><b>Promoci\u00f3n tur\u00edstica Espa\u00f1a \/ China<\/b><\/p>\n<ul style=\"text-align: justify;\">\n<li>Tutora: Vidal Su\u00e1rez, M.M.<\/li>\n<li><span lang=\"es-ES\">Titulaci\u00f3n:\u00a0<\/span>M\u00e1ster en Direcci\u00f3n y Planificaci\u00f3n del Turismo<\/li>\n<li><span lang=\"es-ES\">Universidad: Universidad de Oviedo<\/span><\/li>\n<li>Fecha: 2013<\/li>\n<\/ul>\n<p style=\"text-align: justify;\"><b>Promoci\u00f3n y comercializaci\u00f3n de productos tur\u00edsticos en mercados internacionales<\/b><\/p>\n<ul style=\"text-align: justify;\">\n<li>Tutora: Vidal Su\u00e1rez, M.M.<\/li>\n<li><span lang=\"es-ES\">Titulaci\u00f3n:\u00a0<\/span>M\u00e1ster en Direcci\u00f3n y Planificaci\u00f3n del Turismo<\/li>\n<li><span lang=\"es-ES\">Universidad: Universidad de Oviedo<\/span><\/li>\n<li>Fecha: 2013<\/li>\n<\/ul>\n<p style=\"text-align: justify;\"><b>Los acuerdos de cooperaci\u00f3n evoluci\u00f3n y tendencias en el sector hostelero espa\u00f1ol.<\/b><\/p>\n<ul style=\"text-align: justify;\">\n<li>Tutora: Vidal Su\u00e1rez, M.M.<\/li>\n<li><span lang=\"es-ES\">Titulaci\u00f3n:\u00a0<\/span>M\u00e1ster en Direcci\u00f3n y Planificaci\u00f3n del Turismo<\/li>\n<li><span lang=\"es-ES\">Universidad: Universidad de Oviedo<\/span><\/li>\n<li>Fecha: 2012<\/li>\n<\/ul>\n<p style=\"text-align: justify;\"><\/div><\/div><\/div><\/div><\/div><\/div><\/div><\/p>\n","protected":false},"excerpt":{"rendered":"","protected":false},"author":1,"featured_media":0,"parent":0,"menu_order":0,"comment_status":"closed","ping_status":"closed","template":"","meta":[],"_links":{"self":[{"href":"https:\/\/eni.ulpgc.es\/index.php\/wp-json\/wp\/v2\/pages\/3773"}],"collection":[{"href":"https:\/\/eni.ulpgc.es\/index.php\/wp-json\/wp\/v2\/pages"}],"about":[{"href":"https:\/\/eni.ulpgc.es\/index.php\/wp-json\/wp\/v2\/types\/page"}],"author":[{"embeddable":true,"href":"https:\/\/eni.ulpgc.es\/index.php\/wp-json\/wp\/v2\/users\/1"}],"replies":[{"embeddable":true,"href":"https:\/\/eni.ulpgc.es\/index.php\/wp-json\/wp\/v2\/comments?post=3773"}],"version-history":[{"count":25,"href":"https:\/\/eni.ulpgc.es\/index.php\/wp-json\/wp\/v2\/pages\/3773\/revisions"}],"predecessor-version":[{"id":4436,"href":"https:\/\/eni.ulpgc.es\/index.php\/wp-json\/wp\/v2\/pages\/3773\/revisions\/4436"}],"wp:attachment":[{"href":"https:\/\/eni.ulpgc.es\/index.php\/wp-json\/wp\/v2\/media?parent=3773"}],"curies":[{"name":"wp","href":"https:\/\/api.w.org\/{rel}","templated":true}]}}