{"id":3730,"date":"2020-12-09T14:20:21","date_gmt":"2020-12-09T14:20:21","guid":{"rendered":"https:\/\/eni.ulpgc.es\/?page_id=3730"},"modified":"2021-10-01T21:53:24","modified_gmt":"2021-10-01T21:53:24","slug":"accion-divulgativa","status":"publish","type":"page","link":"https:\/\/eni.ulpgc.es\/index.php\/accion-divulgativa\/","title":{"rendered":"Acci\u00f3n divulgativa"},"content":{"rendered":"<p style=\"text-align: justify;\"><div class=\"fusion-fullwidth fullwidth-box fusion-builder-row-1 fusion-flex-container nonhundred-percent-fullwidth non-hundred-percent-height-scrolling\" style=\"--awb-border-radius-top-left:0px;--awb-border-radius-top-right:0px;--awb-border-radius-bottom-right:0px;--awb-border-radius-bottom-left:0px;\" ><div class=\"fusion-builder-row fusion-row fusion-flex-align-items-flex-start\" style=\"max-width:1497.6px;margin-left: calc(-4% \/ 2 );margin-right: calc(-4% \/ 2 );\"><div class=\"fusion-layout-column fusion_builder_column fusion-builder-column-0 fusion_builder_column_1_1 1_1 fusion-flex-column\" style=\"--awb-bg-size:cover;--awb-width-large:100%;--awb-margin-top-large:0px;--awb-spacing-right-large:1.92%;--awb-margin-bottom-large:20px;--awb-spacing-left-large:1.92%;--awb-width-medium:100%;--awb-order-medium:0;--awb-spacing-right-medium:1.92%;--awb-spacing-left-medium:1.92%;--awb-width-small:100%;--awb-order-small:0;--awb-spacing-right-small:1.92%;--awb-spacing-left-small:1.92%;\"><div class=\"fusion-column-wrapper fusion-column-has-shadow fusion-flex-justify-content-flex-start fusion-content-layout-column\"><div class=\"fusion-title title fusion-title-1 fusion-sep-none fusion-title-text fusion-title-size-one\" style=\"--awb-margin-bottom:2px;\"><h1 class=\"title-heading-left\" style=\"margin:0;\"><p style=\"text-align: justify;\">Acci\u00f3n Divulgativa<\/p>\n<p style=\"text-align: justify;\"><\/h1><\/div><div class=\"fusion-separator fusion-full-width-sep\" style=\"align-self: center;margin-left: auto;margin-right: auto;width:100%;\"><div class=\"fusion-separator-border sep-single\" style=\"--awb-height:20px;--awb-amount:20px;border-color:#ffa100;border-top-width:4px;\"><\/div><\/div><\/div><\/div><\/div><\/div><div class=\"fusion-fullwidth fullwidth-box fusion-builder-row-2 fusion-flex-container nonhundred-percent-fullwidth non-hundred-percent-height-scrolling\" style=\"--awb-border-radius-top-left:0px;--awb-border-radius-top-right:0px;--awb-border-radius-bottom-right:0px;--awb-border-radius-bottom-left:0px;\" ><div class=\"fusion-builder-row fusion-row fusion-flex-align-items-flex-start\" style=\"max-width:1497.6px;margin-left: calc(-4% \/ 2 );margin-right: calc(-4% \/ 2 );\"><div class=\"fusion-layout-column fusion_builder_column fusion-builder-column-1 fusion_builder_column_1_1 1_1 fusion-flex-column\" style=\"--awb-bg-size:cover;--awb-width-large:100%;--awb-margin-top-large:0px;--awb-spacing-right-large:1.92%;--awb-margin-bottom-large:20px;--awb-spacing-left-large:1.92%;--awb-width-medium:100%;--awb-order-medium:0;--awb-spacing-right-medium:1.92%;--awb-spacing-left-medium:1.92%;--awb-width-small:100%;--awb-order-small:0;--awb-spacing-right-small:1.92%;--awb-spacing-left-small:1.92%;\"><div class=\"fusion-column-wrapper fusion-column-has-shadow fusion-flex-justify-content-flex-start fusion-content-layout-column\"><div class=\"fusion-tabs fusion-tabs-1 classic vertical-tabs icon-position-left mobile-mode-accordion\" style=\"--awb-title-border-radius-top-left:0px;--awb-title-border-radius-top-right:0px;--awb-title-border-radius-bottom-right:0px;--awb-title-border-radius-bottom-left:0px;--awb-inactive-color:#f6f6f6;--awb-background-color:#ffffff;--awb-border-color:#e2e2e2;--awb-active-border-color:#0066a1;\"><div class=\"nav\"><ul class=\"nav-tabs\" role=\"tablist\"><li class=\"active\" role=\"presentation\"><a class=\"tab-link\" data-toggle=\"tab\" role=\"tab\" aria-controls=\"tab-54a8f1de66c3cc0e794\" aria-selected=\"true\" id=\"fusion-tab-ciclosempresariales\" href=\"#tab-54a8f1de66c3cc0e794\"><h4 class=\"fusion-tab-heading\">Ciclos Empresariales<\/h4><\/a><\/li><li role=\"presentation\"><a class=\"tab-link\" data-toggle=\"tab\" role=\"tab\" aria-controls=\"tab-77744bcdc2597d5834c\" aria-selected=\"false\" tabindex=\"-1\" id=\"fusion-tab-jornadasyseminarios\" href=\"#tab-77744bcdc2597d5834c\"><h4 class=\"fusion-tab-heading\">Jornadas y Seminarios<\/h4><\/a><\/li><li role=\"presentation\"><a class=\"tab-link\" data-toggle=\"tab\" role=\"tab\" aria-controls=\"tab-78937ac8cc7029f926b\" aria-selected=\"false\" tabindex=\"-1\" id=\"fusion-tab-conferencias\" href=\"#tab-78937ac8cc7029f926b\"><h4 class=\"fusion-tab-heading\">Conferencias<\/h4><\/a><\/li><li role=\"presentation\"><a class=\"tab-link\" data-toggle=\"tab\" role=\"tab\" aria-controls=\"tab-02ab4880b5e353e3ac8\" aria-selected=\"false\" tabindex=\"-1\" id=\"fusion-tab-otrasactividadesdedivulgaci\u00f3n\" href=\"#tab-02ab4880b5e353e3ac8\"><h4 class=\"fusion-tab-heading\">Otras actividades de divulgaci\u00f3n<\/h4><\/a><\/li><\/ul><\/div><div class=\"tab-content\"><div class=\"nav fusion-mobile-tab-nav\"><ul class=\"nav-tabs\" role=\"tablist\"><li class=\"active\" role=\"presentation\"><a class=\"tab-link\" data-toggle=\"tab\" role=\"tab\" aria-controls=\"tab-54a8f1de66c3cc0e794\" aria-selected=\"true\" id=\"mobile-fusion-tab-ciclosempresariales\" href=\"#tab-54a8f1de66c3cc0e794\"><h4 class=\"fusion-tab-heading\">Ciclos Empresariales<\/h4><\/a><\/li><\/ul><\/div><div class=\"tab-pane fade fusion-clearfix in active\" role=\"tabpanel\" tabindex=\"0\" aria-labelledby=\"fusion-tab-ciclosempresariales\" id=\"tab-54a8f1de66c3cc0e794\">\n<h2 style=\"text-align: justify;\">Ciclos Empresariales<\/h2>\n<ul style=\"text-align: justify;\">\n<li>I Ciclo Empresarial \u201cLa Pyme ante la crisis: propuestas de actuaci\u00f3n\u201d<br \/>\n<a href=\"https:\/\/eni.ulpgc.es\/wp-content\/uploads\/2020\/12\/Folleto-I-La-Pyme-ante-la-crisis.pdf\" target=\"_blank\" rel=\"noopener noreferrer\">Programa<\/a><\/li>\n<li>II Ciclo Empresarial \u201cLa competitividad de la pyme: retos y oportunidades\u201d<br \/>\n<a href=\"https:\/\/eni.ulpgc.es\/wp-content\/uploads\/2020\/12\/Folleto-II-La-competitividad-de-la-Pyme.pdf\" target=\"_blank\" rel=\"noopener noreferrer\">Programa<\/a><\/li>\n<li>III Ciclo Empresarial \u201cRetos institucionales en la internacionalizaci\u00f3n hacia pa\u00edses en desarrollo\u201d<br \/>\n<a href=\"https:\/\/eni.ulpgc.es\/wp-content\/uploads\/2020\/12\/Folleto-III-Retos-institucionales-en-la-internalizacion-hacia-paises-en-desarrollo.pdf\" target=\"_blank\" rel=\"noopener noreferrer\">Programa<\/a><\/li>\n<li>IV Ciclo Empresarial \u201cInternacionalizaci\u00f3n Empresarial: \u00bfsalir o morir?\u201d<br \/>\n<a href=\"https:\/\/eni.ulpgc.es\/wp-content\/uploads\/2020\/12\/Folleto-IV-Internacionalizacion-empresarial.pdf\" target=\"_blank\" rel=\"noopener noreferrer\">Programa<\/a><\/li>\n<li>V Ciclo Empresarial \u00ab\u00c9xito y fracaso en los negocios con \u00c1frica\u00bb<br \/>\n<a href=\"https:\/\/eni.ulpgc.es\/wp-content\/uploads\/2020\/12\/Folleto-V-Exito-y-fracaso-en-los-negocios-con-Africa.pdf\" target=\"_blank\" rel=\"noopener noreferrer\">Programa<\/a><\/li>\n<li>VI Ciclo Empresarial \u201cLa empresa socialmente responsable en mercados locales e internacionales\u201d<br \/>\n<a href=\"https:\/\/eni.ulpgc.es\/wp-content\/uploads\/2020\/12\/Folleto-VI-La-empresa-socialmente-responsable-en-mercados-locales-e-internacionales.pdf\" target=\"_blank\" rel=\"noopener noreferrer\">Programa<\/a><\/li>\n<\/ul>\n<p style=\"text-align: justify;\"><\/div><div class=\"nav fusion-mobile-tab-nav\"><ul class=\"nav-tabs\" role=\"tablist\"><li role=\"presentation\"><a class=\"tab-link\" data-toggle=\"tab\" role=\"tab\" aria-controls=\"tab-77744bcdc2597d5834c\" aria-selected=\"false\" tabindex=\"-1\" id=\"mobile-fusion-tab-jornadasyseminarios\" href=\"#tab-77744bcdc2597d5834c\"><h4 class=\"fusion-tab-heading\">Jornadas y Seminarios<\/h4><\/a><\/li><\/ul><\/div><div class=\"tab-pane fade fusion-clearfix\" role=\"tabpanel\" tabindex=\"0\" aria-labelledby=\"fusion-tab-jornadasyseminarios\" id=\"tab-77744bcdc2597d5834c\">\n<h2 style=\"text-align: justify;\">Jornadas y Seminarios ENI-ULPGC<\/h2>\n<ul style=\"text-align: justify;\">\n<li>Jornadas \u00c1gora Derechos Humanos<br \/>\n<a href=\"https:\/\/eni.ulpgc.es\/wp-content\/uploads\/2020\/12\/Jornadas-Agora-Derechos-humanos.pdf\" target=\"_blank\" rel=\"noopener noreferrer\">Programa<\/a><\/li>\n<li>Seminario Aglomeraci\u00f3n Empresarial<br \/>\n<a href=\"https:\/\/eni.ulpgc.es\/wp-content\/uploads\/2020\/12\/Seminario-Aglomeracion-Empresarial.pdf\" target=\"_blank\" rel=\"noopener noreferrer\">Programa<\/a><\/li>\n<li>Seminario Pymes con futuro<br \/>\n<a href=\"https:\/\/eni.ulpgc.es\/wp-content\/uploads\/2020\/12\/Seminario-Pymes-con-futuro.pdf\" target=\"_blank\" rel=\"noopener noreferrer\">Programa<\/a><\/li>\n<\/ul>\n<h2 style=\"text-align: justify;\">Jornadas y Seminarios I&amp;DE-UNIOVI<\/h2>\n<ul style=\"text-align: justify;\">\n<li>Jornadas Asturias Exporta 2020<br \/>\n<a href=\"https:\/\/eni.ulpgc.es\/wp-content\/uploads\/2020\/12\/Jornadas-Asturias-Exporta-2020.pdf\" target=\"_blank\" rel=\"noopener noreferrer\">Programa<\/a><\/li>\n<li>Jornadas Asturias Exporta 2019<br \/>\n<a href=\"https:\/\/eni.ulpgc.es\/wp-content\/uploads\/2020\/12\/Jornadas-Asturias-Exporta-2019.pdf\" target=\"_blank\" rel=\"noopener noreferrer\">Programa<\/a><\/li>\n<li>Jornadas Asturias Exporta 2018<br \/>\n<a href=\"https:\/\/eni.ulpgc.es\/wp-content\/uploads\/2020\/12\/Jornadas-Asturias-Exporta-2018.pdf\" target=\"_blank\" rel=\"noopener noreferrer\">Programa<\/a><\/li>\n<li>Jornadas Asturias Exporta 2017<br \/>\n<a href=\"https:\/\/eni.ulpgc.es\/wp-content\/uploads\/2020\/12\/Jornadas-Asturias-Exporta-2017.pdf\" target=\"_blank\" rel=\"noopener noreferrer\">Programa<\/a><\/li>\n<li>Jornadas Asturias Exporta 2016<br \/>\n<a href=\"https:\/\/eni.ulpgc.es\/wp-content\/uploads\/2020\/12\/Jornadas-Asturias-Exporta-2016.pdf\" target=\"_blank\" rel=\"noopener noreferrer\">Programa<\/a><\/li>\n<li>Jornadas Asturias Exporta 2015<br \/>\n<a href=\"https:\/\/eni.ulpgc.es\/wp-content\/uploads\/2020\/12\/Jornadas-Asturias-Exporta-2015.pdf\" target=\"_blank\" rel=\"noopener noreferrer\">Programa<\/a><\/li>\n<li>Jornadas Asturias Exporta 2013<br \/>\n<a href=\"https:\/\/eni.ulpgc.es\/wp-content\/uploads\/2020\/12\/Jornadas-Asturias-Exporta-2013.pdf\" target=\"_blank\" rel=\"noopener noreferrer\">Programa<\/a><\/li>\n<\/ul>\n<p style=\"text-align: justify;\"><\/div><div class=\"nav fusion-mobile-tab-nav\"><ul class=\"nav-tabs\" role=\"tablist\"><li role=\"presentation\"><a class=\"tab-link\" data-toggle=\"tab\" role=\"tab\" aria-controls=\"tab-78937ac8cc7029f926b\" aria-selected=\"false\" tabindex=\"-1\" id=\"mobile-fusion-tab-conferencias\" href=\"#tab-78937ac8cc7029f926b\"><h4 class=\"fusion-tab-heading\">Conferencias<\/h4><\/a><\/li><\/ul><\/div><div class=\"tab-pane fade fusion-clearfix\" role=\"tabpanel\" tabindex=\"0\" aria-labelledby=\"fusion-tab-conferencias\" id=\"tab-78937ac8cc7029f926b\">\n<h2 style=\"text-align: justify;\">Conferencias<\/h2>\n<p style=\"text-align: justify;\"><strong>Por \u00c1frica y desde \u00c1frica: desarrollo end\u00f3geno, emprendimiento y derechos humanos<\/strong><br \/>\nGarc\u00eda Cabrera, A.M., Garc\u00eda Soto, M.G., Guti\u00e9rrez P\u00e9rez, F.J.,<br \/>\nFacultad de Ciencias Jur\u00eddicas, 2019<br \/>\nLas Palmas de Gran Canaria, Espa\u00f1a<br \/>\n<a href=\"https:\/\/eni.ulpgc.es\/wp-content\/uploads\/2020\/12\/Por-y-desde-Africa.pdf\" target=\"_blank\" rel=\"noopener noreferrer\">Presentaci\u00f3n<\/a><\/p>\n<p style=\"text-align: justify;\"><strong>Retos en la internacionalizaci\u00f3n de la empresa espa\u00f1ola: mimetismo vs. innovaci\u00f3n institucional<\/strong><br \/>\nGarc\u00eda Cabrera, A.M., Dur\u00e1n Herrera, J.J., L\u00f3pez Duarte, C., Garc\u00eda Soto, M.G.<br \/>\nFacultad de Econom\u00eda, Empresa y Turismo, 2019<br \/>\nLas Palmas de Gran Canaria, Espa\u00f1a<br \/>\n<a href=\"https:\/\/eni.ulpgc.es\/wp-content\/uploads\/2020\/12\/Retos-en-la-internacionalizacion.pdf\" target=\"_blank\" rel=\"noopener noreferrer\">Presentaci\u00f3n<\/a><\/p>\n<p style=\"text-align: justify;\"><strong>Agenda de cambio institucional para la promoci\u00f3n de la competitividad internacional de la empresa tur\u00edstica en Espa\u00f1a<\/strong><br \/>\nGarc\u00eda Soto, M.G., Guti\u00e9rrez P\u00e9rez, F.J., Garc\u00eda Cabrera, A.M.<br \/>\nFacultad de Econom\u00eda, Empresa y Turismo, 2019<br \/>\nLas Palmas de Gran Canaria, Espa\u00f1a<br \/>\n<a href=\"https:\/\/eni.ulpgc.es\/wp-content\/uploads\/2020\/12\/Agenda-de-cambio-institucional.pdf\" target=\"_blank\" rel=\"noopener noreferrer\">Presentaci\u00f3n<\/a><\/p>\n<p style=\"text-align: justify;\"><strong>RSE y Pyme tur\u00edstica en Canarias: los retos institucionales del sector<\/strong><br \/>\nGarc\u00eda Cabrera, A.M., Garc\u00eda Soto, M.G.<br \/>\nColegio de Economistas de Las Palmas, 2019<br \/>\nLas Palmas de Gran Canaria, Espa\u00f1a<br \/>\n<a href=\"https:\/\/eni.ulpgc.es\/wp-content\/uploads\/2020\/12\/RSE-y-pyme.pdf\" target=\"_blank\" rel=\"noopener noreferrer\">Presentaci\u00f3n<\/a><\/p>\n<p style=\"text-align: justify;\"><strong>Retos institucionales en la actividad empresarial de establecimientos hoteleros localizados en pa\u00edses en desarrollo<\/strong><br \/>\nSu\u00e1rez Ortega, S.M., Garc\u00eda Cabrera, A.M., Perdomo P\u00e9rez, D.<br \/>\nCasa \u00c1frica, 2018<br \/>\nLas Palmas de Gran Canaria, Espa\u00f1a<br \/>\n<a href=\"https:\/\/eni.ulpgc.es\/wp-content\/uploads\/2020\/12\/Retos-institucionales-Marruecos.pdf\" target=\"_blank\" rel=\"noopener noreferrer\">Presentaci\u00f3n<\/a><\/p>\n<p style=\"text-align: justify;\"><strong>La influencia del entorno institucional en la internacionalizaci\u00f3n de la empresa<\/strong><br \/>\nSu\u00e1rez Ortega, S.M., Garc\u00eda Cabrera, A.M., Garc\u00eda Soto, M.G.<br \/>\nFacultad de Econom\u00eda, Empresa y Turismo, 2018<br \/>\nLas Palmas de Gran Canaria, Espa\u00f1a<br \/>\n<a href=\"https:\/\/eni.ulpgc.es\/wp-content\/uploads\/2020\/12\/La-influencia-del-entorno.pdf\" target=\"_blank\" rel=\"noopener noreferrer\">Presentaci\u00f3n<\/a><\/p>\n<p style=\"text-align: justify;\"><strong>Rodearse de otras empresas internacionalizadas: \u00bfuna condici\u00f3n para expandirse de forma r\u00e1pida al exterior?<\/strong><br \/>\nSu\u00e1rez Ortega, S.M., Garc\u00eda Cabrera, A.M., Garc\u00eda Soto, M.G.<br \/>\nColegio de Economistas de Las Palmas, 2016<br \/>\nLas Palmas de Gran Canaria, Espa\u00f1a<br \/>\n<a href=\"https:\/\/eni.ulpgc.es\/wp-content\/uploads\/2020\/12\/Rodearse-de-otras-empresas.pdf\" target=\"_blank\" rel=\"noopener noreferrer\">Presentaci\u00f3n<\/a><\/p>\n<p style=\"text-align: justify;\"><strong>Cooperaci\u00f3n y competencia institucional en la internacionalizaci\u00f3n hacia econom\u00edas en desarrollo: \u00bfes la coevoluci\u00f3n posible?<\/strong><br \/>\nGarc\u00eda Cabrera, A.M.<br \/>\nCasa \u00c1frica, 2014<br \/>\nLas Palmas de Gran Canaria, Espa\u00f1a<br \/>\n<a href=\"https:\/\/eni.ulpgc.es\/wp-content\/uploads\/2020\/12\/Cooperacion-y-competencia-institucional.pdf\" target=\"_blank\" rel=\"noopener noreferrer\">Presentaci\u00f3n<\/a><\/p>\n<p style=\"text-align: justify;\"><strong>Empresa y emprendimiento institucional: implicaciones coevolutivas<\/strong><br \/>\nGarc\u00eda Cabrera, A.M.<br \/>\nFacultad de Econom\u00eda Empresa y Turismo, 2014<br \/>\nLas Palmas de Gran Canaria, Espa\u00f1a<br \/>\n<a href=\"https:\/\/eni.ulpgc.es\/wp-content\/uploads\/2020\/12\/Empresa-y-emprendimiento-institucional.pdf\" target=\"_blank\" rel=\"noopener noreferrer\">Presentaci\u00f3n<\/a><\/p>\n<p style=\"text-align: justify;\"><strong>El emprendedor inmigrante: retos y oportunidades<\/strong><br \/>\nGarc\u00eda Cabrera, A.M., Garc\u00eda Rodr\u00edguez, F.J., Garc\u00eda Soto, M.G.<br \/>\nFacultad de Econom\u00eda, Empresa y Turismo, 2012<br \/>\nLas Palmas de Gran Canaria, Espa\u00f1a<br \/>\n<a href=\"https:\/\/eni.ulpgc.es\/wp-content\/uploads\/2020\/12\/El-emprendedor-inmigrante.pdf\" target=\"_blank\" rel=\"noopener noreferrer\">Presentaci\u00f3n<\/a><\/p>\n<p style=\"text-align: justify;\"><strong>Emprendimiento e inmigraci\u00f3n en el destino tur\u00edstico canario: estrategia y resultados empresariales y sociales<\/strong><br \/>\nGarc\u00eda Cabrera, A.M., Garc\u00eda Rodr\u00edguez, F.J., Garc\u00eda Soto, M.G.<br \/>\nINFECAR (Las Palmas de Gran Canaria), 2011<br \/>\nC\u00e1mara de Comercio de Tenerife (Tenerife), Espa\u00f1a<br \/>\n<a href=\"https:\/\/eni.ulpgc.es\/wp-content\/uploads\/2020\/12\/Emprendimiento-e-inmigracion.pdf\" target=\"_blank\" rel=\"noopener noreferrer\">Presentaci\u00f3n<\/a><\/p>\n<p style=\"text-align: justify;\"><strong>Crisis y cambio empresarial: c\u00f3mo evitar la resistencia de los empleados al cambio<\/strong><br \/>\nGarc\u00eda Cabrera, A.M., \u00c1lamo Vera, F.R.<br \/>\nClub Prensa Canaria, 2009<br \/>\nLas Palmas de Gran Canaria, Espa\u00f1a<br \/>\n<a href=\"https:\/\/eni.ulpgc.es\/wp-content\/uploads\/2020\/12\/Crisis-y-cambio-empresarial.pdf\" target=\"_blank\" rel=\"noopener noreferrer\">Presentaci\u00f3n<\/a><\/p>\n<p style=\"text-align: justify;\"><strong>Diversificaci\u00f3n empresarial hacia negocios de base tecnol\u00f3gica<\/strong><br \/>\nGarc\u00eda Cabrera, A.M., Garc\u00eda Soto, M.G.<br \/>\nClub Prensa Canaria, 2009<br \/>\nLas Palmas de Gran Canaria, Espa\u00f1a<br \/>\n<a href=\"https:\/\/eni.ulpgc.es\/wp-content\/uploads\/2020\/12\/Diversificacion-empresarial.pdf\" target=\"_blank\" rel=\"noopener noreferrer\">Presentaci\u00f3n<\/a><\/p>\n<p style=\"text-align: justify;\"><\/div><div class=\"nav fusion-mobile-tab-nav\"><ul class=\"nav-tabs\" role=\"tablist\"><li role=\"presentation\"><a class=\"tab-link\" data-toggle=\"tab\" role=\"tab\" aria-controls=\"tab-02ab4880b5e353e3ac8\" aria-selected=\"false\" tabindex=\"-1\" id=\"mobile-fusion-tab-otrasactividadesdedivulgaci\u00f3n\" href=\"#tab-02ab4880b5e353e3ac8\"><h4 class=\"fusion-tab-heading\">Otras actividades de divulgaci\u00f3n<\/h4><\/a><\/li><\/ul><\/div><div class=\"tab-pane fade fusion-clearfix\" role=\"tabpanel\" tabindex=\"0\" aria-labelledby=\"fusion-tab-otrasactividadesdedivulgaci\u00f3n\" id=\"tab-02ab4880b5e353e3ac8\">\n<h2 style=\"text-align: justify;\">Otras actividades de divulgaci\u00f3n<\/h2>\n<ul style=\"text-align: justify;\">\n<li>Jornadas de Empleo e Impacto Social organizadas por el Cabildo Insular de Gran Canaria<br \/>\n<a href=\"https:\/\/eni.ulpgc.es\/wp-content\/uploads\/2020\/12\/Jornadas-de-Empleo-e-impacto-social.pdf\" target=\"_blank\" rel=\"noopener noreferrer\">Programa<\/a><\/li>\n<li>Jornadas Plan de Desarrollo Local del Municipio de Telde<br \/>\n<a href=\"https:\/\/www.youtube.com\/watch?v=7rPOO6WCqYU\" target=\"_blank\" rel=\"noopener noreferrer\">V\u00eddeo<\/a><br \/>\n<a href=\"https:\/\/eni.ulpgc.es\/wp-content\/uploads\/2020\/12\/Jornadas-Plan-de-Desarrollo-Local-Telde.pdf\">Programa<\/a><\/li>\n<li>10\u00ba Aniversario del Centro Universitario de Cooperaci\u00f3n Internacional para el Desarrollo de la ULPGC<br \/>\n<a href=\"https:\/\/www.ulpgc.es\/noticia\/celebracion-del-x-aniversario-del-centro-universitario-cooperacion-internacional-desarrollo\" target=\"_blank\" rel=\"noopener noreferrer\">Noticia<\/a><\/li>\n<li>Jornadas de Ciudadan\u00eda Global y G\u00e9nero: Mujeres Africanas<br \/>\n<a href=\"https:\/\/www.ulpgc.es\/noticia\/i-jornadas-ciudadania-global-y-genero-mujeres-africanas\" target=\"_blank\" rel=\"noopener noreferrer\">Noticia<\/a><\/li>\n<\/ul>\n<p style=\"text-align: justify;\"><\/div><\/div><\/div><\/div><\/div><\/div><\/div><\/p>\n","protected":false},"excerpt":{"rendered":"","protected":false},"author":1,"featured_media":0,"parent":0,"menu_order":0,"comment_status":"closed","ping_status":"closed","template":"","meta":[],"_links":{"self":[{"href":"https:\/\/eni.ulpgc.es\/index.php\/wp-json\/wp\/v2\/pages\/3730"}],"collection":[{"href":"https:\/\/eni.ulpgc.es\/index.php\/wp-json\/wp\/v2\/pages"}],"about":[{"href":"https:\/\/eni.ulpgc.es\/index.php\/wp-json\/wp\/v2\/types\/page"}],"author":[{"embeddable":true,"href":"https:\/\/eni.ulpgc.es\/index.php\/wp-json\/wp\/v2\/users\/1"}],"replies":[{"embeddable":true,"href":"https:\/\/eni.ulpgc.es\/index.php\/wp-json\/wp\/v2\/comments?post=3730"}],"version-history":[{"count":13,"href":"https:\/\/eni.ulpgc.es\/index.php\/wp-json\/wp\/v2\/pages\/3730\/revisions"}],"predecessor-version":[{"id":4230,"href":"https:\/\/eni.ulpgc.es\/index.php\/wp-json\/wp\/v2\/pages\/3730\/revisions\/4230"}],"wp:attachment":[{"href":"https:\/\/eni.ulpgc.es\/index.php\/wp-json\/wp\/v2\/media?parent=3730"}],"curies":[{"name":"wp","href":"https:\/\/api.w.org\/{rel}","templated":true}]}}