{"id":3709,"date":"2020-12-09T10:28:16","date_gmt":"2020-12-09T10:28:16","guid":{"rendered":"https:\/\/eni.ulpgc.es\/?page_id=3709"},"modified":"2022-09-19T16:27:55","modified_gmt":"2022-09-19T16:27:55","slug":"convenios-y-contratos","status":"publish","type":"page","link":"https:\/\/eni.ulpgc.es\/index.php\/convenios-y-contratos\/","title":{"rendered":"Convenios y contratos"},"content":{"rendered":"<p style=\"text-align: justify;\"><div class=\"fusion-fullwidth fullwidth-box fusion-builder-row-1 fusion-flex-container nonhundred-percent-fullwidth non-hundred-percent-height-scrolling\" style=\"--awb-border-radius-top-left:0px;--awb-border-radius-top-right:0px;--awb-border-radius-bottom-right:0px;--awb-border-radius-bottom-left:0px;\" ><div class=\"fusion-builder-row fusion-row fusion-flex-align-items-flex-start\" style=\"max-width:1497.6px;margin-left: calc(-4% \/ 2 );margin-right: calc(-4% \/ 2 );\"><div class=\"fusion-layout-column fusion_builder_column fusion-builder-column-0 fusion_builder_column_1_1 1_1 fusion-flex-column\" style=\"--awb-bg-size:cover;--awb-width-large:100%;--awb-margin-top-large:0px;--awb-spacing-right-large:1.92%;--awb-margin-bottom-large:20px;--awb-spacing-left-large:1.92%;--awb-width-medium:100%;--awb-order-medium:0;--awb-spacing-right-medium:1.92%;--awb-spacing-left-medium:1.92%;--awb-width-small:100%;--awb-order-small:0;--awb-spacing-right-small:1.92%;--awb-spacing-left-small:1.92%;\"><div class=\"fusion-column-wrapper fusion-column-has-shadow fusion-flex-justify-content-flex-start fusion-content-layout-column\"><div class=\"fusion-title title fusion-title-1 fusion-sep-none fusion-title-text fusion-title-size-one\" style=\"--awb-margin-bottom:2px;\"><h1 class=\"title-heading-left\" style=\"margin:0;\"><p style=\"text-align: justify;\">Convenios y contratos con entidades p\u00fablicas y\/o empresas<\/p>\n<p style=\"text-align: justify;\"><\/h1><\/div><div class=\"fusion-separator fusion-full-width-sep\" style=\"align-self: center;margin-left: auto;margin-right: auto;width:100%;\"><div class=\"fusion-separator-border sep-single\" style=\"--awb-height:20px;--awb-amount:20px;border-color:#ffa100;border-top-width:4px;\"><\/div><\/div><\/div><\/div><\/div><\/div><div class=\"fusion-fullwidth fullwidth-box fusion-builder-row-2 fusion-flex-container nonhundred-percent-fullwidth non-hundred-percent-height-scrolling\" style=\"--awb-border-radius-top-left:0px;--awb-border-radius-top-right:0px;--awb-border-radius-bottom-right:0px;--awb-border-radius-bottom-left:0px;\" ><div class=\"fusion-builder-row fusion-row fusion-flex-align-items-flex-start\" style=\"max-width:1497.6px;margin-left: calc(-4% \/ 2 );margin-right: calc(-4% \/ 2 );\"><div class=\"fusion-layout-column fusion_builder_column fusion-builder-column-1 fusion_builder_column_1_1 1_1 fusion-flex-column\" style=\"--awb-bg-size:cover;--awb-width-large:100%;--awb-margin-top-large:0px;--awb-spacing-right-large:1.92%;--awb-margin-bottom-large:20px;--awb-spacing-left-large:1.92%;--awb-width-medium:100%;--awb-order-medium:0;--awb-spacing-right-medium:1.92%;--awb-spacing-left-medium:1.92%;--awb-width-small:100%;--awb-order-small:0;--awb-spacing-right-small:1.92%;--awb-spacing-left-small:1.92%;\"><div class=\"fusion-column-wrapper fusion-column-has-shadow fusion-flex-justify-content-flex-start fusion-content-layout-column\"><div class=\"fusion-tabs fusion-tabs-1 classic vertical-tabs icon-position-left mobile-mode-accordion\" style=\"--awb-title-border-radius-top-left:0px;--awb-title-border-radius-top-right:0px;--awb-title-border-radius-bottom-right:0px;--awb-title-border-radius-bottom-left:0px;--awb-inactive-color:#f6f6f6;--awb-background-color:#ffffff;--awb-border-color:#e2e2e2;--awb-active-border-color:#0066a1;\"><div class=\"nav\"><ul class=\"nav-tabs\" role=\"tablist\"><li class=\"active\" role=\"presentation\"><a class=\"tab-link\" data-toggle=\"tab\" role=\"tab\" aria-controls=\"tab-0ead8e47cc949d2aaea\" aria-selected=\"true\" id=\"fusion-tab-eni-ulpgc\" href=\"#tab-0ead8e47cc949d2aaea\"><h4 class=\"fusion-tab-heading\">ENI-ULPGC<\/h4><\/a><\/li><li role=\"presentation\"><a class=\"tab-link\" data-toggle=\"tab\" role=\"tab\" aria-controls=\"tab-459068a8d34616efe9c\" aria-selected=\"false\" tabindex=\"-1\" id=\"fusion-tab-i&amp;de-uniovi\" href=\"#tab-459068a8d34616efe9c\"><h4 class=\"fusion-tab-heading\">I&amp;DE-UNIOVI<\/h4><\/a><\/li><\/ul><\/div><div class=\"tab-content\"><div class=\"nav fusion-mobile-tab-nav\"><ul class=\"nav-tabs\" role=\"tablist\"><li class=\"active\" role=\"presentation\"><a class=\"tab-link\" data-toggle=\"tab\" role=\"tab\" aria-controls=\"tab-0ead8e47cc949d2aaea\" aria-selected=\"true\" id=\"mobile-fusion-tab-eni-ulpgc\" href=\"#tab-0ead8e47cc949d2aaea\"><h4 class=\"fusion-tab-heading\">ENI-ULPGC<\/h4><\/a><\/li><\/ul><\/div><div class=\"tab-pane fade fusion-clearfix in active\" role=\"tabpanel\" tabindex=\"0\" aria-labelledby=\"fusion-tab-eni-ulpgc\" id=\"tab-0ead8e47cc949d2aaea\">\n<h2 style=\"text-align: justify;\">Convenios y Contratos ENI-ULPGC<\/h2>\n<p><strong>An\u00e1lisis de la participaci\u00f3n en convocatorias de ayudas a proyectos de I+D+i sobre crecimiento azul, biosostenibilidad y econom\u00eda circular en Madeira, Azores y Canarias (Proyecto RIS3_Net 2)<\/strong><br \/>\nTipo de contrato: Consultor\u00eda, estudios t\u00e9cnicos y asesoramiento<br \/>\nEmpresa\/Administraci\u00f3n financiadora: Plataforma Oce\u00e1nica de Canarias, PLOCAN<br \/>\nDuraci\u00f3n: de marzo 2022 a noviembre 2022<br \/>\nInvestigadores del grupo ENI participantes: Francisco J. Guti\u00e9rrez P\u00e9rez<br \/>\nInvestigador principal: Francisco J. Guti\u00e9rrez P\u00e9rez<br \/>\nN\u00famero de investigadores participantes: 1<br \/>\nCuant\u00eda: 4.995\u20ac<\/p>\n<p><strong>An\u00e1lisis del impacto socio-econ\u00f3mico de la Plataforma Oce\u00e1nica de Canarias (PLOCAN)<br \/>\n<\/strong>Tipo de contrato: Consultor\u00eda, estudios t\u00e9cnicos y asesoramiento<br \/>\nEmpresa\/Administraci\u00f3n financiadora: Plataforma Oce\u00e1nica de Canarias, PLOCAN<br \/>\nDuraci\u00f3n: de diciembre 2021 a septiembre 2022<br \/>\nInvestigadores del grupo ENI participantes: Antonia M. Garc\u00eda Cabrera, Francisco J. Guti\u00e9rrez P\u00e9rez<br \/>\nInvestigador principal: Francisco J. Guti\u00e9rrez P\u00e9rez<br \/>\nN\u00famero de investigadores participantes: 3<br \/>\nCuant\u00eda: 14.305\u20ac<\/p>\n<p style=\"text-align: justify;\"><strong>An\u00e1lisis del n\u00famero de mujeres que tienen cargos en empresas internacionales en Canarias, as\u00ed como el n\u00famero de directivas y su comparativa con el n\u00famero de hombres<\/strong><br \/>\nTipo de contrato: Consultor\u00eda, estudios t\u00e9cnicos y asesoramiento<br \/>\nEmpresa\/Administraci\u00f3n financiadora: Sociedad Canaria de Fomento Econ\u00f3mico, S.A. (PROEXCA)<br \/>\nDuraci\u00f3n: 22 de diciembre de 2020 a 1 de diciembre de 2021<br \/>\nInvestigadores del grupo ENI participantes: Antonia M. Garc\u00eda Cabrera, Mar\u00eda Jos\u00e9 Miranda Martel, Sonia M. Su\u00e1rez Ortega, Ar\u00edstides Olivares Mesa, Francisco J. Guti\u00e9rrez P\u00e9rez, M. Gracia Garc\u00eda Soto, Deybbi Cu\u00e9llar Molina<br \/>\nInvestigadores principales: Garc\u00eda Cabrera, A.M. y Miranda Martel, M.J.<br \/>\nN\u00famero de investigadores participantes: 7<br \/>\nCuant\u00eda: 13.375\u20ac<\/p>\n<p><strong>Asesoramiento y asistencia t\u00e9cnica para la redacci\u00f3n de un position <em>paper<\/em> sobre las barrearas administrativas de la energ\u00eda e\u00f3lica <em>offshore<\/em> en Canarias y Espa\u00f1a<br \/>\n<\/strong>Tipo de contrato: Consultor\u00eda, estudios t\u00e9cnicos y asesoramiento<br \/>\nEmpresa\/Administraci\u00f3n financiadora: Plataforma Oce\u00e1nica de Canarias, PLOCAN<br \/>\nDuraci\u00f3n: marzo 2021<br \/>\nInvestigadores del grupo ENI participantes: Francisco J. Guti\u00e9rrez P\u00e9rez<br \/>\nInvestigador principal: Francisco J. Guti\u00e9rrez P\u00e9rez<br \/>\nN\u00famero de investigadores participantes: 1<br \/>\nCuant\u00eda: 1.000\u20ac<\/p>\n<p style=\"text-align: justify;\"><strong>Plan Estrat\u00e9gico 2025 del municipio de La Aldea de San Nicol\u00e1s: diagn\u00f3stico de situaci\u00f3n dentro del Programa de colaboraci\u00f3n con los ayuntamientos de Gran Canaria para la ejecuci\u00f3n de acciones de desarrollo local de la Consejer\u00eda de Gobierno de Empleo y Transparencia del Cabildo de Gran Canaria<\/strong><br \/>\nTipo de contrato: Convenio de colaboraci\u00f3n<br \/>\nEmpresa\/Administraci\u00f3n financiadora: Ayuntamiento de La Aldea de San Nicol\u00e1s<br \/>\nDuraci\u00f3n: desde 20 de febrero de 2018 a 19 de noviembre de 2018<br \/>\nInvestigadores del grupo ENI participantes: M. Gracia Garc\u00eda Soto<br \/>\nInvestigador principal: S\u00e1nchez Medina, Agust\u00edn<br \/>\nN\u00famero de investigadores participantes: 6<\/p>\n<p style=\"text-align: justify;\"><strong>Estudio t\u00e9cnico y microan\u00e1lisis del mercado de trabajo y del desarrollo local de gran canaria y confecci\u00f3n del Plan Integral de Empleo y Desarrollo Local de Gran Canaria 2016-19 (PIEDEL-GC)<\/strong><br \/>\nTipo de contrato: Consultor\u00eda, estudios t\u00e9cnicos y asesoramiento<br \/>\nEmpresa\/Administraci\u00f3n financiadora: Cabildo Insular de Gran Canaria<br \/>\nDuraci\u00f3n: desde 18 de octubre de 2016 a 17 de octubre de 2017<br \/>\nInvestigadores del grupo ENI participantes: Antonia M. Garc\u00eda Cabrera, M. Gracia Garc\u00eda Soto<br \/>\nInvestigadores principales: Garc\u00eda Cabrera, A.M., Mart\u00edn Santana, J.D., S\u00e1nchez Medina, A.<br \/>\nN\u00famero de investigadores participantes: 18<br \/>\nCuant\u00eda: 135.000\u20ac<\/p>\n<p style=\"text-align: justify;\"><strong>Taller de dinamizadores de la innovaci\u00f3n<\/strong><br \/>\nTipo de contrato: Participaci\u00f3n en Programa de Formaci\u00f3n de Gestores de la Innovaci\u00f3n<br \/>\nEmpresa\/Administraci\u00f3n financiadora: ACIISI (Agencia Canaria de Investigaci\u00f3n, Innovaci\u00f3n y Sociedad de la Informaci\u00f3n del Gobierno de Canarias) y en un 85% por el Fondo Social Europeo<br \/>\nDuraci\u00f3n: de marzo a julio de 2010<br \/>\nInvestigadores del grupo ENI participantes: Antonia M. Garc\u00eda Cabrera, Sonia M. Su\u00e1rez Ortega, M. Gracia Garc\u00eda Soto y Francisco J. Guti\u00e9rrez P\u00e9rez<br \/>\nInvestigadores principales: Fundaci\u00f3n Canaria Universitaria de Las Palmas<\/p>\n<p style=\"text-align: justify;\"><strong>Realizaci\u00f3n de un estudio de mercado para el desarrollo del plan estrat\u00e9gico para el desarrollo econ\u00f3mico y social del municipio de Valleseco<\/strong><br \/>\nTipo de contrato: Consultor\u00eda, estudios t\u00e9cnicos y asesoramiento<br \/>\nEmpresa\/Administraci\u00f3n financiadora: Ayuntamiento de Valleseco<br \/>\nDuraci\u00f3n: desde 1 de abril de 2008 a 1 de marzo de 2009<br \/>\nInvestigadores del grupo ENI participantes: Antonia M. Garc\u00eda Cabrera, M. Gracia Garc\u00eda Soto<br \/>\nInvestigadoras principales: \u00c1lamo Vera, F.R., Garc\u00eda Cabrera, A.M., Garc\u00eda Soto, M.G.<br \/>\nN\u00famero de investigadores participantes: 5<br \/>\nCuant\u00eda: 30.000\u20ac<\/p>\n<p style=\"text-align: justify;\"><strong>Elaboraci\u00f3n de un estudio sectorial del agua en Canarias<\/strong><br \/>\nTipo de contrato: Consultor\u00eda, estudios t\u00e9cnicos y asesoramiento<br \/>\nEmpresa\/Administraci\u00f3n financiadora: Instituto Tecnol\u00f3gico de Canarias<br \/>\nDuraci\u00f3n: desde 1 de septiembre de 2007 a 30 de noviembre de 2007<br \/>\nInvestigadores del grupo ENI participantes: Antonia M. Garc\u00eda Cabrera<br \/>\nInvestigadoras principales: Garc\u00eda Cabrera, A.M., \u00c1lamo Vera, F.R.<br \/>\nN\u00famero de investigadores participantes: 4<br \/>\nCuant\u00eda: 18.000\u20ac<\/p>\n<p style=\"text-align: justify;\"><strong>Elaboraci\u00f3n de un estudio sectorial de las tecnolog\u00edas de la informaci\u00f3n y comunicaci\u00f3n en Canarias<\/strong><br \/>\nTipo de contrato: Consultor\u00eda, estudios t\u00e9cnicos y asesoramiento<br \/>\nEmpresa\/Administraci\u00f3n financiadora: Instituto Tecnol\u00f3gico de Canarias<br \/>\nDuraci\u00f3n: desde 1 de septiembre de 2007 a 30 de noviembre de 2007<br \/>\nInvestigadores del grupo ENI participantes: Antonia M. Garc\u00eda Cabrera, M. Gracia Garc\u00eda Soto<br \/>\nInvestigadoras principales: \u00c1lamo Vera, F.R., Garc\u00eda Cabrera, A.M.<br \/>\nN\u00famero de investigadores participantes: 5<br \/>\nCuant\u00eda: 18.000\u20ac<\/p>\n<p style=\"text-align: justify;\"><strong>Elaboraci\u00f3n del estudio de la viabilidad de la creaci\u00f3n de una estructura aut\u00f3noma para la gesti\u00f3n de los fondos de cooperaci\u00f3n al desarrollo desde Canarias y para la gesti\u00f3n de la secci\u00f3n de cooperaci\u00f3n al desarrollo del Portal de Internet www.africainfomarket.org<\/strong><br \/>\nTipo de contrato: Consultor\u00eda, estudios t\u00e9cnicos y asesoramiento<br \/>\nEmpresa\/Administraci\u00f3n financiadora: \u00c1frica Infomarket<br \/>\nDuraci\u00f3n: desde 1 de diciembre de 2004 a 31 de marzo de 2005<br \/>\nInvestigadores del grupo ENI participantes: Antonia M. Garc\u00eda Cabrera, M. Gracia Garc\u00eda Soto, Sonia M. Su\u00e1rez Ortega<br \/>\nInvestigadora responsable: \u00c1lamo Vera, F.R.<br \/>\nN\u00famero de investigadores participantes: 7<br \/>\nCuant\u00eda: 11.990\u20ac<\/p>\n<p style=\"text-align: justify;\"><strong>Elaboraci\u00f3n de fichas t\u00e9cnicas de evaluaci\u00f3n de proyectos empresariales susceptibles de constituirse en entidades de econom\u00eda social<\/strong><br \/>\nTipo de contrato: Consultor\u00eda, estudios t\u00e9cnicos y asesoramiento<br \/>\nEmpresa\/Administraci\u00f3n financiadora: Federaci\u00f3n Canaria de Desarrollo Rural<br \/>\nDuraci\u00f3n: desde 1 de octubre 2003 a 31 de enero de 2004<br \/>\nInvestigadores del grupo ENI participantes: Antonia M. Garc\u00eda Cabrera, M. Gracia Garc\u00eda Soto<br \/>\nInvestigadoras principales: Beerli Palacio, A., Mart\u00edn Santana, J.D.<br \/>\nN\u00famero de investigadores participantes: 16<br \/>\nCuant\u00eda: 60.000\u20ac<\/p>\n<p style=\"text-align: justify;\"><strong>Historia e Imagen de una Empresa Familiar, Flick: Un Caso Paradigm\u00e1tico<\/strong><br \/>\nTipo de contrato: Consultor\u00eda, estudios t\u00e9cnicos y asesoramiento<br \/>\nEmpresa\/Administraci\u00f3n financiadora: Flick Canarias, S.A<br \/>\nDuraci\u00f3n: desde 2 de febrero 2001 a 1 de noviembre de 2002<br \/>\nInvestigadores del grupo ENI participantes: Antonia M. Garc\u00eda Cabrera<br \/>\nInvestigadores principales: D\u00edaz Meneses, G., Cabrera Su\u00e1rez, K., P\u00e9rez P\u00e9rez, P.<br \/>\nN\u00famero de investigadores participantes: 9<br \/>\nCuant\u00eda: 5.708,04\u20ac<\/p>\n<p style=\"text-align: justify;\"><strong>Asesoramiento y realizaci\u00f3n de un proyecto de implantaci\u00f3n de un cuadro de mando integral<\/strong><br \/>\nTipo de contrato: Consultor\u00eda, estudios t\u00e9cnicos y asesoramiento<br \/>\nEmpresa\/Administraci\u00f3n financiadora: Caja Insular de Ahorros de Canarias<br \/>\nDuraci\u00f3n: desde 1 de marzo de 2001 a 28 de febrero de 2002<br \/>\nInvestigadora principal: Antonia M. Garc\u00eda Cabrera<br \/>\nInvestigadores del grupo ENI participantes: Antonia M. Garc\u00eda Cabrera<br \/>\nN\u00famero de investigadores participantes: 1<br \/>\nCuant\u00eda: 36.060,73\u20ac<\/p>\n<p style=\"text-align: justify;\"><strong>An\u00e1lisis de la encuesta sobre actividad exportadora de la empresa canaria<\/strong><br \/>\nTipo de contrato: Consultor\u00eda, estudios t\u00e9cnicos y asesoramiento<br \/>\nEmpresa\/Administraci\u00f3n financiadora: Club de Exportadores &amp; Importadores de Canarias<br \/>\nDuraci\u00f3n: desde 1 de noviembre de 2000 a 31 de enero de 2001<br \/>\nInvestigadora principal: Casiano Manrique de Lara Pe\u00f1ate<br \/>\nInvestigadores del grupo ENI participantes: Sonia M. Su\u00e1rez Ortega<br \/>\nN\u00famero de investigadores participantes: 2<br \/>\nCuant\u00eda: 2.000,00\u20ac<\/p>\n<p style=\"text-align: justify;\"><strong>Gran Canaria Siglo XXI (Fase II: Formulaci\u00f3n de objetivos y acciones estrat\u00e9gicas)<\/strong><br \/>\nTipo de contrato: Consultor\u00eda, estudios t\u00e9cnicos y asesoramiento<br \/>\nEmpresa\/Administraci\u00f3n financiadora: Cabildo Insular de Gran Canaria, Caja Insular de Ahorros de Canarias<br \/>\nDuraci\u00f3n: desde 1 de enero de 1999 a 31 de diciembre de 2001<br \/>\nInvestigadores del grupo ENI participantes: Antonia M. Garc\u00eda Cabrera, M. Gracia Garc\u00eda Soto<br \/>\nInvestigador principal: Garc\u00eda Falc\u00f3n, J.M.<br \/>\nN\u00famero de investigadores participantes: 99<br \/>\nCuant\u00eda: 360.607,26\u20ac<\/p>\n<p style=\"text-align: justify;\"><strong>Consejo Regulador para la Denominaci\u00f3n de Origen Provisional de Gran Canaria<\/strong><br \/>\nTipo de contrato: Consultor\u00eda, estudios t\u00e9cnicos y asesoramiento<br \/>\nEmpresa\/Administraci\u00f3n financiadora: Consejo Regulador para la Denominaci\u00f3n de Origen Provisional de Gran Canaria<br \/>\nDuraci\u00f3n: desde 1 de octubre de 1999 a 28 de febrero de 2000<br \/>\nInvestigadora principal: Rafael Robaina Romero<br \/>\nInvestigadores del grupo ENI participantes: Sonia M. Su\u00e1rez Ortega<br \/>\nN\u00famero de investigadores participantes: 5<br \/>\nCuant\u00eda: 10.000,00\u20ac<\/p>\n<p style=\"text-align: justify;\"><strong>Los procesos de internacionalizaci\u00f3n de las empresas en las zonas off-shore: una aplicaci\u00f3n a la localizaci\u00f3n de empresas extranjeras en la Zona Especial Canaria.<\/strong><br \/>\nTipo de contrato: XV edici\u00f3n de Programa Innova de Mecenazgo Universitario<br \/>\nEmpresa\/Administraci\u00f3n financiadora: Zona Especial Canaria y Fundaci\u00f3n Canaria Universitaria de Las Palmas<br \/>\nDuraci\u00f3n: 1 de enero de 1998 a 1 de enero de 2001<br \/>\nInvestigadores del grupo ENI participantes: Antonia M. Garc\u00eda Cabrera, Sonia M. Su\u00e1rez Ortega<br \/>\nInvestigadores principales: Garc\u00eda Falc\u00f3n, J.M.<br \/>\nN\u00famero de investigadores participantes: 7<br \/>\nCuant\u00eda: 17.500\u20ac<\/p>\n<p style=\"text-align: justify;\"><strong>Gran Canaria Siglo XXI (Fase I: Diagn\u00f3stico de situaci\u00f3n)<\/strong><br \/>\nTipo de contrato: Consultor\u00eda, estudios t\u00e9cnicos y asesoramiento<br \/>\nEmpresa\/Administraci\u00f3n financiadora: Cabildo Insular de Gran Canaria<br \/>\nDuraci\u00f3n: 1 de enero de 1996 a 31 de diciembre de 1998<br \/>\nInvestigadores del grupo ENI participantes: Antonia M. Garc\u00eda Cabrera<br \/>\nInvestigador principal: Garc\u00eda Falc\u00f3n, J.M.<br \/>\nN\u00famero de investigadores participantes: 61<br \/>\nCuant\u00eda: 360.607,26\u20ac<\/p>\n<p style=\"text-align: justify;\"><strong>Propuesta de Direcci\u00f3n Estrat\u00e9gica con Diagn\u00f3stico Interno para las \u00c1reas Funcionales y An\u00e1lisis del Sector para el grupo empresarial CAPISA-TENEGRAN<\/strong><br \/>\nTipo de contrato: Consultor\u00eda, estudios t\u00e9cnicos y asesoramiento<br \/>\nEmpresa\/Administraci\u00f3n financiadora: CAPISA-TENEGRAN<br \/>\nDuraci\u00f3n: 1 de enero de 1994 a 31 de diciembre de 1995<br \/>\nInvestigadores del grupo ENI participantes: Antonia M. Garc\u00eda Cabrera<br \/>\nInvestigador principal: Garc\u00eda Falc\u00f3n, J.M.<br \/>\nN\u00famero investigadores participantes: 7<\/p>\n<p style=\"text-align: justify;\"><\/div><div class=\"nav fusion-mobile-tab-nav\"><ul class=\"nav-tabs\" role=\"tablist\"><li role=\"presentation\"><a class=\"tab-link\" data-toggle=\"tab\" role=\"tab\" aria-controls=\"tab-459068a8d34616efe9c\" aria-selected=\"false\" tabindex=\"-1\" id=\"mobile-fusion-tab-i&amp;de-uniovi\" href=\"#tab-459068a8d34616efe9c\"><h4 class=\"fusion-tab-heading\">I&amp;DE-UNIOVI<\/h4><\/a><\/li><\/ul><\/div><div class=\"tab-pane fade fusion-clearfix\" role=\"tabpanel\" tabindex=\"0\" aria-labelledby=\"fusion-tab-i&amp;de-uniovi\" id=\"tab-459068a8d34616efe9c\">\n<h2 style=\"text-align: justify;\">Convenios y Contratos I&amp;DE-UNIOVI<\/h2>\n<p style=\"text-align: justify;\"><strong>El papel de la mujer en las empresas asturianas con actividad internacional<\/strong><br \/>\nTipo de contrato: Contrato de asistencia t\u00e9cnica<br \/>\nEmpresa\/Administraci\u00f3n financiadora: Sociedad de Promoci\u00f3n Exterior del Principado de Asturias (ASTUREX)<br \/>\nDuraci\u00f3n: 5 de mayo de 2021 hasta: 1 de mayo de 2022<br \/>\nInvestigadores del grupo I&amp;DE participantes: L\u00f3pez Duarte, C. y Vidal Su\u00e1rez, M.M.<br \/>\nInvestigadora principales: L\u00f3pez Duarte, C.<br \/>\nN\u00famero de investigadores participantes: 4.<\/p>\n<p style=\"text-align: justify;\"><\/div><\/div><\/div><\/div><\/div><\/div><\/div><\/p>\n","protected":false},"excerpt":{"rendered":"","protected":false},"author":1,"featured_media":0,"parent":0,"menu_order":0,"comment_status":"closed","ping_status":"closed","template":"","meta":[],"_links":{"self":[{"href":"https:\/\/eni.ulpgc.es\/index.php\/wp-json\/wp\/v2\/pages\/3709"}],"collection":[{"href":"https:\/\/eni.ulpgc.es\/index.php\/wp-json\/wp\/v2\/pages"}],"about":[{"href":"https:\/\/eni.ulpgc.es\/index.php\/wp-json\/wp\/v2\/types\/page"}],"author":[{"embeddable":true,"href":"https:\/\/eni.ulpgc.es\/index.php\/wp-json\/wp\/v2\/users\/1"}],"replies":[{"embeddable":true,"href":"https:\/\/eni.ulpgc.es\/index.php\/wp-json\/wp\/v2\/comments?post=3709"}],"version-history":[{"count":13,"href":"https:\/\/eni.ulpgc.es\/index.php\/wp-json\/wp\/v2\/pages\/3709\/revisions"}],"predecessor-version":[{"id":4355,"href":"https:\/\/eni.ulpgc.es\/index.php\/wp-json\/wp\/v2\/pages\/3709\/revisions\/4355"}],"wp:attachment":[{"href":"https:\/\/eni.ulpgc.es\/index.php\/wp-json\/wp\/v2\/media?parent=3709"}],"curies":[{"name":"wp","href":"https:\/\/api.w.org\/{rel}","templated":true}]}}