{"id":3632,"date":"2020-12-04T13:34:04","date_gmt":"2020-12-04T13:34:04","guid":{"rendered":"https:\/\/eni.ulpgc.es\/?page_id=3632"},"modified":"2021-10-01T21:58:06","modified_gmt":"2021-10-01T21:58:06","slug":"congresos-uniovi-desde-2009","status":"publish","type":"page","link":"https:\/\/eni.ulpgc.es\/index.php\/congresos-uniovi-desde-2009\/","title":{"rendered":"Congresos UNIOVI (desde 2009)"},"content":{"rendered":"<p style=\"text-align: justify;\"><div class=\"fusion-fullwidth fullwidth-box fusion-builder-row-1 fusion-flex-container nonhundred-percent-fullwidth non-hundred-percent-height-scrolling\" style=\"--awb-border-radius-top-left:0px;--awb-border-radius-top-right:0px;--awb-border-radius-bottom-right:0px;--awb-border-radius-bottom-left:0px;\" ><div class=\"fusion-builder-row fusion-row fusion-flex-align-items-flex-start\" style=\"max-width:1497.6px;margin-left: calc(-4% \/ 2 );margin-right: calc(-4% \/ 2 );\"><div class=\"fusion-layout-column fusion_builder_column fusion-builder-column-0 fusion_builder_column_1_1 1_1 fusion-flex-column\" style=\"--awb-bg-size:cover;--awb-width-large:100%;--awb-margin-top-large:0px;--awb-spacing-right-large:1.92%;--awb-margin-bottom-large:20px;--awb-spacing-left-large:1.92%;--awb-width-medium:100%;--awb-order-medium:0;--awb-spacing-right-medium:1.92%;--awb-spacing-left-medium:1.92%;--awb-width-small:100%;--awb-order-small:0;--awb-spacing-right-small:1.92%;--awb-spacing-left-small:1.92%;\"><div class=\"fusion-column-wrapper fusion-column-has-shadow fusion-flex-justify-content-flex-start fusion-content-layout-column\"><div class=\"fusion-title title fusion-title-1 fusion-sep-none fusion-title-text fusion-title-size-one\" style=\"--awb-margin-bottom:2px;\"><h1 class=\"title-heading-left\" style=\"margin:0;\">Presentaci\u00f3n de trabajos en Congresos (2009-2020s)<\/h1><\/div><div class=\"fusion-separator fusion-full-width-sep\" style=\"align-self: center;margin-left: auto;margin-right: auto;width:100%;\"><div class=\"fusion-separator-border sep-single\" style=\"--awb-height:20px;--awb-amount:20px;border-color:#ffa100;border-top-width:4px;\"><\/div><\/div><\/div><\/div><\/div><\/div><div class=\"fusion-fullwidth fullwidth-box fusion-builder-row-2 fusion-flex-container nonhundred-percent-fullwidth non-hundred-percent-height-scrolling\" style=\"--awb-border-radius-top-left:0px;--awb-border-radius-top-right:0px;--awb-border-radius-bottom-right:0px;--awb-border-radius-bottom-left:0px;\" ><div class=\"fusion-builder-row fusion-row fusion-flex-align-items-flex-start\" style=\"max-width:1497.6px;margin-left: calc(-4% \/ 2 );margin-right: calc(-4% \/ 2 );\"><div class=\"fusion-layout-column fusion_builder_column fusion-builder-column-1 fusion_builder_column_1_1 1_1 fusion-flex-column\" style=\"--awb-bg-size:cover;--awb-width-large:100%;--awb-margin-top-large:0px;--awb-spacing-right-large:1.92%;--awb-margin-bottom-large:20px;--awb-spacing-left-large:1.92%;--awb-width-medium:100%;--awb-order-medium:0;--awb-spacing-right-medium:1.92%;--awb-spacing-left-medium:1.92%;--awb-width-small:100%;--awb-order-small:0;--awb-spacing-right-small:1.92%;--awb-spacing-left-small:1.92%;\"><div class=\"fusion-column-wrapper fusion-column-has-shadow fusion-flex-justify-content-flex-start fusion-content-layout-column\"><div class=\"fusion-text fusion-text-1\"><ul style=\"text-align: justify;\">\n<li style=\"text-align: justify;\">L\u00f3pez Duarte, C., Frances Maley, J., Vidal Su\u00e1rez, M.M.<br \/>\n<em>International virtual mobility: is it an option for promoting the internationalization of higher education? <\/em><br \/>\nCongreso: <strong>II INTERNATIONAL CONFERENCE OF THE JOURNAL \u00abSCUOLA DEMOCRATICA\u00bb<\/strong><br \/>\nTipo de participaci\u00f3n: Comunicaci\u00f3n<br \/>\nLugar celebraci\u00f3n: Coimbra<br \/>\nFecha: junio, 2021<br \/>\nInternacional<\/li>\n<li style=\"text-align: justify;\">L\u00f3pez Duarte, C., Frances Maley, J., Vidal Su\u00e1rez, M.M.<br \/>\n<em>International student mobility: the development and preliminary evaluation in the European Higher Education Area<\/em><br \/>\nCongreso: <strong>XIV IBERIAN INTERNATIONAL BUSINESS CONFERENCE (IIBC)<\/strong><br \/>\nTipo de participaci\u00f3n: Comunicaci\u00f3n<br \/>\nLugar celebraci\u00f3n: Coimbra<br \/>\nFecha: octubre, 2019<br \/>\nInternacional<\/li>\n<li style=\"text-align: justify;\">L\u00f3pez Duarte, C., Vidal Su\u00e1rez, M.M., Gonz\u00e1lez D\u00edaz, B.<br \/>\n<em>Foreign aid as a means to achieving the Sustainable Development Goals in the ECOWAS<\/em><br \/>\nCongreso: <strong>XIV IBERIAN INTERNATIONAL BUSINESS CONFERENCE (IIBC)<\/strong><br \/>\nTipo de participaci\u00f3n: Comunicaci\u00f3n<br \/>\nLugar celebraci\u00f3n: Coimbra<br \/>\nFecha: octubre, 2019<br \/>\nInternacional<\/li>\n<li style=\"text-align: justify;\">L\u00f3pez Duarte, C., Vidal Su\u00e1rez, M.M., Gonz\u00e1lez D\u00edaz, B.<br \/>\n<em>The international scope of Asian management research: a review of the APJM 2005-2014<\/em><br \/>\nCongreso: <strong>XIII IBERIAN INTERNATIONAL BUSINESS CONFERENCE (IIBC)<\/strong><br \/>\nTipo de participaci\u00f3n: Comunicaci\u00f3n<br \/>\nLugar celebraci\u00f3n: Lisboa<br \/>\nFecha: septiembre 2017<br \/>\nInternacional<\/li>\n<li style=\"text-align: justify;\">Dur\u00e1n Herrera, J.J., Garc\u00eda Cabrera, A.M., L\u00f3pez Duarte, C.<br \/>\n<em>Sub-national institutions as determinants of the MNE\u2019s location decision: understanding the geography of Spanish FDI in USA<\/em><br \/>\nCongreso: <strong>XXVI CONGRESO NACIONAL DE LA ASOCIACI\u00d3N CIENT\u00cdFICA DE ECONOM\u00cdA Y DIRECCI\u00d3N DE LA EMPRESA (ACEDE)<\/strong><br \/>\nTipo de participaci\u00f3n: Comunicaci\u00f3n<br \/>\nLugar celebraci\u00f3n: Vigo<br \/>\nFecha: septiembre 2016<br \/>\nNacional<\/li>\n<li style=\"text-align: justify;\">L\u00f3pez Duarte, C., Vidal Su\u00e1rez, M.M., Gonz\u00e1lez D\u00edaz, B.<br \/>\n<em>Expatriate management and national culture research<\/em><br \/>\nCongreso: <strong>XXVI CONGRESO NACIONAL DE LA ASOCIACI\u00d3N CIENT\u00cdFICA DE ECONOM\u00cdA Y DIRECCI\u00d3N DE LA EMPRESA (ACEDE)<\/strong><br \/>\nTipo de participaci\u00f3n: Mesa interactiva<br \/>\nLugar celebraci\u00f3n: Vigo<br \/>\nFecha: septiembre 2016<br \/>\nNacional<\/li>\n<li style=\"text-align: justify;\">L\u00f3pez Duarte, C., Vidal Su\u00e1rez, M.M., Gonz\u00e1lez D\u00edaz, B.<br \/>\n<em>A bibliometric study of most expatriate management and national culture research<\/em><br \/>\nCongreso: <strong>XI IBERIAN INTERNATIONAL BUSINESS CONFERENCE (IIBC)<\/strong><br \/>\nTipo de participaci\u00f3n: Comunicaci\u00f3n<br \/>\nLugar celebraci\u00f3n: Oporto<br \/>\nFecha: octubre 2015<br \/>\nInternacional<\/li>\n<li style=\"text-align: justify;\">L\u00f3pez Duarte, C., Vidal Su\u00e1rez, M.M., Gonz\u00e1lez D\u00edaz, B.<br \/>\n<em>A bibliometric study of most influential authors in expatriate management and national culture research<\/em><br \/>\nCongreso: <strong>13TH WORKSHOP ON INTERNATIONAL MANAGEMENT<\/strong><br \/>\nTipo de participaci\u00f3n: Comunicaci\u00f3n<br \/>\nLugar celebraci\u00f3n: Venecia<br \/>\nFecha: octubre 2015<br \/>\nInternacional<\/li>\n<li style=\"text-align: justify;\">Dur\u00e1n Herrera, J.J., Garc\u00eda Cabrera, A.M., L\u00f3pez Duarte, C.<br \/>\n<em>Sub-national institutions as determinants of the MNE\u2019s location decision: understanding the geography of Spanish FDI in USA<\/em><br \/>\nCongreso: <strong>13TH WORKSHOP ON INTERNATIONAL MANAGEMENT<\/strong><br \/>\nTipo de participaci\u00f3n: Comunicaci\u00f3n<br \/>\nLugar celebraci\u00f3n: Venecia<br \/>\nFecha: octubre 2015<br \/>\nInternacional<\/li>\n<li style=\"text-align: justify;\">L\u00f3pez Duarte, C., Vidal Su\u00e1rez, M.M., Gonz\u00e1lez D\u00edaz, B.<br \/>\n<em>National culture and international alliances: A review of recent literature<\/em><br \/>\nCongreso: <strong>X IBERIAN INTERNATIONAL BUSINESS CONFERENCE (IIBC)<\/strong><br \/>\nTipo de participaci\u00f3n: Comunicaci\u00f3n<br \/>\nLugar celebraci\u00f3n: Zaragoza<br \/>\nFecha: octubre 2014<br \/>\nInternacional<\/li>\n<li style=\"text-align: justify;\">L\u00f3pez Duarte, C., Vidal Su\u00e1rez, M.M., Gonz\u00e1lez D\u00edaz, B.<br \/>\n<em>Analysing the role of national culture on international alliances\u2019 features: A review of recent literature<\/em><br \/>\nCongreso: <strong>XXIV CONGRESO NACIONAL DE LA ASOCIACI\u00d3N CIENT\u00cdFICA DE ECONOM\u00cdA Y DIRECCI\u00d3N DE LA EMPRESA (ACEDE)<\/strong><br \/>\nTipo de participaci\u00f3n: Comunicaci\u00f3n<br \/>\nLugar celebraci\u00f3n: Castell\u00f3n<br \/>\nFecha: septiembre 2014<br \/>\nNacional<\/li>\n<li style=\"text-align: justify;\">L\u00f3pez Duarte, C., Vidal Su\u00e1rez, M.M., Gonz\u00e1lez D\u00edaz, B.<br \/>\n<em>International Growth and national culture: How far have we advanced in the last decade<\/em><br \/>\nCongreso: <strong>14TH ANNUAL CONFERENCE OF EUROPEAN ACADEMY OF MANAGEMENT<\/strong><br \/>\nTipo de participaci\u00f3n: Comunicaci\u00f3n<br \/>\nLugar celebraci\u00f3n: Valencia<br \/>\nFecha: junio 2014<br \/>\nInternacional<\/li>\n<li style=\"text-align: justify;\">L\u00f3pez Duarte, C., Vidal Su\u00e1rez, M.M., Gonz\u00e1lez D\u00edaz, B.<br \/>\n<em>An approach to recent models of cross-national distance<\/em><br \/>\nCongreso: <strong>XXIX Congreso de la Asociaci\u00f3n Cient\u00edfica de Econom\u00eda y Direcci\u00f3n de Empresas (ACEDE)<\/strong><br \/>\nTipo de participaci\u00f3n: Comunicaci\u00f3n<br \/>\nLugar celebraci\u00f3n: A Coru\u00f1a<br \/>\nFecha: junio, 2019<br \/>\nNacional<\/li>\n<li style=\"text-align: justify;\">Gonz\u00e1lez D\u00edaz, B., L\u00f3pez Duarte, C., Vidal Su\u00e1rez, M.M.<br \/>\n<em>National culture and internationalization processes: how much do we know?<\/em><br \/>\nCongreso: <strong>39TH CONFERENCE OF THE EUROPEAN INTERNATIONAL BUSINESS ACADEMY (EIBA)<\/strong><br \/>\nTipo de participaci\u00f3n: Comunicaci\u00f3n<br \/>\nLugar celebraci\u00f3n: Bremen<br \/>\nFecha: diciembre 2013<br \/>\nInternacional<\/li>\n<li style=\"text-align: justify;\">Gonz\u00e1lez D\u00edaz, B., L\u00f3pez Duarte, C., Vidal Su\u00e1rez, M.M.<br \/>\n<em>The impact of cultural differences on entry mode choice: a qualitative comparative analysis<\/em><br \/>\nCongreso: <strong>39TH CONFERENCE OF THE EUROPEAN INTERNATIONAL BUSINESS ACADEMY (EIBA)<\/strong><br \/>\nTipo de participaci\u00f3n: Comunicaci\u00f3n<br \/>\nLugar celebraci\u00f3n: Bremen<br \/>\nFecha: diciembre 2013<br \/>\nInternacional<\/li>\n<li style=\"text-align: justify;\">Gonz\u00e1lez D\u00edaz, B., L\u00f3pez Duarte, C., Vidal Su\u00e1rez, M.M.<br \/>\n<em>National culture and internationalization processes: how much do we know?<\/em><br \/>\nCongreso: <strong>IX IBERIAN INTERNATIONAL BUSINESS CONFERENCE (IIBC)<\/strong><br \/>\nTipo de participaci\u00f3n: Comunicaci\u00f3n<br \/>\nLugar celebraci\u00f3n: Braga<br \/>\nFecha: octubre 2013<br \/>\nInternacional<\/li>\n<li style=\"text-align: justify;\">Gonz\u00e1lez D\u00edaz, B., L\u00f3pez Duarte, C., Vidal Su\u00e1rez, M.M.<br \/>\n<em>The impact of cultural differences on entry mode choice: a qualitative comparative analysis<\/em><br \/>\nCongreso: <strong>IX IBERIAN INTERNATIONAL BUSINESS CONFERENCE (IIBC)<\/strong><br \/>\nTipo de participaci\u00f3n: Comunicaci\u00f3n<br \/>\nLugar celebraci\u00f3n: Braga<br \/>\nFecha: octubre 2013<br \/>\nInternacional<\/li>\n<li style=\"text-align: justify;\">Bel\u00e9n Gonz\u00e1lez D\u00edaz, Cristina L\u00f3pez Duarte y Marta M. Vidal Su\u00e1rez<br \/>\n<em>Dimensiones de cultura nacional y estructura de propiedad de las inversiones exteriores: an\u00e1lisis desde una perspectiva cualitativa<\/em><br \/>\nCongreso: <strong>XXIII CONGRESO NACIONAL DE LA ASOCIACI\u00d3N CIENT\u00cdFICA DE ECONOM\u00cdA Y DIRECCI\u00d3N DE LA EMPRESA (ACEDE)<\/strong><br \/>\nTipo de participaci\u00f3n: Comunicaci\u00f3n<br \/>\nLugar celebraci\u00f3n: M\u00e1laga<br \/>\nFecha: septiembre 2013<br \/>\nNacional<\/li>\n<li style=\"text-align: justify;\">Gonz\u00e1lez D\u00edaz, B., L\u00f3pez Duarte, C., Vidal Su\u00e1rez, M.M.<br \/>\n<em>Papel de la cultura nacional en el crecimiento internacional de la empresa: una revisi\u00f3n de la literatura<\/em><br \/>\nCongreso: <strong>XXIII CONGRESO NACIONAL DE LA ASOCIACI\u00d3N CIENT\u00cdFICA DE ECONOM\u00cdA Y DIRECCI\u00d3N DE LA EMPRESA (ACEDE)<\/strong><br \/>\nTipo de participaci\u00f3n: Comunicaci\u00f3n<br \/>\nLugar celebraci\u00f3n: M\u00e1laga<br \/>\nFecha: septiembre 2013<br \/>\nNacional<\/li>\n<li style=\"text-align: justify;\">Gonz\u00e1lez D\u00edaz, B., L\u00f3pez Duarte, C., Vidal Su\u00e1rez, M.M.<br \/>\n<em>The role of cultural issues on internationalization processes: a review of recent literature<\/em><br \/>\nCongreso: <strong>EAM INTERNATIONAL MEETINGS<\/strong><br \/>\nTipo de participaci\u00f3n: Comunicaci\u00f3n<br \/>\nLugar celebraci\u00f3n: Sevilla<br \/>\nFecha: junio 2013<br \/>\nInternacional<\/li>\n<li style=\"text-align: justify;\">Gonz\u00e1lez D\u00edaz, B., L\u00f3pez Duarte, C., Vidal Su\u00e1rez, M.M.<br \/>\n<em>National culture and cultural distance in international research: a review of recent diffusion in top management journals<\/em><br \/>\nCongreso: <strong>VIII IBERIAN INTERNATIONAL BUSINESS CONFERENCE (IIBC)<\/strong><br \/>\nTipo de participaci\u00f3n: Comunicaci\u00f3n<br \/>\nLugar celebraci\u00f3n: Las Palmas de Gran Canaria<br \/>\nFecha: octubre 2012<br \/>\nInternacional<\/li>\n<li style=\"text-align: justify;\">Gonz\u00e1lez D\u00edaz, B., L\u00f3pez Duarte, C., Vidal Su\u00e1rez, M.M.<br \/>\n<em>Estudio de las decisiones de internacionalizaci\u00f3n empresarial desde una perspectiva cualitativa: aplicaci\u00f3n del an\u00e1lisis cualitativo comparativo de categor\u00edas difusas<\/em><br \/>\nCongreso:<strong> XXII CONGRESO NACIONAL DE LA ASOCIACI\u00d3N CIENT\u00cdFICA DE ECONOM\u00cdA Y DIRECCI\u00d3N DE LA EMPRESA (ACEDE)<\/strong><br \/>\nTipo de participaci\u00f3n: Comunicaci\u00f3n<br \/>\nLugar celebraci\u00f3n: C\u00e1diz<br \/>\nFecha: septiembre 2012<br \/>\nNacional<\/li>\n<li style=\"text-align: justify;\">L\u00f3pez Duarte, C., Vidal Su\u00e1rez, M.M.<br \/>\n<em>Information asymmetry, entry mode choice and the hostage theory of joint ventures: an empirical analysis based on stock market reaction to FDIs<\/em><br \/>\nCongreso: <strong>VII IBERIAN INTERNATIONAL BUSINESS CONFERENCE (IIBC)<\/strong><br \/>\nTipo de participaci\u00f3n: Comunicaci\u00f3n<br \/>\nLugar celebraci\u00f3n: Lisboa<br \/>\nFecha: octubre 2011<br \/>\nInternacional<\/li>\n<li style=\"text-align: justify;\">L\u00f3pez Duarte, C., Vidal Su\u00e1rez, M.M.<br \/>\n<em>Crecimiento internacional y distancia cultural: \u00bfqu\u00e9 miden las nuevas dimensiones del modelo de Hofstede?<\/em><br \/>\nCongreso: <strong>XXI CONGRESO NACIONAL DE LA ASOCIACI\u00d3N CIENT\u00cdFICA DE ECONOM\u00cdA Y DIRECCI\u00d3N DE LA EMPRESA (ACEDE)<\/strong><br \/>\nTipo de participaci\u00f3n: Mesa interactiva<br \/>\nLugar celebraci\u00f3n: Barcelona<br \/>\nFecha: septiembre 2011<br \/>\nNacional<\/li>\n<li style=\"text-align: justify;\">Dur\u00e1n Herrera, J.J., L\u00f3pez Duarte, C., Vidal Su\u00e1rez, M.M.<br \/>\n<em>La organizaci\u00f3n ling\u00fc\u00edstica de la empresa multinacional: el espa\u00f1ol como lengua vehicular<\/em><br \/>\nCongreso: <strong>XXI CONGRESO NACIONAL DE LA ASOCIACI\u00d3N CIENT\u00cdFICA DE ECONOM\u00cdA Y DIRECCI\u00d3N DE LA EMPRESA (ACEDE)<\/strong><br \/>\nTipo de participaci\u00f3n: Comunicaci\u00f3n<br \/>\nLugar celebraci\u00f3n: Barcelona<br \/>\nFecha: septiembre 2011<br \/>\nNacional<\/li>\n<li style=\"text-align: justify;\">L\u00f3pez Duarte, C., Vidal Su\u00e1rez, M.M.<br \/>\n<em>Foreign direct investment and diversification mode decision: the role of language diversity<\/em><br \/>\nCongreso: <strong>36TH CONFERENCE OF THE EUROPEAN INTERNATIONAL BUSINESS ACADEMY (EIBA)<\/strong><br \/>\nTipo de participaci\u00f3n: Comunicaci\u00f3n<br \/>\nLugar celebraci\u00f3n: Porto<br \/>\nFecha: diciembre 2010<br \/>\nInternacional<\/li>\n<li style=\"text-align: justify;\">L\u00f3pez Duarte, C., Vidal Su\u00e1rez, M.M.<br \/>\n<em>Diversification mode and language diversity: the role of language barriers in acquisition processes<\/em><br \/>\nCongreso: <strong>6TH IBERIAN INTERNATIONAL BUSINESS CONFERENCE (IIBC)<\/strong><br \/>\nTipo de participaci\u00f3n: Comunicaci\u00f3n<br \/>\nLugar celebraci\u00f3n: Barcelona<br \/>\nFecha: octubre 2010<br \/>\nInternacional<\/li>\n<li style=\"text-align: justify;\">L\u00f3pez Duarte, C., Vidal Su\u00e1rez, M.M.<br \/>\n<em>International growth and cultural distance: different approaches<\/em><br \/>\nCongreso: <strong>6TH IBERIAN INTERNATIONAL BUSINESS CONFERENCE (IIBC)<\/strong><br \/>\nTipo de participaci\u00f3n: Comunicaci\u00f3n<br \/>\nLugar celebraci\u00f3n: Barcelona<br \/>\nFecha: octubre 2010<br \/>\nInternacional<\/li>\n<li style=\"text-align: justify;\">L\u00f3pez Duarte, C., Vidal Su\u00e1rez, M.M.<br \/>\n<em>Diversidad ling\u00fc\u00edstica e inversi\u00f3n exterior: el papel de las barreras ling\u00fc\u00edsticas en los procesos de adquisici\u00f3n internacional<\/em><br \/>\nCongreso: <strong>XX CONGRESO NACIONAL DE LA ASOCIACI\u00d3N CIENT\u00cdFICA DE ECONOM\u00cdA Y DIRECCI\u00d3N DE LA EMPRESA (ACEDE)<\/strong><br \/>\nTipo de participaci\u00f3n: Comunicaci\u00f3n<br \/>\nLugar celebraci\u00f3n: Granada<br \/>\nFecha: septiembre 2010<br \/>\nNacional<\/li>\n<li style=\"text-align: justify;\">L\u00f3pez Duarte, C., Vidal Su\u00e1rez, M.M.<br \/>\n<em>External uncertainty and entry mode choice<\/em><br \/>\nCongreso: <strong>35TH CONFERENCE OF THE EUROPEAN INTERNATIONAL BUSINESS ACADEMY (EIBA)<\/strong><br \/>\nTipo de participaci\u00f3n: Comunicaci\u00f3n<br \/>\nLugar celebraci\u00f3n: Valencia<br \/>\nFecha: diciembre 2009<br \/>\nInternacional<\/li>\n<li style=\"text-align: justify;\">L\u00f3pez Duarte, C., Vidal Su\u00e1rez, M.M.<br \/>\n<em>Innovaciones organizativas en la expansi\u00f3n internacional de las empresas hoteleras<\/em><br \/>\nCongreso: <strong>XIV CONGRESO NACIONAL DE LA ASOCIACI\u00d3N ESPA\u00d1OLA DE EXPERTOS CIENT\u00cdFICOS EN TURISMO (AECIT)<\/strong><br \/>\nTipo de participaci\u00f3n: Comunicaci\u00f3n<br \/>\nLugar celebraci\u00f3n: Gij\u00f3n<br \/>\nFecha: noviembre 2009<br \/>\nNacional<\/li>\n<li style=\"text-align: justify;\">L\u00f3pez Duarte, C., Vidal Su\u00e1rez, M.M.x<br \/>\n<em>Incertidumbre externa y modo de entrada: c\u00f3mo resolver la paradoja de la distancia cultural<\/em><br \/>\nCongreso: <strong>XIX CONGRESO NACIONAL DE LA ASOCIACI\u00d3N CIENT\u00cdFICA DE ECONOM\u00cdA Y DIRECCI\u00d3N DE LA EMPRESA (ACEDE)<\/strong><br \/>\nTipo de participaci\u00f3n: Comunicaci\u00f3n<br \/>\nLugar celebraci\u00f3n: Toledo<br \/>\nFecha: septiembre 2009<br \/>\nNacional<\/li>\n<\/ul>\n<p style=\"text-align: justify;\">\n<\/div><\/div><\/div><\/div><\/div><\/p>\n","protected":false},"excerpt":{"rendered":"","protected":false},"author":1,"featured_media":0,"parent":0,"menu_order":0,"comment_status":"closed","ping_status":"closed","template":"","meta":[],"_links":{"self":[{"href":"https:\/\/eni.ulpgc.es\/index.php\/wp-json\/wp\/v2\/pages\/3632"}],"collection":[{"href":"https:\/\/eni.ulpgc.es\/index.php\/wp-json\/wp\/v2\/pages"}],"about":[{"href":"https:\/\/eni.ulpgc.es\/index.php\/wp-json\/wp\/v2\/types\/page"}],"author":[{"embeddable":true,"href":"https:\/\/eni.ulpgc.es\/index.php\/wp-json\/wp\/v2\/users\/1"}],"replies":[{"embeddable":true,"href":"https:\/\/eni.ulpgc.es\/index.php\/wp-json\/wp\/v2\/comments?post=3632"}],"version-history":[{"count":17,"href":"https:\/\/eni.ulpgc.es\/index.php\/wp-json\/wp\/v2\/pages\/3632\/revisions"}],"predecessor-version":[{"id":4233,"href":"https:\/\/eni.ulpgc.es\/index.php\/wp-json\/wp\/v2\/pages\/3632\/revisions\/4233"}],"wp:attachment":[{"href":"https:\/\/eni.ulpgc.es\/index.php\/wp-json\/wp\/v2\/media?parent=3632"}],"curies":[{"name":"wp","href":"https:\/\/api.w.org\/{rel}","templated":true}]}}