{"id":3630,"date":"2020-12-04T13:34:36","date_gmt":"2020-12-04T13:34:36","guid":{"rendered":"https:\/\/eni.ulpgc.es\/?page_id=3630"},"modified":"2024-02-28T12:10:41","modified_gmt":"2024-02-28T12:10:41","slug":"participacion-en-congresos","status":"publish","type":"page","link":"https:\/\/eni.ulpgc.es\/index.php\/participacion-en-congresos\/","title":{"rendered":"Participaci\u00f3n en congresos"},"content":{"rendered":"<p style=\"text-align: justify;\"><div class=\"fusion-fullwidth fullwidth-box fusion-builder-row-1 fusion-flex-container nonhundred-percent-fullwidth non-hundred-percent-height-scrolling\" style=\"--awb-border-radius-top-left:0px;--awb-border-radius-top-right:0px;--awb-border-radius-bottom-right:0px;--awb-border-radius-bottom-left:0px;\" ><div class=\"fusion-builder-row fusion-row fusion-flex-align-items-flex-start\" style=\"max-width:1497.6px;margin-left: calc(-4% \/ 2 );margin-right: calc(-4% \/ 2 );\"><div class=\"fusion-layout-column fusion_builder_column fusion-builder-column-0 fusion_builder_column_1_1 1_1 fusion-flex-column\" style=\"--awb-bg-size:cover;--awb-width-large:100%;--awb-margin-top-large:0px;--awb-spacing-right-large:1.92%;--awb-margin-bottom-large:20px;--awb-spacing-left-large:1.92%;--awb-width-medium:100%;--awb-order-medium:0;--awb-spacing-right-medium:1.92%;--awb-spacing-left-medium:1.92%;--awb-width-small:100%;--awb-order-small:0;--awb-spacing-right-small:1.92%;--awb-spacing-left-small:1.92%;\"><div class=\"fusion-column-wrapper fusion-column-has-shadow fusion-flex-justify-content-flex-start fusion-content-layout-column\"><div class=\"fusion-title title fusion-title-1 fusion-sep-none fusion-title-text fusion-title-size-one\" style=\"--awb-margin-bottom:2px;\"><h1 class=\"title-heading-left\" style=\"margin:0;\"><p style=\"text-align: justify;\">Participaci\u00f3n en congresos<\/p>\n<p style=\"text-align: justify;\"><\/h1><\/div><div class=\"fusion-separator fusion-full-width-sep\" style=\"align-self: center;margin-left: auto;margin-right: auto;width:100%;\"><div class=\"fusion-separator-border sep-single\" style=\"--awb-height:20px;--awb-amount:20px;border-color:#ffa100;border-top-width:4px;\"><\/div><\/div><\/div><\/div><\/div><\/div><div class=\"fusion-fullwidth fullwidth-box fusion-builder-row-2 fusion-flex-container nonhundred-percent-fullwidth non-hundred-percent-height-scrolling\" style=\"--awb-border-radius-top-left:0px;--awb-border-radius-top-right:0px;--awb-border-radius-bottom-right:0px;--awb-border-radius-bottom-left:0px;\" ><div class=\"fusion-builder-row fusion-row fusion-flex-align-items-flex-start\" style=\"max-width:1497.6px;margin-left: calc(-4% \/ 2 );margin-right: calc(-4% \/ 2 );\"><div class=\"fusion-layout-column fusion_builder_column fusion-builder-column-1 fusion_builder_column_1_1 1_1 fusion-flex-column\" style=\"--awb-bg-size:cover;--awb-width-large:100%;--awb-margin-top-large:0px;--awb-spacing-right-large:1.92%;--awb-margin-bottom-large:20px;--awb-spacing-left-large:1.92%;--awb-width-medium:100%;--awb-order-medium:0;--awb-spacing-right-medium:1.92%;--awb-spacing-left-medium:1.92%;--awb-width-small:100%;--awb-order-small:0;--awb-spacing-right-small:1.92%;--awb-spacing-left-small:1.92%;\"><div class=\"fusion-column-wrapper fusion-column-has-shadow fusion-flex-justify-content-flex-start fusion-content-layout-column\"><div class=\"fusion-tabs fusion-tabs-1 classic vertical-tabs icon-position-left mobile-mode-accordion\" style=\"--awb-title-border-radius-top-left:0px;--awb-title-border-radius-top-right:0px;--awb-title-border-radius-bottom-right:0px;--awb-title-border-radius-bottom-left:0px;--awb-inactive-color:#f6f6f6;--awb-background-color:#ffffff;--awb-border-color:#e2e2e2;--awb-active-border-color:#0066a1;\"><div class=\"nav\"><ul class=\"nav-tabs\" role=\"tablist\"><li class=\"active\" role=\"presentation\"><a class=\"tab-link\" data-toggle=\"tab\" role=\"tab\" aria-controls=\"tab-6e8a8fcfa5aee89abbb\" aria-selected=\"true\" id=\"fusion-tab-congresoseni-ulpgc\" href=\"#tab-6e8a8fcfa5aee89abbb\"><h4 class=\"fusion-tab-heading\">Congresos ENI-ULPGC<\/h4><\/a><\/li><li role=\"presentation\"><a class=\"tab-link\" data-toggle=\"tab\" role=\"tab\" aria-controls=\"tab-cbc3ca4a34ce1465e39\" aria-selected=\"false\" tabindex=\"-1\" id=\"fusion-tab-congresosi&amp;de-uniovi\" href=\"#tab-cbc3ca4a34ce1465e39\"><h4 class=\"fusion-tab-heading\">Congresos I&amp;DE-UNIOVI<\/h4><\/a><\/li><\/ul><\/div><div class=\"tab-content\"><div class=\"nav fusion-mobile-tab-nav\"><ul class=\"nav-tabs\" role=\"tablist\"><li class=\"active\" role=\"presentation\"><a class=\"tab-link\" data-toggle=\"tab\" role=\"tab\" aria-controls=\"tab-6e8a8fcfa5aee89abbb\" aria-selected=\"true\" id=\"mobile-fusion-tab-congresoseni-ulpgc\" href=\"#tab-6e8a8fcfa5aee89abbb\"><h4 class=\"fusion-tab-heading\">Congresos ENI-ULPGC<\/h4><\/a><\/li><\/ul><\/div><div class=\"tab-pane fade fusion-clearfix in active\" role=\"tabpanel\" tabindex=\"0\" aria-labelledby=\"fusion-tab-congresoseni-ulpgc\" id=\"tab-6e8a8fcfa5aee89abbb\">\n<h2 class=\"fusion-responsive-typography-calculated\" style=\"text-align: justify;\" data-fontsize=\"32\" data-lineheight=\"40px\">Congresos ENI-ULPGC m\u00e1s recientes<\/h2>\n<ul style=\"text-align: justify;\">\n<li>Kabbara, D, Su\u00e1rez-Ortega, S.M., Zucchella, A.<br \/>\nDeveloping entrepreneurial opportunities through multi-layered liabilities: the experiences of female migrant entrepreneurs<br \/>\nCongreso: <strong>49TH EIBA ANNUAL CONFERENCE 2023<\/strong><br \/>\nTipo de participaci\u00f3n: Competitive paper<br \/>\nLugar de celebraci\u00f3n: Lisboa, Portugal<br \/>\nFecha de celebraci\u00f3n:15 a 18 de diciembre de 2023<br \/>\nInternacional<\/li>\n<li>Su\u00e1rez-Ortega, S.M., Su\u00e1rez, M., L\u00f3pez-Duarte, C.<br \/>\nUnravelling the Impact of Multinationals on Gender Equality: A Comprehensive Literature Review<br \/>\nCongreso: <strong>49TH EIBA ANNUAL CONFERENCE 2023<\/strong><br \/>\nTipo de participaci\u00f3n: Competitive paper<br \/>\nLugar de celebraci\u00f3n: Lisboa, Portugal<br \/>\nFecha de celebraci\u00f3n:15 a 18 de diciembre de 2023<br \/>\nInternacional<\/li>\n<li>Arias V\u00e1squez, K., Santana Mart\u00edn, D.M., Garc\u00eda Cabrera, A.M.<br \/>\nDiversidad de g\u00e9nero en los consejos de administraci\u00f3n de las empresas no cotizadas espa\u00f1olas: innovaci\u00f3n, responsabilidad social corporativa e internacionalizaci\u00f3n<br \/>\nCongreso: <strong>I JORNADA DE CIBERN\u00c9TICA, EMPRESA Y SOCIEDAD<\/strong><br \/>\nTipo de participaci\u00f3n: Comunicaci\u00f3n oral<br \/>\nLugar de celebraci\u00f3n: Las Palmas de Gran Canaria, Espa\u00f1a<br \/>\nFecha de celebraci\u00f3n: 28 de noviembre de 2023<br \/>\nNacional<\/li>\n<li>Garc\u00eda Soto, M.G., Garc\u00eda Cabrera, A.M., Miranda-Martel, M.J.<br \/>\nImmigrant entrepreneurs and the use of the enclave strategy in the tourism industry: institutional macro- and meso-influences<br \/>\nCongreso: <strong>XVIII IBERIAN INTERNATIONAL BUSINESS CONFERENCE<\/strong><br \/>\nTipo de participaci\u00f3n: Comunicaci\u00f3n oral<br \/>\nLugar de celebraci\u00f3n: Granada, Espa\u00f1a<br \/>\nFecha de celebraci\u00f3n: 6 a 7 de octubre de 2023<br \/>\nInternacional<\/li>\n<li>Garc\u00eda Cabrera, A.M., Cu\u00e9llar-Molina, D., Lucia-Casademunt, A.M., Guti\u00e9rrez-P\u00e9rez, F.J.<br \/>\nPromoting immigrant entrepreneurs\u2019 well being at work: The role of host country institutions in moving toward SDGs<br \/>\nCongreso: <strong>XVIII IBERIAN INTERNATIONAL BUSINESS CONFERENCE<\/strong><br \/>\nTipo de participaci\u00f3n: Comunicaci\u00f3n oral<br \/>\nLugar de celebraci\u00f3n: Granada, Espa\u00f1a<br \/>\nFecha de celebraci\u00f3n: 6 a 7 de octubre de 2023<br \/>\nInternacional<\/li>\n<li>Su\u00e1rez Ortega, S.M., Su\u00e1rez, M., L\u00f3pez-Duarte, C.<br \/>\nAre MNEs Contributing to SDG 5 Gender Equality? A Literature Review and Research Agenda<br \/>\nCongreso: <strong>XVIII IBERIAN INTERNATIONAL BUSINESS CONFERENCE<\/strong><br \/>\nTipo de participaci\u00f3n: Comunicaci\u00f3n oral<br \/>\nLugar de celebraci\u00f3n: Granada, Espa\u00f1a<br \/>\nFecha de celebraci\u00f3n: 6 a 7 de octubre de 2023<br \/>\nInternacional<\/li>\n<li>Garc\u00eda Cabrera, A.M., Cu\u00e9llar Molina, D. Lucia Casademunt, A.M., Guti\u00e9rrez P\u00e9rez, F.J.<br \/>\nExamining the well-being of immigrant entrepreneurs in Europe: insights into agenda 2030<br \/>\nCongreso: <strong>VIII INTERNATIONAL WORKSHOP ON ENTREPRENEURSHIP RESEARCH GEM-ACEDE<\/strong><br \/>\nTipo de participaci\u00f3n: Comunicaci\u00f3n oral<br \/>\nLugar de celebraci\u00f3n: M\u00e1laga, Espa\u00f1a<br \/>\nFecha de celebraci\u00f3n: 21 a 23 de septiembre de 2023<br \/>\nInternacional<\/li>\n<\/ul>\n<p style=\"text-align: right;\"><a class=\"fusion-button button-flat fusion-button-default-size button-default button-1 fusion-button-default-span fusion-button-default-type\" href=\"\/index.php\/congresos-eni-ulpgc-desde-2009\"><span class=\"fusion-button-text\">Ver m\u00e1s (listado completo desde 2009)<\/span><\/a><\/p>\n<p style=\"text-align: justify;\"><\/div><div class=\"nav fusion-mobile-tab-nav\"><ul class=\"nav-tabs\" role=\"tablist\"><li role=\"presentation\"><a class=\"tab-link\" data-toggle=\"tab\" role=\"tab\" aria-controls=\"tab-cbc3ca4a34ce1465e39\" aria-selected=\"false\" tabindex=\"-1\" id=\"mobile-fusion-tab-congresosi&amp;de-uniovi\" href=\"#tab-cbc3ca4a34ce1465e39\"><h4 class=\"fusion-tab-heading\">Congresos I&amp;DE-UNIOVI<\/h4><\/a><\/li><\/ul><\/div><div class=\"tab-pane fade fusion-clearfix\" role=\"tabpanel\" tabindex=\"0\" aria-labelledby=\"fusion-tab-congresosi&amp;de-uniovi\" id=\"tab-cbc3ca4a34ce1465e39\">\n<h2 style=\"text-align: justify;\">Congresos I&amp;DE-UNIOVI m\u00e1s recientes<\/h2>\n<ul style=\"text-align: justify;\">\n<li>L\u00f3pez Duarte, C., Frances Maley, J., Vidal Su\u00e1rez, M.M.<br \/>\n<em>International virtual mobility: is it an option for promoting the internationalization of higher education? <\/em><br \/>\nCongreso: <strong>II INTERNATIONAL CONFERENCE OF THE JOURNAL \u00abSCUOLA DEMOCRATICA\u00bb<\/strong><br \/>\nTipo de participaci\u00f3n: Comunicaci\u00f3n<br \/>\nLugar celebraci\u00f3n: Coimbra<br \/>\nFecha: junio, 2021<br \/>\nInternacional<\/li>\n<li>L\u00f3pez Duarte, C., Frances Maley, J., Vidal Su\u00e1rez, M.M.<br \/>\n<em>International student mobility: the development and preliminary evaluation in the European Higher Education Area<\/em><br \/>\nCongreso: <strong>XIV IBERIAN INTERNATIONAL BUSINESS CONFERENCE (IIBC)<\/strong><br \/>\nTipo de participaci\u00f3n: Comunicaci\u00f3n<br \/>\nLugar celebraci\u00f3n: Coimbra<br \/>\nFecha: octubre, 2019<br \/>\nInternacional<\/li>\n<li>L\u00f3pez Duarte, C., Vidal Su\u00e1rez, M.M., Gonz\u00e1lez D\u00edaz, B.<br \/>\n<em>Foreign aid as a means to achieving the Sustainable Development Goals in the ECOWAS<\/em><br \/>\nCongreso: <strong>XIV IBERIAN INTERNATIONAL BUSINESS CONFERENCE (IIBC)<\/strong><br \/>\nTipo de participaci\u00f3n: Comunicaci\u00f3n<br \/>\nLugar celebraci\u00f3n: Coimbra<br \/>\nFecha: octubre, 2019<br \/>\nInternacional<\/li>\n<li>L\u00f3pez Duarte, C., Vidal Su\u00e1rez, M.M., Gonz\u00e1lez D\u00edaz, B.<br \/>\n<em>The international scope of Asian management research: a review of the APJM 2005-2014<\/em><br \/>\nCongreso: <strong>XIII IBERIAN INTERNATIONAL BUSINESS CONFERENCE (IIBC)<\/strong><br \/>\nTipo de participaci\u00f3n: Comunicaci\u00f3n<br \/>\nLugar celebraci\u00f3n: Lisboa<br \/>\nFecha: septiembre 2017<br \/>\nInternacional<\/li>\n<li>Dur\u00e1n Herrera, J.J., Garc\u00eda Cabrera, A.M., L\u00f3pez Duarte, C.<br \/>\n<em>Sub-national institutions as determinants of the MNE\u2019s location decision: understanding the geography of Spanish FDI in USA<\/em><br \/>\nCongreso: <strong>XXVI CONGRESO NACIONAL DE LA ASOCIACI\u00d3N CIENT\u00cdFICA DE ECONOM\u00cdA Y DIRECCI\u00d3N DE LA EMPRESA (ACEDE)<\/strong><br \/>\nTipo de participaci\u00f3n: Comunicaci\u00f3n<br \/>\nLugar celebraci\u00f3n: Vigo<br \/>\nFecha: septiembre 2016<br \/>\nNacional<\/li>\n<li>L\u00f3pez Duarte, C., Vidal Su\u00e1rez, M.M., Gonz\u00e1lez D\u00edaz, B.<br \/>\n<em>Expatriate management and national culture research<\/em><br \/>\nCongreso: <strong>XXVI CONGRESO NACIONAL DE LA ASOCIACI\u00d3N CIENT\u00cdFICA DE ECONOM\u00cdA Y DIRECCI\u00d3N DE LA EMPRESA (ACEDE)<\/strong><br \/>\nTipo de participaci\u00f3n: Mesa interactiva<br \/>\nLugar celebraci\u00f3n: Vigo<br \/>\nFecha: septiembre 2016<br \/>\nNacional<\/li>\n<li>L\u00f3pez Duarte, C., Vidal Su\u00e1rez, M.M., Gonz\u00e1lez D\u00edaz, B.<br \/>\n<em>A bibliometric study of most expatriate management and national culture research<\/em><br \/>\nCongreso: <strong>XI IBERIAN INTERNATIONAL BUSINESS CONFERENCE (IIBC)<\/strong><br \/>\nTipo de participaci\u00f3n: Comunicaci\u00f3n<br \/>\nLugar celebraci\u00f3n: Oporto<br \/>\nFecha: octubre 2015<br \/>\nInternacional<\/li>\n<\/ul>\n<p style=\"text-align: right;\"><a class=\"fusion-button button-flat fusion-button-default-size button-default button-1 fusion-button-default-span fusion-button-default-type\" href=\"https:\/\/eni.ulpgc.es\/index.php\/congresos-uniovi-desde-2009\"><span class=\"fusion-button-text\">Ver m\u00e1s (listado completo desde 2009)<\/span><\/a><\/p>\n<p style=\"text-align: justify;\"><\/div><\/div><\/div><\/div><\/div><\/div><\/div><\/p>\n","protected":false},"excerpt":{"rendered":"","protected":false},"author":1,"featured_media":0,"parent":0,"menu_order":0,"comment_status":"closed","ping_status":"closed","template":"","meta":[],"_links":{"self":[{"href":"https:\/\/eni.ulpgc.es\/index.php\/wp-json\/wp\/v2\/pages\/3630"}],"collection":[{"href":"https:\/\/eni.ulpgc.es\/index.php\/wp-json\/wp\/v2\/pages"}],"about":[{"href":"https:\/\/eni.ulpgc.es\/index.php\/wp-json\/wp\/v2\/types\/page"}],"author":[{"embeddable":true,"href":"https:\/\/eni.ulpgc.es\/index.php\/wp-json\/wp\/v2\/users\/1"}],"replies":[{"embeddable":true,"href":"https:\/\/eni.ulpgc.es\/index.php\/wp-json\/wp\/v2\/comments?post=3630"}],"version-history":[{"count":21,"href":"https:\/\/eni.ulpgc.es\/index.php\/wp-json\/wp\/v2\/pages\/3630\/revisions"}],"predecessor-version":[{"id":4197,"href":"https:\/\/eni.ulpgc.es\/index.php\/wp-json\/wp\/v2\/pages\/3630\/revisions\/4197"}],"wp:attachment":[{"href":"https:\/\/eni.ulpgc.es\/index.php\/wp-json\/wp\/v2\/media?parent=3630"}],"curies":[{"name":"wp","href":"https:\/\/api.w.org\/{rel}","templated":true}]}}