{"id":3603,"date":"2020-12-03T18:46:13","date_gmt":"2020-12-03T18:46:13","guid":{"rendered":"https:\/\/eni.ulpgc.es\/?page_id=3603"},"modified":"2021-10-01T21:36:19","modified_gmt":"2021-10-01T21:36:19","slug":"publicaciones-equipo-ide-uniovi-desde-2009","status":"publish","type":"page","link":"https:\/\/eni.ulpgc.es\/index.php\/publicaciones-equipo-ide-uniovi-desde-2009\/","title":{"rendered":"Publicaciones equipo I&#038;DE-UNIOVI (desde 2009)"},"content":{"rendered":"<p style=\"text-align: justify;\"><div class=\"fusion-fullwidth fullwidth-box fusion-builder-row-1 fusion-flex-container nonhundred-percent-fullwidth non-hundred-percent-height-scrolling\" style=\"--awb-border-radius-top-left:0px;--awb-border-radius-top-right:0px;--awb-border-radius-bottom-right:0px;--awb-border-radius-bottom-left:0px;\" ><div class=\"fusion-builder-row fusion-row fusion-flex-align-items-flex-start\" style=\"max-width:1497.6px;margin-left: calc(-4% \/ 2 );margin-right: calc(-4% \/ 2 );\"><div class=\"fusion-layout-column fusion_builder_column fusion-builder-column-0 fusion_builder_column_1_1 1_1 fusion-flex-column\" style=\"--awb-bg-size:cover;--awb-width-large:100%;--awb-margin-top-large:0px;--awb-spacing-right-large:1.92%;--awb-margin-bottom-large:20px;--awb-spacing-left-large:1.92%;--awb-width-medium:100%;--awb-order-medium:0;--awb-spacing-right-medium:1.92%;--awb-spacing-left-medium:1.92%;--awb-width-small:100%;--awb-order-small:0;--awb-spacing-right-small:1.92%;--awb-spacing-left-small:1.92%;\"><div class=\"fusion-column-wrapper fusion-column-has-shadow fusion-flex-justify-content-flex-start fusion-content-layout-column\"><div class=\"fusion-title title fusion-title-1 fusion-sep-none fusion-title-text fusion-title-size-one\" style=\"--awb-margin-bottom:2px;\"><h1 class=\"title-heading-left\" style=\"margin:0;\"><p style=\"text-align: justify;\"><span lang=\"en-US\">Publicaciones equipo I&amp;DE-UNIOVI (desde 2009)<\/span><\/p>\n<p style=\"text-align: justify;\"><\/h1><\/div><div class=\"fusion-separator fusion-full-width-sep\" style=\"align-self: center;margin-left: auto;margin-right: auto;width:100%;\"><div class=\"fusion-separator-border sep-single\" style=\"--awb-height:20px;--awb-amount:20px;border-color:#ffa100;border-top-width:4px;\"><\/div><\/div><\/div><\/div><\/div><\/div><div class=\"fusion-fullwidth fullwidth-box fusion-builder-row-2 fusion-flex-container nonhundred-percent-fullwidth non-hundred-percent-height-scrolling\" style=\"--awb-border-radius-top-left:0px;--awb-border-radius-top-right:0px;--awb-border-radius-bottom-right:0px;--awb-border-radius-bottom-left:0px;\" ><div class=\"fusion-builder-row fusion-row fusion-flex-align-items-flex-start\" style=\"max-width:1497.6px;margin-left: calc(-4% \/ 2 );margin-right: calc(-4% \/ 2 );\"><div class=\"fusion-layout-column fusion_builder_column fusion-builder-column-1 fusion_builder_column_1_1 1_1 fusion-flex-column\" style=\"--awb-bg-size:cover;--awb-width-large:100%;--awb-margin-top-large:0px;--awb-spacing-right-large:1.92%;--awb-margin-bottom-large:20px;--awb-spacing-left-large:1.92%;--awb-width-medium:100%;--awb-order-medium:0;--awb-spacing-right-medium:1.92%;--awb-spacing-left-medium:1.92%;--awb-width-small:100%;--awb-order-small:0;--awb-spacing-right-small:1.92%;--awb-spacing-left-small:1.92%;\"><div class=\"fusion-column-wrapper fusion-column-has-shadow fusion-flex-justify-content-flex-start fusion-content-layout-column\"><div class=\"fusion-text fusion-text-1\"><ul style=\"text-align: justify;\">\n<li>L\u00f3pez-Duarte, C.; Vidal Su\u00e1rez, M.M. (2021). Exploring the nexus between business activity and development aid in favor of the development agenda: Placing the focus on the ECOWAS. <em>Business Strategy and Development.<\/em> Aceptado para su publicaci\u00f3n inminente.<br \/>\nPublicaci\u00f3n indexada en <strong>Emergin Sources Citation Index (WoS)<\/strong>.<\/li>\n<\/ul>\n<ul style=\"text-align: justify;\">\n<li>L\u00f3pez\u2010Duarte, C.; Maley, J.; Vidal\u2010Su\u00e1rez, M.M (2021). Main challenges to international student mobility in the European arena.<em> Scientometrics<\/em>. doi: 10.1007\/s11192-021-04155-y<br \/>\nPublicaci\u00f3n indexada en <strong>Journal Citation Reports (JCR)<\/strong>. \u00cdndice de impacto en 2020: 3.239<br \/>\nPosici\u00f3n en la categor\u00eda <em>Computers Science, Interdisciplinary Application<\/em>, <strong>Q2<\/strong>.<br \/>\n<a href=\"http:\/\/links.springernature.com\/f\/a\/Whd72MzMDRrsMkK7T2tlSg~~\/AABE5gA~\/RgRjMs7AP0QwaHR0cDovL3d3dy5zcHJpbmdlci5jb20vLS8xL0FYd214bDRYRGZ4blZWYnpkeEkyVwNzcGNCCmFMQJtRYaBL4xRSEW1tdmlkYWxAdW5pb3ZpLmVzWAQAAAbn\" target=\"_blank\" rel=\"noopener noreferrer\">Enlace al art\u00edculo<\/a><\/li>\n<\/ul>\n<ul style=\"text-align: justify;\">\n<li>L\u00f3pez-Duarte, C., Vidal Su\u00e1rez, M.M.; Gonz\u00e1lez D\u00edaz, B. (2020). Expatriate management and national culture: a bibliometric study of prolific, productive, and most cited authors and institutions. <em>The International Journal of Human Resource Management<\/em>, 31(6), 805-833.<br \/>\nPublicaci\u00f3n indexada en <strong>Journal Citation Reports (JCR)<\/strong>. \u00cdndice de impacto en 2019: 3.040<br \/>\nPosici\u00f3n en la categor\u00eda <em>Management<\/em>, <strong>Q2<\/strong>.<br \/>\n<a href=\"https:\/\/www.tandfonline.com\/doi\/abs\/10.1080\/09585192.2017.1383287?journalCode=rijh20\" target=\"_blank\" rel=\"noopener noreferrer\">Enlace al art\u00edculo<\/a><\/li>\n<\/ul>\n<ul style=\"text-align: justify;\">\n<li>L\u00f3pez-Duarte, C., Vidal-Su\u00e1rez, M.M.; Gonz\u00e1lez-D\u00edaz, B. (2019).<em> Cross-national distance and international business: an analysis of the most influential recent models, Scientometrics<\/em>, 121(1), 173-208.<br \/>\nPublicaci\u00f3n indexada en <strong>Journal Citation Reports (JCR)<\/strong> <strong>Indice de Impaco en JCR 2.770<\/strong>, Posici\u00f3n en 2019: en la categor\u00eda <em>Computers Science, Interdisciplinary Application<\/em> <strong>Q1<\/strong><br \/>\n<a href=\"https:\/\/doi.org\/10.1007\/s11192-019-03203-y\" target=\"_blank\" rel=\"noopener noreferrer\">Enlace al art\u00edculo<\/a><\/li>\n<\/ul>\n<ul style=\"text-align: justify;\">\n<li>L\u00f3pez-Duarte, C.; Vidal-Su\u00e1rez, M.M.; Gonz\u00e1lez-D\u00edaz. B. (2018). The early adulthood of the Asia Pacific Journal of Management: a literature review 2005-2014. <em>\u00a0Asia Pacific Journal of Management<\/em>, 35(2), 313-345.<br \/>\nPublicaci\u00f3n indexada en <strong>Journal Citation Reports (JCR)<\/strong>. \u00cdndice de impacto en 2016: 2.024<br \/>\nPosici\u00f3n en 2016: 83\/193 en la categor\u00eda <em>Management<\/em>, <strong>Q2<\/strong>.<br \/>\nPublicaci\u00f3n indexada en <strong>Scimago Journal &amp; Country Rank (SJR)<\/strong>. \u00cdndice de impacto en 2016: 1.339. \u00cdndice H: 56.<br \/>\nPosici\u00f3n en 2016: 37\/344 en la categor\u00eda Business and International <em>Management<\/em>, <strong>Q1<\/strong><br \/>\n<a href=\"https:\/\/link.springer.com\/article\/10.1007\/s10490-017-9560-x\" target=\"_blank\" rel=\"noopener noreferrer\">Enlace al art\u00edculo<\/a><\/li>\n<\/ul>\n<ul style=\"text-align: justify;\">\n<li>L\u00f3pez-Duarte, C.; Vidal-Su\u00e1rez, M.M.; Gonz\u00e1lez-Mieres, C. (2018). Evoluci\u00f3n y proyecci\u00f3n internacional del sector de construcci\u00f3n naval espa\u00f1ol 2002-2016: <em>El impacto del Sistema Espa\u00f1ol de Arrendamiento Fiscal. Revista de Historia Industrial<\/em>, 27(73), 133-164.<br \/>\nPublicaci\u00f3n indexada en<strong> Journal Citation Reports (JCR)<\/strong>. \u00cdndice de impacto en 2016: 0.300.<br \/>\nPosici\u00f3n en 2016: 113\/121 en la categor\u00eda <em>Business<\/em>, <strong>Q4<\/strong>; 27\/35 en la categor\u00eda de <em>History of Social Science<\/em>s, <strong>Q4<\/strong>; 311\/347 en la categor\u00eda <em>Economics<\/em>,<strong>Q4<\/strong>.<br \/>\nPublicaci\u00f3n indexada en <strong>Scimago Journal &amp; Country Rank (SJR)<\/strong>. \u00cdndice de impacto en 2016: 0.128. \u00cdndice H: 4.<br \/>\nPosici\u00f3n en 2014: 101\/133 en la categor\u00eda <em>History and Philosophy of Science<\/em>, <strong>Q4<\/strong>.<br \/>\n<a href=\"https:\/\/revistes.ub.edu\/index.php\/HistoriaIndustrial\/article\/viewFile\/22473\/23887\" target=\"_blank\" rel=\"noopener noreferrer\">Enlace al art\u00edculo<\/a><\/li>\n<\/ul>\n<ul style=\"text-align: justify;\">\n<li>L\u00f3pez-Duarte, C.; Gonz\u00e1lez-Loureiro, M.; Vidal-Su\u00e1rez, M.M.; Gonz\u00e1lez-D\u00edaz, B. (2016). International strategic alliances and national culture: mapping the field and developing a research agenda. <em>Journal of World Business<\/em>, 51(4), 511-524.<br \/>\nPublicaci\u00f3n indexada en <strong>Journal Citation Reports (JCR)<\/strong>. \u00cdndice de impacto en 2016: 3.758<br \/>\nPosici\u00f3n en 2016: 22\/121 en la categor\u00eda <em>Business,<\/em> <strong>Q1<\/strong>.<br \/>\nPublicaci\u00f3n indexada en<strong> Scimago Journal &amp; Country Rank (SJR)<\/strong>. \u00cdndice de impacto en 2016: 1.974. \u00cdndice H: 80.<br \/>\nPosici\u00f3n en 2016: 22\/344 en la categor\u00eda <em>Business and International Management<\/em>, <strong>Q1<\/strong>.<br \/>\n<a href=\"https:\/\/www.sciencedirect.com\/science\/article\/abs\/pii\/S1090951616300232\" target=\"_blank\" rel=\"noopener noreferrer\">Enlace al art\u00edculo<\/a><\/li>\n<\/ul>\n<ul style=\"text-align: justify;\">\n<li>L\u00f3pez-Duarte, C.; Vidal-Su\u00e1rez, M.M.; Gonz\u00e1lez-D\u00edaz, B.; Reis, N. (2016). Understanding the relevance of national culture in international business research: a quantitative analysis. <em>Scientometrics<\/em>, 108(3), 1553-1590.<br \/>\nPublicaci\u00f3n indexada en<strong> Journal Citation Reports (JCR)<\/strong>. \u00cdndice de impacto en 2016: 2.147<br \/>\nPosici\u00f3n en 2016: 42\/105 en la categor\u00eda <em>Computers Science, Interdisciplinary Application<\/em>, <strong>Q2<\/strong>.<br \/>\nPublicaci\u00f3n indexada en <strong>Scimago Journal &amp; Country Rank (SJR)<\/strong>. \u00cdndice de impacto en 2016: 1.154. \u00cdndice H: 86.<br \/>\nPosici\u00f3n en 2016: 80\/1099 en la categor\u00eda <em>Computer Science Application<\/em>, <strong>Q1<\/strong>.<br \/>\n<a href=\"https:\/\/link.springer.com\/article\/10.1007%2Fs11192-016-2044-9\" target=\"_blank\" rel=\"noopener noreferrer\">Enlace al art\u00edculo<\/a><\/li>\n<\/ul>\n<ul style=\"text-align: justify;\">\n<li>L\u00f3pez-Duarte, C.; Vidal-Su\u00e1rez, M.M.; Gonz\u00e1lez-D\u00edaz, B. (2016). International business and national culture: A literature review and research agenda.<em>\u00a0International Journal of Management Reviews<\/em>, 18(4), 397-416.<br \/>\nPublicaci\u00f3n indexada en <strong>Journal Citation Reports (JCR)<\/strong>. \u00cdndice de impacto en 2016: 5.578.<br \/>\nPosici\u00f3n en 2016: 8\/121 en la categor\u00eda <em>Business,<\/em> <strong>Q1<\/strong>; 10\/193 en la categor\u00eda Management, <strong>Q1<br \/>\n<\/strong>Publicaci\u00f3n indexada en <strong>Scimago Journal &amp; Country Rank (SJR)<\/strong>. \u00cdndice de impacto en 2016: 3.357. \u00cdndice H: 72.<br \/>\nPosici\u00f3n en 2016: 17\/373 en la categor\u00eda <em>Strategy and Management<\/em>, <strong>Q1<\/strong>.<br \/>\n<a href=\"https:\/\/onlinelibrary.wiley.com\/doi\/abs\/10.1111\/ijmr.12070\" target=\"_blank\" rel=\"noopener noreferrer\">Enlace al art\u00edculo<\/a><\/li>\n<\/ul>\n<ul style=\"text-align: justify;\">\n<li>L\u00f3pez-Duarte, C.; Vidal-Su\u00e1rez, M.M.; Gonz\u00e1lez-D\u00edaz, B. (2015). Impact of cultural positions on FDI\u2019s entry mode. <em>Cross Cultural Management,<\/em> 22(3), 509-526.<br \/>\nPublicaci\u00f3n indexada en <strong>Journal Citation Reports (JCR)<\/strong>. \u00cdndice de impacto en 2015: 0.778. \u00cdndice de impacto en 2016: 1.080.<br \/>\nPosici\u00f3n en 2015: 106\/115 en la categor\u00eda <em>Management<\/em>, <strong>Q3<\/strong> (<strong>Q3<\/strong> en 2016).<br \/>\nPublicaci\u00f3n indexada en <strong>Scimago Journal &amp; Country Rank (SJR)<\/strong>. \u00cdndice de impacto en 2015: 0.348. \u00cdndice de impacto en 2016: 0.292. \u00cdndice H: 20.<br \/>\nPosici\u00f3n en 2015: 102\/777 en la categor\u00eda <em>Cultural Studies<\/em>, <strong>Q1<\/strong> (<strong>Q1<\/strong> en 2016).<br \/>\n<a href=\"https:\/\/www.emerald.com\/insight\/content\/doi\/10.1108\/CCM-07-2014-0086\/full\/html\" target=\"_blank\" rel=\"noopener noreferrer\">Enlace al art\u00edculo<\/a><\/li>\n<\/ul>\n<ul style=\"text-align: justify;\">\n<li>Garc\u00eda-Cabrera, A.M.; Dur\u00e1n-Herrera, J.J.; L\u00f3pez-Duarte, C. (2015). Factores institucionales que condicionan la localizaci\u00f3n de la inversi\u00f3n directa espa\u00f1ola en Estados Unidos. <em>Informaci\u00f3n Comercia Espa\u00f1ola<\/em>. <em>Revista de Econom\u00eda,<\/em> 887, 25-37.<br \/>\nPublicaci\u00f3n indexada en <strong>IN-RECS<\/strong> (\u00cdndice de Impacto-Revistas Espa\u00f1olas de Ciencias Sociales). \u00cdndice de impacto en 2011: 0.160.<br \/>\nPosici\u00f3n en 2010: 26\/133 en la categor\u00eda de <em>Econom\u00eda<\/em>, <strong>Q2<\/strong>.<br \/>\n<a href=\"http:\/\/www.revistasice.com\/index.php\/ICE\/article\/view\/1817\" target=\"_blank\" rel=\"noopener noreferrer\">Enlace al art\u00edculo<\/a><\/li>\n<\/ul>\n<ul style=\"text-align: justify;\">\n<li>L\u00f3pez-Duarte, C.; Vidal-Su\u00e1rez, M.M.; Gonz\u00e1lez-Mieres, C. (2015). Internacionalizaci\u00f3n de Astilleros Gond\u00e1n: tecnolog\u00eda y tradici\u00f3n al servicio de la construcci\u00f3n naval. <em>Informaci\u00f3n Comercia Espa\u00f1ola<\/em>. <em>Revista de Econom\u00eda<\/em>, 887, 69-79.<br \/>\nPublicaci\u00f3n indexada en <strong>IN-RECS<\/strong> (\u00cdndice de Impacto-Revistas Espa\u00f1olas de Ciencias Sociales). \u00cdndice de impacto en 2011: 0.160.<br \/>\nPosici\u00f3n en 2011: 26\/133 en la categor\u00eda de <em>Econom\u00eda<\/em>, <strong>Q2<\/strong>.<br \/>\n<a href=\"http:\/\/www.revistasice.com\/index.php\/ICE\/article\/view\/1820\" target=\"_blank\" rel=\"noopener noreferrer\">Enlace al art\u00edculo<\/a><\/li>\n<\/ul>\n<ul style=\"text-align: justify;\">\n<li>Gonz\u00e1lez-Mieres, C.; L\u00f3pez-Duarte, C.; Vidal-Su\u00e1rez, M.M. (2015). DROPSENS S.L.: del laboratorio universitario al mercado mundial. <em>Econom\u00eda Industrial<\/em>, 404, 125-131.<br \/>\nPublicaci\u00f3n indexada en <strong>IN-RECS<\/strong> (\u00cdndice de Impacto-Revistas Espa\u00f1olas de Ciencias Sociales). \u00cdndice de impacto en 2011: 0.118.<br \/>\nPosici\u00f3n en 2011: 35\/133 en la categor\u00eda de <em>Econom\u00eda<\/em>, <strong>Q2<\/strong>.<br \/>\n<a href=\"https:\/\/www.mincotur.gob.es\/Publicaciones\/Publicacionesperiodicas\/EconomiaIndustrial\/RevistaEconomiaIndustrial\/404\/GONZALEZ,%20L%C3%93PEZ%20Y%20VIDAL.pdf\" target=\"_blank\" rel=\"noopener noreferrer\">Enlace al art\u00edculo<\/a><\/li>\n<\/ul>\n<ul style=\"text-align: justify;\">\n<li>Gonz\u00e1lez-D\u00edaz, B.; L\u00f3pez-Duarte, C.; Vidal-Su\u00e1rez, M.M. (2014). El papel de la cooperaci\u00f3n en la internacionalizaci\u00f3n empresarial: Alsa, cinco d\u00e9cadas en los mercados internacionales.\u00a0 <em>Revista de Historia Industrial<\/em>, 55, 169-195.<br \/>\nPublicaci\u00f3n indexada en <strong>Journal Citation Reports (JCR)<\/strong>. \u00cdndice de impacto en 2014: 0.290. \u00cdndice de impacto en 2016: 0.300.<br \/>\nPosici\u00f3n en 2014: 106\/115 en la categor\u00eda <em>Business<\/em>, <strong>Q4<\/strong> (<strong>Q4<\/strong> en 2016); 25\/35 en la categor\u00eda de <em>History of Social Sciences<\/em>, <strong>Q4<\/strong> (<strong>Q4<\/strong> en 2016); 289\/332 en la categor\u00eda <em>Economics<\/em> <strong>Q4<\/strong> (<strong>Q4<\/strong> en 2016).<br \/>\nPublicaci\u00f3n indexada en <strong>Scimago Journal &amp; Country Rank (SJR)<\/strong>. \u00cdndice de impacto en 2014: 0.153. \u00cdndice de impacto en 2016: 0.128. \u00cdndice H: 4.<br \/>\nPosici\u00f3n en 2014: 86\/133 en la categor\u00eda <em>History and Philosophy of Science<\/em>, <strong>Q3<\/strong> (<strong>Q4<\/strong> en 2016).<br \/>\n<a href=\"https:\/\/www.researchgate.net\/publication\/297430182_Cooperation_and_internationalization_The_case_of_ALSA\" target=\"_blank\" rel=\"noopener noreferrer\">Enlace al art\u00edculo<\/a><\/li>\n<\/ul>\n<ul style=\"text-align: justify;\">\n<li>L\u00f3pez-Duarte, C. (2013). Trying to solve the cultural distance paradox.\u00a0 <em>Journal of Business Research<\/em>, 66(4), 523-524.<br \/>\nPublicaci\u00f3n indexada en <strong>Journal Citation Reports (JCR)<\/strong>. \u00cdndice de impacto en 2013: 1.306. \u00cdndice de impacto en 2016: 3.354.<br \/>\nPosici\u00f3n en 2013: 58\/111 en la categor\u00eda <em>Business,<\/em> <strong>Q3<\/strong> (<strong>Q1<\/strong> en 2016)<br \/>\nPublicaci\u00f3n indexada en <strong>Scimago Journal &amp; Country Rank (SJR)<\/strong>. \u00cdndice de impacto en 2013: 1.299. \u00cdndice de impacto en 2016: 1.815. \u00cdndice H: 133.<br \/>\nPosici\u00f3n en 2013: 23\/164 en la categor\u00eda <em>Marketing<\/em>, <strong>Q1<\/strong> (<strong>Q1<\/strong> en 2016).<br \/>\n<a href=\"https:\/\/www.sciencedirect.com\/science\/article\/abs\/pii\/S0148296311004371\" target=\"_blank\" rel=\"noopener noreferrer\">Enlace al art\u00edculo<\/a><\/li>\n<\/ul>\n<ul style=\"text-align: justify;\">\n<li>L\u00f3pez-Duarte, C.; Vidal-Su\u00e1rez, M.M. (2013). Language distance and international acquisitions \u2014a Transaction Cost Approach. <em>International Journal of Cross Cultural Management<\/em>, 13(1), 47-63.<br \/>\nPublicaci\u00f3n indexada en <strong>Scimago Journal &amp; Country Rank (SJR)<\/strong>. \u00cdndice de impacto en 2013: 0.761. \u00cdndice de impacto en 2016: 0.358. \u00cdndice H: 36<br \/>\nPosici\u00f3n en 2013: 57\/350 en la categor\u00eda <em>Business and International Management<\/em>, <strong>Q1<\/strong> (<strong>Q2<\/strong> en 2016); 19\/732 en la categor\u00eda <em>Cultural Studies,<\/em> <strong>Q1<\/strong> (Q1 en 2016).<br \/>\n<a href=\"https:\/\/journals.sagepub.com\/doi\/10.1177\/1470595812452634\" target=\"_blank\" rel=\"noopener noreferrer\">Enlace al art\u00edculo<\/a><\/li>\n<\/ul>\n<ul style=\"text-align: justify;\">\n<li>L\u00f3pez-Duarte, C.; Vidal-Su\u00e1rez, M.M. (2013). Cultural distance on the choice between joint ventures and wholly ownedsubsidiaries.\u00a0 <em>Journal of Business Research<\/em>, 66(11), 2252-2261.<br \/>\nPublicaci\u00f3n indexada en <strong>Journal Citation Reports (JCR)<\/strong>. \u00cdndice de impacto en 2013: 1.306. \u00cdndice de impacto en 2016: 3.354.<br \/>\nPosici\u00f3n en 2013: 58\/111 en la categor\u00eda <em>Business<\/em>, <strong>Q3<\/strong> (<strong>Q1<\/strong> en 2016)<br \/>\nPublicaci\u00f3n indexada en <strong>Scimago Journal &amp; Country Rank (SJR)<\/strong>. \u00cdndice de impacto en 2013: 1.299. \u00cdndice de impacto en 2016: 1.815. \u00cdndice H: 133.<br \/>\nPosici\u00f3n en 2013: 23\/164 en la categor\u00eda <em>Marketing<\/em>, <strong>Q1<\/strong> (<strong>Q1<\/strong> en 2016).<br \/>\n<a href=\"https:\/\/www.sciencedirect.com\/science\/article\/abs\/pii\/S0148296312000495\" target=\"_blank\" rel=\"noopener noreferrer\">Enlace al art\u00edculo<\/a><\/li>\n<\/ul>\n<ul style=\"text-align: justify;\">\n<li>Gonz\u00e1lez-D\u00edaz, B.; L\u00f3pez-Duarte, C.; Vidal-Su\u00e1rez, M.M. (2013). Inversi\u00f3n espa\u00f1ola en la UE y modo de implantaci\u00f3n.\u00a0 <em>GCG Globalizaci\u00f3n, Competitividad y Gobernabilidad,<\/em> 7(1), 60-72.<br \/>\nPublicaci\u00f3n indexada en <strong>Scimago Journal &amp; Country Rank (SJR)<\/strong>. \u00cdndice de impacto en 2014 (a\u00f1o de indexaci\u00f3n): 0.101. \u00cdndice de impacto en 2016: 0.112. \u00cdndice H: 3.<br \/>\nPosici\u00f3n en 2011: 245\/283 en la categor\u00eda <em>Business, Management and Accounting<\/em> (miscellaneous), <strong>Q4<\/strong> (<strong>Q4<\/strong> en 2016); 261\/271 en la categor\u00eda <em>Economics, Econometrics and Finance<\/em> (miscellaneous), <strong>Q4<\/strong> (<strong>Q4<\/strong> en 2016).<br \/>\n<a href=\"https:\/\/gcg.universia.net\/article\/view\/442\" target=\"_blank\" rel=\"noopener noreferrer\">Enlace al art\u00edculo<\/a><\/li>\n<\/ul>\n<ul style=\"text-align: justify;\">\n<li>Dur\u00e1n-Herrera, J.J.; L\u00f3pez-Duarte, C.; Vidal-Su\u00e1rez, M.M. (2013). La organizaci\u00f3n ling\u00fc\u00edstica de la empresa multinacional. El espa\u00f1ol como lengua funcional. <em>GCG Globalizaci\u00f3n, Competitividad y Gobernabilidad,<\/em> 7 (2), 16-25.<br \/>\nPublicaci\u00f3n indexada en <strong>Scimago Journal &amp; Country Rank (SJR)<\/strong>. \u00cdndice de impacto en 2014 (a\u00f1o de indexaci\u00f3n): 0.101. \u00cdndice de impacto en 2016: 0.112. \u00cdndice H: 3.<br \/>\nPosici\u00f3n en 2011: 245\/283 en la categor\u00eda <em>Business, Management and Accounting<\/em> (miscellaneous), <strong>Q4<\/strong> (<strong>Q4<\/strong> en 2016); 261\/271 en la categor\u00eda <em>Economics, Econometrics and Finance<\/em> (miscellaneous), <strong>Q4<\/strong> (<strong>Q4<\/strong> en 2016).<br \/>\n<a href=\"https:\/\/www.redalyc.org\/pdf\/5118\/511851338005.pdf\" target=\"_blank\" rel=\"noopener noreferrer\">Enlace al art\u00edculo<\/a><\/li>\n<\/ul>\n<ul style=\"text-align: justify;\">\n<li>L\u00f3pez-Duarte, C.; Vidal-Su\u00e1rez, M.M. (2012). Influencia de la diversidad ling\u00fc\u00edstica en los procesos de adquisici\u00f3n internacional.\u00a0 <em>Academia-Revista Latinoamericana de Administraci\u00f3n<\/em>, 50(2), 1-14.<br \/>\nPublicaci\u00f3n indexada en <strong>Journal Citation Reports (JCR)<\/strong>. \u00cdndice de impacto en 2012: 0.162. \u00cdndice de impacto en 2016: 0.237.<br \/>\nPosici\u00f3n en 2012: 106\/116 en la categor\u00eda <em>Business<\/em>, <strong>Q4<\/strong> (<strong>Q4<\/strong> en 2016).<br \/>\n<a href=\"https:\/\/www.redalyc.org\/pdf\/716\/71624352002.pdf\" target=\"_blank\" rel=\"noopener noreferrer\">Enlace al art\u00edculo<\/a><\/li>\n<\/ul>\n<ul style=\"text-align: justify;\">\n<li>L\u00f3pez-Duarte, C.; Vidal-Su\u00e1rez, M.M. (2011). Inversi\u00f3n exterior y modo de entrada: Resolviendo la paradoja de la distancia cultural. <em>Cuadernos de Econom\u00eda y Direcci\u00f3n de Empresa (CEDE) \u2014Business Research Quarterly<\/em> desde 2014, 14(1), 14-25.<br \/>\nPublicaci\u00f3n indexada en <strong>Journal Citation Reports (JCR)<\/strong>. \u00cdndice de impacto en 2011: 0.268. \u00cdndice de impacto en 2016: 1.325.<br \/>\nPosici\u00f3n en 2011: 104\/113 en la categor\u00eda <em>Business<\/em> <strong>Q4<\/strong> (<strong>Q3<\/strong> en 2016).<br \/>\nPublicaci\u00f3n indexada en <strong>Scimago Journal &amp; Country Rank (SJR)<\/strong>. \u00cdndice de impacto en 2011: 0.118. \u00cdndice de impacto en 2016: 0.34. \u00cdndice H: 9.<br \/>\nPosici\u00f3n en 2011: 197\/288 en la categor\u00eda <em>Business, Management and Accounting (miscellaneous)<\/em>, <strong>Q3<\/strong> (<strong>Q2<\/strong> en 2016); 463\/532 en la categor\u00eda <em>Economics and Econometrics<\/em>, <strong>Q4<\/strong> (<strong>Q3<\/strong> en 2016).<br \/>\nPublicaci\u00f3n indexada en <strong>IN-RECS<\/strong> (\u00cdndice de Impacto-Revistas Espa\u00f1olas de Ciencias Sociales). \u00cdndice de impacto en 2011: 0.500<br \/>\nPosici\u00f3n en 2011: 7\/133 en la categor\u00eda de <em>Econom\u00eda<\/em>, <strong>Q1<\/strong>.<br \/>\n<a href=\"https:\/\/www.sciencedirect.com\/science\/article\/pii\/S1138575811000028\" target=\"_blank\" rel=\"noopener noreferrer\">Enlace al art\u00edculo<\/a><\/li>\n<\/ul>\n<ul style=\"text-align: justify;\">\n<li>L\u00f3pez-Duarte, C.; Vidal-Su\u00e1rez, M.M. (2010). External uncertainty and entry mode choice: cultural distance, political risk and language diversity. <em>\u00a0International Business Review<\/em>, 19(6), 575-588.<br \/>\nPublicaci\u00f3n indexada en <strong>Journal Citation Reports (JCR)<\/strong>. \u00cdndice de impacto en 2010: 1.489. \u00cdndice de impacto en 2016: 2.476.<br \/>\nPosici\u00f3n en 2010: 46\/103 en la categor\u00eda <em>Business<\/em>, <strong>Q2<\/strong> (<strong>Q2<\/strong> en 2016)<br \/>\nPublicaci\u00f3n indexada en <strong>Scimago Journal &amp; Country Rank (SJR)<\/strong>. \u00cdndice de impacto en 2010: 0.832. \u00cdndice de impacto en 2016: 1.193. \u00cdndice H: 60.<br \/>\nPosici\u00f3n en 2010: 45\/339 en la categor\u00eda <em>Business and International Management<\/em>, <strong>Q1<\/strong> (<strong>Q1<\/strong> en 2016).<br \/>\n<a href=\"https:\/\/www.sciencedirect.com\/science\/article\/abs\/pii\/S0969593110000351\" target=\"_blank\" rel=\"noopener noreferrer\">Enlace al art\u00edculo<\/a><\/li>\n<\/ul>\n<ul style=\"text-align: justify;\">\n<li>L\u00f3pez-Duarte, C.; Vidal-Su\u00e1rez, M.M. (2010). La influencia de la distancia cultural en el proceso de crecimiento internacional: \u00bfuna cuesti\u00f3n de paradigmas?. <em>Informaci\u00f3n Comercial Espa\u00f1ola<\/em>. <em>Revista de Econom\u00eda<\/em>, 856, 21-40.<br \/>\nPublicaci\u00f3n indexada en <strong>IN-RECS<\/strong> (\u00cdndice de Impacto-Revistas Espa\u00f1olas de Ciencias Sociales). \u00cdndice de impacto en 2010: 0.202<br \/>\nPosici\u00f3n en 2010: 20\/136 en la categor\u00eda de <em>Econom\u00eda<\/em>, <strong>Q1<\/strong>.<br \/>\n<a href=\"http:\/\/www.revistasice.com\/index.php\/ICE\/article\/view\/1359\" target=\"_blank\" rel=\"noopener noreferrer\">Enlace al art\u00edculo<\/a><\/li>\n<\/ul>\n<ul style=\"text-align: justify;\">\n<li>L\u00f3pez-Duarte, C.; Vidal-Su\u00e1rez, M.M. (2009). Estrategias de inversi\u00f3n exterior que limitan la exposici\u00f3n al riesgo: el papel de las adquisiciones parciales. <em>Cuadernos Econ\u00f3micos de ICE<\/em>, 77, 233-265.<br \/>\nPublicaci\u00f3n indexada en <strong>IN-RECS<\/strong> (\u00cdndice de Impacto-Revistas Espa\u00f1olas de Ciencias Sociales). \u00cdndice de impacto en 2009: 0.072<br \/>\nPosici\u00f3n en 2009: 43\/121 en la categor\u00eda de <em>Econom\u00eda<\/em>, <strong>Q2<\/strong>.<br \/>\n<a href=\"http:\/\/www.revistasice.com\/index.php\/CICE\/article\/view\/5963\" target=\"_blank\" rel=\"noopener noreferrer\">Enlace al art\u00edculo<\/a><\/li>\n<\/ul>\n<p style=\"text-align: justify;\">\n<\/div><\/div><\/div><\/div><\/div><\/p>\n","protected":false},"excerpt":{"rendered":"","protected":false},"author":1,"featured_media":0,"parent":0,"menu_order":0,"comment_status":"closed","ping_status":"closed","template":"","meta":[],"_links":{"self":[{"href":"https:\/\/eni.ulpgc.es\/index.php\/wp-json\/wp\/v2\/pages\/3603"}],"collection":[{"href":"https:\/\/eni.ulpgc.es\/index.php\/wp-json\/wp\/v2\/pages"}],"about":[{"href":"https:\/\/eni.ulpgc.es\/index.php\/wp-json\/wp\/v2\/types\/page"}],"author":[{"embeddable":true,"href":"https:\/\/eni.ulpgc.es\/index.php\/wp-json\/wp\/v2\/users\/1"}],"replies":[{"embeddable":true,"href":"https:\/\/eni.ulpgc.es\/index.php\/wp-json\/wp\/v2\/comments?post=3603"}],"version-history":[{"count":14,"href":"https:\/\/eni.ulpgc.es\/index.php\/wp-json\/wp\/v2\/pages\/3603\/revisions"}],"predecessor-version":[{"id":4227,"href":"https:\/\/eni.ulpgc.es\/index.php\/wp-json\/wp\/v2\/pages\/3603\/revisions\/4227"}],"wp:attachment":[{"href":"https:\/\/eni.ulpgc.es\/index.php\/wp-json\/wp\/v2\/media?parent=3603"}],"curies":[{"name":"wp","href":"https:\/\/api.w.org\/{rel}","templated":true}]}}