{"id":3503,"date":"2020-12-03T13:02:02","date_gmt":"2020-12-03T13:02:02","guid":{"rendered":"https:\/\/eni.ulpgc.es\/?page_id=3503"},"modified":"2021-03-09T15:06:24","modified_gmt":"2021-03-09T15:06:24","slug":"ide-uniovi","status":"publish","type":"page","link":"https:\/\/eni.ulpgc.es\/index.php\/ide-uniovi\/","title":{"rendered":"I&#038;DE-UNIOVI"},"content":{"rendered":"<p><div class=\"fusion-fullwidth fullwidth-box fusion-builder-row-1 fusion-flex-container nonhundred-percent-fullwidth non-hundred-percent-height-scrolling\" style=\"--awb-border-radius-top-left:0px;--awb-border-radius-top-right:0px;--awb-border-radius-bottom-right:0px;--awb-border-radius-bottom-left:0px;\" ><div class=\"fusion-builder-row fusion-row fusion-flex-align-items-flex-start\" style=\"max-width:1497.6px;margin-left: calc(-4% \/ 2 );margin-right: calc(-4% \/ 2 );\"><div class=\"fusion-layout-column fusion_builder_column fusion-builder-column-0 fusion_builder_column_1_1 1_1 fusion-flex-column\" style=\"--awb-bg-size:cover;--awb-width-large:100%;--awb-margin-top-large:0px;--awb-spacing-right-large:1.92%;--awb-margin-bottom-large:20px;--awb-spacing-left-large:1.92%;--awb-width-medium:100%;--awb-order-medium:0;--awb-spacing-right-medium:1.92%;--awb-spacing-left-medium:1.92%;--awb-width-small:100%;--awb-order-small:0;--awb-spacing-right-small:1.92%;--awb-spacing-left-small:1.92%;\"><div class=\"fusion-column-wrapper fusion-column-has-shadow fusion-flex-justify-content-flex-start fusion-content-layout-column\"><div class=\"fusion-title title fusion-title-1 fusion-sep-none fusion-title-text fusion-title-size-one\" style=\"--awb-margin-bottom:2px;\"><h1 class=\"title-heading-left\" style=\"margin:0;\">Miembros del equipo I&amp;DE-UNIOVI<\/h1><\/div><div class=\"fusion-separator fusion-full-width-sep\" style=\"align-self: center;margin-left: auto;margin-right: auto;width:100%;\"><div class=\"fusion-separator-border sep-single\" style=\"--awb-height:20px;--awb-amount:20px;border-color:#ffa100;border-top-width:4px;\"><\/div><\/div><\/div><\/div><\/div><\/div><div class=\"fusion-fullwidth fullwidth-box fusion-builder-row-2 hundred-percent-fullwidth non-hundred-percent-height-scrolling fusion-equal-height-columns\" style=\"--awb-background-position:left top;--awb-border-sizes-top:0px;--awb-border-sizes-bottom:0px;--awb-border-sizes-left:0px;--awb-border-sizes-right:0px;--awb-border-radius-top-left:0px;--awb-border-radius-top-right:0px;--awb-border-radius-bottom-right:0px;--awb-border-radius-bottom-left:0px;--awb-padding-top:30px;--awb-padding-right:40px;--awb-padding-bottom:30px;--awb-padding-left:40px;\" ><div class=\"fusion-builder-row fusion-row\"><div class=\"fusion-layout-column fusion_builder_column fusion-builder-column-1 fusion_builder_column_1_3 1_3 fusion-one-third fusion-column-first\" style=\"--awb-padding-top:2%;--awb-padding-right:2%;--awb-padding-bottom:2%;--awb-padding-left:2%;--awb-bg-size:cover;width:33.333333333333%;width:calc(33.333333333333% - ( ( 15px ) * 0.33333333333333 ) );margin-right: 15px;\"><div class=\"fusion-column-wrapper fusion-flex-column-wrapper-legacy\"><div class=\"fusion-person person fusion-person-center fusion-person-1 fusion-person-icon-bottom\" style=\"--awb-pic-style-color:#000000;--awb-pic-borderradius:200px;--awb-margin-top:0px;--awb-margin-right:0px;--awb-margin-bottom:0px;--awb-margin-left:0px;--awb-social-box-border-top:0px;--awb-social-box-border-right:0px;--awb-social-box-border-bottom:0px;--awb-social-box-border-left:0px;--awb-social-box-border-color:var(--awb-color3);--awb-social-box-border-color-hover:var(--awb-color4);--awb-social-box-colors-hover:rgba(232,232,232,0.8);--awb-social-icon-boxed-colors:#e8e8e8;--awb-social-icon-colors:#3b5998|#55acee;--awb-social-icon-colors-hover:rgba(190,189,189,0.8);\"><div class=\"person-shortcode-image-wrapper\"><div class=\"person-image-container hover-type-zoomin person-rounded-overflow\" style=\"-webkit-border-radius:200px;-moz-border-radius:200px;border-radius:200px;border:0px solid #f6f6f6;-webkit-border-radius:200px;-moz-border-radius:200px;border-radius:200px;\"><a href=\"https:\/\/scholar.google.es\/citations?user=1-ULy5sAAAAJ&amp;hl=es&amp;oi=ao\" target=\"_blank\"><img decoding=\"async\" class=\"person-img img-responsive wp-image-3507\" width=\"96\" height=\"96\" src=\"https:\/\/eni.ulpgc.es\/wp-content\/uploads\/2020\/12\/cristina.png\" alt=\"Cristina L\u00f3pez Duarte\" \/><\/a><\/div><\/div><div class=\"person-desc\"><div class=\"person-author\"><div class=\"person-author-wrapper\"><span class=\"person-name\">Cristina L\u00f3pez Duarte<\/span><span class=\"person-title\">Catedr\u00e1tica de Universidad<\/span><\/div><\/div><div class=\"person-content fusion-clearfix\"><\/div><\/div><\/div><div class=\"fusion-builder-row fusion-builder-row-inner fusion-row\"><div class=\"fusion-layout-column fusion_builder_column_inner fusion-builder-nested-column-0 fusion_builder_column_inner_1_6 1_6 fusion-one-sixth fusion-column-first\" style=\"--awb-bg-size:cover;width:13.3333%; margin-right: 4%;\"><div class=\"fusion-column-wrapper fusion-column-has-shadow fusion-flex-column-wrapper-legacy\"><div class=\"fusion-clearfix\"><\/div><\/div><\/div><div class=\"fusion-layout-column fusion_builder_column_inner fusion-builder-nested-column-1 fusion_builder_column_inner_1_6 1_6 fusion-one-sixth\" style=\"--awb-bg-size:cover;width:13.3333%; margin-right: 4%;\"><div class=\"fusion-column-wrapper fusion-column-has-shadow fusion-flex-column-wrapper-legacy\"><div class=\"fusion-fa-align-center\"><a class=\"fb-icon-element-1 fb-icon-element fontawesome-icon fa-linkedin fab circle-no fusion-link\" style=\"--awb-font-size:24px;\" href=\"https:\/\/www.linkedin.com\/in\/marta-vidal-su%C3%A1rez-68236936\/?originalSubdomain=es\" aria-label=\"Link to https:\/\/www.linkedin.com\/in\/marta-vidal-su%C3%A1rez-68236936\/?originalSubdomain=es\" target=\"_blank\" rel=\"noopener noreferrer\"><\/a><\/div><div class=\"fusion-clearfix\"><\/div><\/div><\/div><div class=\"fusion-layout-column fusion_builder_column_inner fusion-builder-nested-column-2 fusion_builder_column_inner_1_6 1_6 fusion-one-sixth\" style=\"--awb-bg-size:cover;width:13.3333%; margin-right: 4%;\"><div class=\"fusion-column-wrapper fusion-column-has-shadow fusion-flex-column-wrapper-legacy\"><div class=\"fusion-fa-align-center\"><a class=\"fb-icon-element-2 fb-icon-element fontawesome-icon icon-googlegoogle1 circle-no fusion-link\" style=\"--awb-font-size:24px;\" href=\"https:\/\/scholar.google.es\/citations?user=V_PNENgAAAAJ&amp;hl=es&amp;oi=ao\" aria-label=\"Link to https:\/\/scholar.google.es\/citations?user=V_PNENgAAAAJ&#038;hl=es&#038;oi=ao\" target=\"_blank\" rel=\"noopener noreferrer\"><\/a><\/div><div class=\"fusion-clearfix\"><\/div><\/div><\/div><div class=\"fusion-layout-column fusion_builder_column_inner fusion-builder-nested-column-3 fusion_builder_column_inner_1_6 1_6 fusion-one-sixth\" style=\"--awb-bg-size:cover;width:13.3333%; margin-right: 4%;\"><div class=\"fusion-column-wrapper fusion-column-has-shadow fusion-flex-column-wrapper-legacy\"><div class=\"fusion-fa-align-center\"><a class=\"fb-icon-element-3 fb-icon-element fontawesome-icon icon-orcidorcid circle-no fusion-link\" style=\"--awb-font-size:24px;\" href=\"https:\/\/orcid.org\/0000-0002-9579-8750\" aria-label=\"Link to https:\/\/orcid.org\/0000-0002-9579-8750\" target=\"_blank\" rel=\"noopener noreferrer\"><\/a><\/div><div class=\"fusion-clearfix\"><\/div><\/div><\/div><div class=\"fusion-layout-column fusion_builder_column_inner fusion-builder-nested-column-4 fusion_builder_column_inner_1_6 1_6 fusion-one-sixth\" style=\"--awb-bg-size:cover;width:13.3333%; margin-right: 4%;\"><div class=\"fusion-column-wrapper fusion-column-has-shadow fusion-flex-column-wrapper-legacy\"><div class=\"fusion-fa-align-center\"><a class=\"fb-icon-element-4 fb-icon-element fontawesome-icon icon-researchgateresearchgate circle-no fusion-link\" style=\"--awb-font-size:24px;\" href=\"https:\/\/www.researchgate.net\/profile\/Marta_Vidal-Suarez\" aria-label=\"Link to https:\/\/www.researchgate.net\/profile\/Marta_Vidal-Suarez\" target=\"_blank\" rel=\"noopener noreferrer\"><\/a><\/div><div class=\"fusion-clearfix\"><\/div><\/div><\/div><div class=\"fusion-layout-column fusion_builder_column_inner fusion-builder-nested-column-5 fusion_builder_column_inner_1_6 1_6 fusion-one-sixth fusion-column-last\" style=\"--awb-bg-size:cover;width:13.3333%;\"><div class=\"fusion-column-wrapper fusion-column-has-shadow fusion-flex-column-wrapper-legacy\"><div class=\"fusion-clearfix\"><\/div><\/div><\/div><\/div>\n<div class=\"fusion-clearfix\"><\/div><\/div><\/div><div class=\"fusion-layout-column fusion_builder_column fusion-builder-column-2 fusion_builder_column_2_3 2_3 fusion-two-third fusion-column-last\" style=\"--awb-bg-size:cover;width:66.666666666667%;width:calc(66.666666666667% - ( ( 15px ) * 0.66666666666667 ) );\"><div class=\"fusion-column-wrapper fusion-column-has-shadow fusion-flex-column-wrapper-legacy\"><div class=\"fusion-text fusion-text-1\"><p lang=\"en-US\"><span lang=\"es-ES\">Coordinadora del Grupo Innovaci\u00f3n y Desarrollo Empresarial<\/span><\/p>\n<p style=\"text-align: left;\"><b>Proyectos I+D+i<\/b>:<\/p>\n<ul>\n<li><b>ECO2009-07786<\/b> (Investigador Principal)<\/li>\n<li><b>SV-PA-13-ECOEMP-78<\/b> (Investigador Principal)<\/li>\n<li><b>ECO2013-41762P<\/b> (Investigador Principal)<\/li>\n<li><b>ECO2016-80518-R<\/b> (Miembro del equipo de investigaci\u00f3n)<\/li>\n<\/ul>\n<p><a href=\"https:\/\/scholar.google.es\/citations?user=1-ULy5sAAAAJ&amp;hl=es&amp;oi=ao\" target=\"_blank\" rel=\"noopener noreferrer\"><strong>Curriculum vitae<\/strong><\/a><\/p>\n<\/div><div class=\"fusion-clearfix\"><\/div><\/div><\/div><div class=\"fusion-layout-column fusion_builder_column fusion-builder-column-3 fusion_builder_column_1_3 1_3 fusion-one-third fusion-column-first\" style=\"--awb-padding-top:2%;--awb-padding-right:2%;--awb-padding-bottom:2%;--awb-padding-left:2%;--awb-bg-size:cover;width:33.333333333333%;width:calc(33.333333333333% - ( ( 15px ) * 0.33333333333333 ) );margin-right: 15px;\"><div class=\"fusion-column-wrapper fusion-flex-column-wrapper-legacy\"><div class=\"fusion-person person fusion-person-center fusion-person-2 fusion-person-icon-bottom\" style=\"--awb-pic-style-color:#000000;--awb-pic-borderradius:200px;--awb-margin-top:0px;--awb-margin-right:0px;--awb-margin-bottom:0px;--awb-margin-left:0px;--awb-social-box-border-top:0px;--awb-social-box-border-right:0px;--awb-social-box-border-bottom:0px;--awb-social-box-border-left:0px;--awb-social-box-border-color:var(--awb-color3);--awb-social-box-border-color-hover:var(--awb-color4);--awb-social-box-colors-hover:rgba(232,232,232,0.8);--awb-social-icon-boxed-colors:#e8e8e8;--awb-social-icon-colors:#3b5998|#55acee;--awb-social-icon-colors-hover:rgba(190,189,189,0.8);\"><div class=\"person-shortcode-image-wrapper\"><div class=\"person-image-container hover-type-zoomin person-rounded-overflow\" style=\"-webkit-border-radius:200px;-moz-border-radius:200px;border-radius:200px;border:0px solid #f6f6f6;-webkit-border-radius:200px;-moz-border-radius:200px;border-radius:200px;\"><a href=\"https:\/\/scholar.google.es\/citations?user=V_PNENgAAAAJ&amp;hl=es&amp;oi=ao\" target=\"_blank\"><img decoding=\"async\" class=\"person-img img-responsive wp-image-3527\" width=\"96\" height=\"96\" src=\"https:\/\/eni.ulpgc.es\/wp-content\/uploads\/2020\/09\/marta.jpg\" alt=\"Marta Mar\u00eda Vidal Su\u00e1rez\" \/><\/a><\/div><\/div><div class=\"person-desc\"><div class=\"person-author\"><div class=\"person-author-wrapper\"><span class=\"person-name\">Marta Mar\u00eda Vidal Su\u00e1rez<\/span><span class=\"person-title\">Titular de Universidad<\/span><\/div><\/div><div class=\"person-content fusion-clearfix\"><\/div><\/div><\/div><div class=\"fusion-builder-row fusion-builder-row-inner fusion-row\"><div class=\"fusion-layout-column fusion_builder_column_inner fusion-builder-nested-column-6 fusion_builder_column_inner_1_6 1_6 fusion-one-sixth fusion-column-first\" style=\"--awb-bg-size:cover;width:13.3333%; margin-right: 4%;\"><div class=\"fusion-column-wrapper fusion-column-has-shadow fusion-flex-column-wrapper-legacy\"><div class=\"fusion-clearfix\"><\/div><\/div><\/div><div class=\"fusion-layout-column fusion_builder_column_inner fusion-builder-nested-column-7 fusion_builder_column_inner_1_6 1_6 fusion-one-sixth\" style=\"--awb-bg-size:cover;width:13.3333%; margin-right: 4%;\"><div class=\"fusion-column-wrapper fusion-column-has-shadow fusion-flex-column-wrapper-legacy\"><div class=\"fusion-fa-align-center\"><a class=\"fb-icon-element-5 fb-icon-element fontawesome-icon fa-linkedin fab circle-no fusion-link\" style=\"--awb-font-size:24px;\" href=\"https:\/\/www.linkedin.com\/in\/marta-vidal-su%C3%A1rez-68236936\/?originalSubdomain=es\" aria-label=\"Link to https:\/\/www.linkedin.com\/in\/marta-vidal-su%C3%A1rez-68236936\/?originalSubdomain=es\" target=\"_blank\" rel=\"noopener noreferrer\"><\/a><\/div><div class=\"fusion-clearfix\"><\/div><\/div><\/div><div class=\"fusion-layout-column fusion_builder_column_inner fusion-builder-nested-column-8 fusion_builder_column_inner_1_6 1_6 fusion-one-sixth\" style=\"--awb-bg-size:cover;width:13.3333%; margin-right: 4%;\"><div class=\"fusion-column-wrapper fusion-column-has-shadow fusion-flex-column-wrapper-legacy\"><div class=\"fusion-fa-align-center\"><a class=\"fb-icon-element-6 fb-icon-element fontawesome-icon icon-googlegoogle1 circle-no fusion-link\" style=\"--awb-font-size:24px;\" href=\"https:\/\/scholar.google.es\/citations?user=V_PNENgAAAAJ&amp;hl=es&amp;oi=ao\" aria-label=\"Link to https:\/\/scholar.google.es\/citations?user=V_PNENgAAAAJ&#038;hl=es&#038;oi=ao\" target=\"_blank\" rel=\"noopener noreferrer\"><\/a><\/div><div class=\"fusion-clearfix\"><\/div><\/div><\/div><div class=\"fusion-layout-column fusion_builder_column_inner fusion-builder-nested-column-9 fusion_builder_column_inner_1_6 1_6 fusion-one-sixth\" style=\"--awb-bg-size:cover;width:13.3333%; margin-right: 4%;\"><div class=\"fusion-column-wrapper fusion-column-has-shadow fusion-flex-column-wrapper-legacy\"><div class=\"fusion-fa-align-center\"><a class=\"fb-icon-element-7 fb-icon-element fontawesome-icon icon-orcidorcid circle-no fusion-link\" style=\"--awb-font-size:24px;\" href=\"https:\/\/orcid.org\/0000-0002-9579-8750\" aria-label=\"Link to https:\/\/orcid.org\/0000-0002-9579-8750\" target=\"_blank\" rel=\"noopener noreferrer\"><\/a><\/div><div class=\"fusion-clearfix\"><\/div><\/div><\/div><div class=\"fusion-layout-column fusion_builder_column_inner fusion-builder-nested-column-10 fusion_builder_column_inner_1_6 1_6 fusion-one-sixth\" style=\"--awb-bg-size:cover;width:13.3333%; margin-right: 4%;\"><div class=\"fusion-column-wrapper fusion-column-has-shadow fusion-flex-column-wrapper-legacy\"><div class=\"fusion-fa-align-center\"><a class=\"fb-icon-element-8 fb-icon-element fontawesome-icon icon-researchgateresearchgate circle-no fusion-link\" style=\"--awb-font-size:24px;\" href=\"https:\/\/www.researchgate.net\/profile\/Marta_Vidal-Suarez\" aria-label=\"Link to https:\/\/www.researchgate.net\/profile\/Marta_Vidal-Suarez\" target=\"_blank\" rel=\"noopener noreferrer\"><\/a><\/div><div class=\"fusion-clearfix\"><\/div><\/div><\/div><div class=\"fusion-layout-column fusion_builder_column_inner fusion-builder-nested-column-11 fusion_builder_column_inner_1_6 1_6 fusion-one-sixth fusion-column-last\" style=\"--awb-bg-size:cover;width:13.3333%;\"><div class=\"fusion-column-wrapper fusion-column-has-shadow fusion-flex-column-wrapper-legacy\"><div class=\"fusion-clearfix\"><\/div><\/div><\/div><\/div>\n<div class=\"fusion-clearfix\"><\/div><\/div><\/div><div class=\"fusion-layout-column fusion_builder_column fusion-builder-column-4 fusion_builder_column_2_3 2_3 fusion-two-third fusion-column-last\" style=\"--awb-bg-size:cover;width:66.666666666667%;width:calc(66.666666666667% - ( ( 15px ) * 0.66666666666667 ) );\"><div class=\"fusion-column-wrapper fusion-column-has-shadow fusion-flex-column-wrapper-legacy\"><div class=\"fusion-text fusion-text-2\"><p>Responsable de la l\u00ednea de investigaci\u00f3n \u00abAyuda Oficial al desarrollo y emprendimiento internacional\u00bb del Grupo Innovaci\u00f3n y Desarrollo Empresarial<\/p>\n<p><strong>Proyectos I+D+i:\u00a0<\/strong><\/p>\n<ul>\n<li><b>ECO2009-07786<\/b> (Miembro del equipo de investigaci\u00f3n)<\/li>\n<li><b>SV-PA-13-ECOEMP-78<\/b> (Miembro del equipo de investigaci\u00f3n)<\/li>\n<li><b>ECO2013-41762P<\/b> (Miembro del equipo de investigaci\u00f3n)<\/li>\n<li><b>ECO2016-80518-R<\/b> (Miembro del equipo de investigaci\u00f3n)<\/li>\n<\/ul>\n<p><a href=\"https:\/\/scholar.google.es\/citations?user=V_PNENgAAAAJ&amp;hl=es&amp;oi=ao\" target=\"_blank\" rel=\"noopener noreferrer\"><strong>Curriculum vitae<\/strong><\/a><\/p>\n<\/div><div class=\"fusion-clearfix\"><\/div><\/div><\/div><div class=\"fusion-layout-column fusion_builder_column fusion-builder-column-5 fusion_builder_column_1_3 1_3 fusion-one-third fusion-column-first\" style=\"--awb-padding-top:2%;--awb-padding-right:2%;--awb-padding-bottom:2%;--awb-padding-left:2%;--awb-bg-size:cover;width:33.333333333333%;width:calc(33.333333333333% - ( ( 15px ) * 0.33333333333333 ) );margin-right: 15px;\"><div class=\"fusion-column-wrapper fusion-flex-column-wrapper-legacy\"><div class=\"fusion-person person fusion-person-center fusion-person-3 fusion-person-icon-bottom\" style=\"--awb-pic-style-color:#000000;--awb-pic-borderradius:200px;--awb-margin-top:0px;--awb-margin-right:0px;--awb-margin-bottom:0px;--awb-margin-left:0px;--awb-social-box-border-top:0px;--awb-social-box-border-right:0px;--awb-social-box-border-bottom:0px;--awb-social-box-border-left:0px;--awb-social-box-border-color:var(--awb-color3);--awb-social-box-border-color-hover:var(--awb-color4);--awb-social-box-colors-hover:rgba(232,232,232,0.8);--awb-social-icon-boxed-colors:#e8e8e8;--awb-social-icon-colors:#3b5998|#55acee;--awb-social-icon-colors-hover:rgba(190,189,189,0.8);\"><div class=\"person-shortcode-image-wrapper\"><div class=\"person-image-container hover-type-zoomin person-rounded-overflow\" style=\"-webkit-border-radius:200px;-moz-border-radius:200px;border-radius:200px;border:0px solid #f6f6f6;-webkit-border-radius:200px;-moz-border-radius:200px;border-radius:200px;\"><a href=\"https:\/\/scholar.google.es\/citations?user=nZlECqYAAAAJ&amp;hl=es&amp;oi=ao\" target=\"_blank\"><img decoding=\"async\" class=\"person-img img-responsive wp-image-3506\" width=\"96\" height=\"96\" src=\"https:\/\/eni.ulpgc.es\/wp-content\/uploads\/2020\/12\/belen.png\" alt=\"Bel\u00e9n Gonz\u00e1lez D\u00edaz\" \/><\/a><\/div><\/div><div class=\"person-desc\"><div class=\"person-author\"><div class=\"person-author-wrapper\"><span class=\"person-name\">Bel\u00e9n Gonz\u00e1lez D\u00edaz<\/span><span class=\"person-title\">Titular de Universidad<\/span><\/div><\/div><div class=\"person-content fusion-clearfix\"><\/div><\/div><\/div><div class=\"fusion-builder-row fusion-builder-row-inner fusion-row\"><div class=\"fusion-layout-column fusion_builder_column_inner fusion-builder-nested-column-12 fusion_builder_column_inner_1_6 1_6 fusion-one-sixth fusion-column-first\" style=\"--awb-bg-size:cover;width:16.666666666667%;width:calc(16.666666666667% - ( ( 4% + 4% + 4% + 4% + 4% ) * 0.16666666666667 ) );margin-right: 4%;\"><div class=\"fusion-column-wrapper fusion-column-has-shadow fusion-flex-column-wrapper-legacy\"><div class=\"fusion-clearfix\"><\/div><\/div><\/div><div class=\"fusion-layout-column fusion_builder_column_inner fusion-builder-nested-column-13 fusion_builder_column_inner_1_6 1_6 fusion-one-sixth\" style=\"--awb-bg-size:cover;width:16.666666666667%;width:calc(16.666666666667% - ( ( 4% + 4% + 4% + 4% + 4% ) * 0.16666666666667 ) );margin-right: 4%;\"><div class=\"fusion-column-wrapper fusion-column-has-shadow fusion-flex-column-wrapper-legacy\"><div class=\"fusion-fa-align-center\"><a class=\"fb-icon-element-9 fb-icon-element fontawesome-icon fa-linkedin fab circle-no fusion-link\" style=\"--awb-font-size:24px;\" href=\"https:\/\/www.linkedin.com\/in\/bel%C3%A9n-gonz%C3%A1lez-d%C3%ADaz-49842931\/?originalSubdomain=es\" aria-label=\"Link to https:\/\/www.linkedin.com\/in\/bel%C3%A9n-gonz%C3%A1lez-d%C3%ADaz-49842931\/?originalSubdomain=es\" target=\"_blank\" rel=\"noopener noreferrer\"><\/a><\/div><div class=\"fusion-clearfix\"><\/div><\/div><\/div><div class=\"fusion-layout-column fusion_builder_column_inner fusion-builder-nested-column-14 fusion_builder_column_inner_1_6 1_6 fusion-one-sixth\" style=\"--awb-bg-size:cover;width:16.666666666667%;width:calc(16.666666666667% - ( ( 4% + 4% + 4% + 4% + 4% ) * 0.16666666666667 ) );margin-right: 4%;\"><div class=\"fusion-column-wrapper fusion-column-has-shadow fusion-flex-column-wrapper-legacy\"><div class=\"fusion-fa-align-center\"><a class=\"fb-icon-element-10 fb-icon-element fontawesome-icon icon-googlegoogle1 circle-no fusion-link\" style=\"--awb-font-size:24px;\" href=\"https:\/\/scholar.google.es\/citations?user=nZlECqYAAAAJ&amp;hl=es&amp;oi=ao\" aria-label=\"Link to https:\/\/scholar.google.es\/citations?user=nZlECqYAAAAJ&#038;hl=es&#038;oi=ao\" target=\"_blank\" rel=\"noopener noreferrer\"><\/a><\/div><div class=\"fusion-clearfix\"><\/div><\/div><\/div><div class=\"fusion-layout-column fusion_builder_column_inner fusion-builder-nested-column-15 fusion_builder_column_inner_1_6 1_6 fusion-one-sixth\" style=\"--awb-bg-size:cover;width:16.666666666667%;width:calc(16.666666666667% - ( ( 4% + 4% + 4% + 4% + 4% ) * 0.16666666666667 ) );margin-right: 4%;\"><div class=\"fusion-column-wrapper fusion-column-has-shadow fusion-flex-column-wrapper-legacy\"><div class=\"fusion-fa-align-center\"><a class=\"fb-icon-element-11 fb-icon-element fontawesome-icon icon-orcidorcid circle-no fusion-link\" style=\"--awb-font-size:24px;\" href=\"https:\/\/orcid.org\/0000-0001-5031-8787\" aria-label=\"Link to https:\/\/orcid.org\/0000-0001-5031-8787\" target=\"_blank\" rel=\"noopener noreferrer\"><\/a><\/div><div class=\"fusion-clearfix\"><\/div><\/div><\/div><div class=\"fusion-layout-column fusion_builder_column_inner fusion-builder-nested-column-16 fusion_builder_column_inner_1_6 1_6 fusion-one-sixth\" style=\"--awb-bg-size:cover;width:16.666666666667%;width:calc(16.666666666667% - ( ( 4% + 4% + 4% + 4% + 4% ) * 0.16666666666667 ) );margin-right: 4%;\"><div class=\"fusion-column-wrapper fusion-column-has-shadow fusion-flex-column-wrapper-legacy\"><div class=\"fusion-fa-align-center\"><a class=\"fb-icon-element-12 fb-icon-element fontawesome-icon icon-researchgateresearchgate circle-no fusion-link\" style=\"--awb-font-size:24px;\" href=\"https:\/\/www.researchgate.net\/profile\/Belen_Gonzalez-Diaz\" aria-label=\"Link to https:\/\/www.researchgate.net\/profile\/Belen_Gonzalez-Diaz\" target=\"_blank\" rel=\"noopener noreferrer\"><\/a><\/div><div class=\"fusion-clearfix\"><\/div><\/div><\/div><div class=\"fusion-layout-column fusion_builder_column_inner fusion-builder-nested-column-17 fusion_builder_column_inner_1_6 1_6 fusion-one-sixth fusion-column-last\" style=\"--awb-bg-size:cover;width:16.666666666667%;width:calc(16.666666666667% - ( ( 4% + 4% + 4% + 4% + 4% ) * 0.16666666666667 ) );\"><div class=\"fusion-column-wrapper fusion-column-has-shadow fusion-flex-column-wrapper-legacy\"><div class=\"fusion-clearfix\"><\/div><\/div><\/div><\/div><div class=\"fusion-clearfix\"><\/div><\/div><\/div><div class=\"fusion-layout-column fusion_builder_column fusion-builder-column-6 fusion_builder_column_2_3 2_3 fusion-two-third fusion-column-last\" style=\"--awb-bg-size:cover;width:66.666666666667%;width:calc(66.666666666667% - ( ( 15px ) * 0.66666666666667 ) );\"><div class=\"fusion-column-wrapper fusion-column-has-shadow fusion-flex-column-wrapper-legacy\"><div class=\"fusion-text fusion-text-3\"><p>Responsable de la l\u00ednea de investigaci\u00f3n \u00abEstrategia e internacionalizaci\u00f3n empresarial\u00bb del Grupo Innovaci\u00f3n y Desarrollo Empresarial<\/p>\n<p><strong>Proyectos I+D+i:\u00a0<\/strong><\/p>\n<ul>\n<li><strong>ECO2009-07786 <\/strong>(Miembro del equipo de investigaci\u00f3n)<\/li>\n<li><strong>SV-PA-13-ECOEMP-78 <\/strong>(Miembro del equipo de investigaci\u00f3n)<\/li>\n<li><b>ECO2013-41762P<\/b> (Miembro del equipo de investigaci\u00f3n)<\/li>\n<li><b>ECO2016-80518-R<\/b> (Miembro del equipo de investigaci\u00f3n)<\/li>\n<\/ul>\n<p><strong><a href=\"https:\/\/scholar.google.es\/citations?user=nZlECqYAAAAJ&amp;hl=es&amp;oi=ao\" target=\"_blank\" rel=\"noopener noreferrer\">Curriculum vitae<\/a><\/strong><\/p>\n<\/div><div class=\"fusion-clearfix\"><\/div><\/div><\/div><\/div><\/div><\/p>\n","protected":false},"excerpt":{"rendered":"","protected":false},"author":1,"featured_media":0,"parent":0,"menu_order":0,"comment_status":"closed","ping_status":"closed","template":"100-width.php","meta":[],"_links":{"self":[{"href":"https:\/\/eni.ulpgc.es\/index.php\/wp-json\/wp\/v2\/pages\/3503"}],"collection":[{"href":"https:\/\/eni.ulpgc.es\/index.php\/wp-json\/wp\/v2\/pages"}],"about":[{"href":"https:\/\/eni.ulpgc.es\/index.php\/wp-json\/wp\/v2\/types\/page"}],"author":[{"embeddable":true,"href":"https:\/\/eni.ulpgc.es\/index.php\/wp-json\/wp\/v2\/users\/1"}],"replies":[{"embeddable":true,"href":"https:\/\/eni.ulpgc.es\/index.php\/wp-json\/wp\/v2\/comments?post=3503"}],"version-history":[{"count":28,"href":"https:\/\/eni.ulpgc.es\/index.php\/wp-json\/wp\/v2\/pages\/3503\/revisions"}],"predecessor-version":[{"id":4159,"href":"https:\/\/eni.ulpgc.es\/index.php\/wp-json\/wp\/v2\/pages\/3503\/revisions\/4159"}],"wp:attachment":[{"href":"https:\/\/eni.ulpgc.es\/index.php\/wp-json\/wp\/v2\/media?parent=3503"}],"curies":[{"name":"wp","href":"https:\/\/api.w.org\/{rel}","templated":true}]}}