{"id":3432,"date":"2020-12-02T13:42:56","date_gmt":"2020-12-02T13:42:56","guid":{"rendered":"https:\/\/eni.ulpgc.es\/?page_id=3432"},"modified":"2024-03-05T11:47:52","modified_gmt":"2024-03-05T11:47:52","slug":"proyectos","status":"publish","type":"page","link":"https:\/\/eni.ulpgc.es\/index.php\/proyectos\/","title":{"rendered":"Proyectos"},"content":{"rendered":"<p style=\"text-align: justify;\"><div class=\"fusion-fullwidth fullwidth-box fusion-builder-row-1 fusion-flex-container nonhundred-percent-fullwidth non-hundred-percent-height-scrolling\" style=\"--awb-border-radius-top-left:0px;--awb-border-radius-top-right:0px;--awb-border-radius-bottom-right:0px;--awb-border-radius-bottom-left:0px;\" ><div class=\"fusion-builder-row fusion-row fusion-flex-align-items-flex-start\" style=\"max-width:1497.6px;margin-left: calc(-4% \/ 2 );margin-right: calc(-4% \/ 2 );\"><div class=\"fusion-layout-column fusion_builder_column fusion-builder-column-0 fusion_builder_column_1_1 1_1 fusion-flex-column\" style=\"--awb-bg-size:cover;--awb-width-large:100%;--awb-margin-top-large:0px;--awb-spacing-right-large:1.92%;--awb-margin-bottom-large:20px;--awb-spacing-left-large:1.92%;--awb-width-medium:100%;--awb-order-medium:0;--awb-spacing-right-medium:1.92%;--awb-spacing-left-medium:1.92%;--awb-width-small:100%;--awb-order-small:0;--awb-spacing-right-small:1.92%;--awb-spacing-left-small:1.92%;\"><div class=\"fusion-column-wrapper fusion-column-has-shadow fusion-flex-justify-content-flex-start fusion-content-layout-column\"><div class=\"fusion-title title fusion-title-1 fusion-sep-none fusion-title-text fusion-title-size-one\" style=\"--awb-margin-bottom:2px;\"><h1 class=\"title-heading-left\" style=\"margin:0;\"><p style=\"text-align: justify;\">Proyectos<\/p>\n<p style=\"text-align: justify;\"><\/h1><\/div><div class=\"fusion-separator fusion-full-width-sep\" style=\"align-self: center;margin-left: auto;margin-right: auto;width:100%;\"><div class=\"fusion-separator-border sep-single\" style=\"--awb-height:20px;--awb-amount:20px;border-color:#ffa100;border-top-width:4px;\"><\/div><\/div><\/div><\/div><\/div><\/div><div class=\"fusion-fullwidth fullwidth-box fusion-builder-row-2 fusion-flex-container nonhundred-percent-fullwidth non-hundred-percent-height-scrolling\" style=\"--awb-border-radius-top-left:0px;--awb-border-radius-top-right:0px;--awb-border-radius-bottom-right:0px;--awb-border-radius-bottom-left:0px;\" ><div class=\"fusion-builder-row fusion-row fusion-flex-align-items-flex-start\" style=\"max-width:1497.6px;margin-left: calc(-4% \/ 2 );margin-right: calc(-4% \/ 2 );\"><div class=\"fusion-layout-column fusion_builder_column fusion-builder-column-1 fusion_builder_column_1_1 1_1 fusion-flex-column\" style=\"--awb-bg-size:cover;--awb-width-large:100%;--awb-margin-top-large:0px;--awb-spacing-right-large:1.92%;--awb-margin-bottom-large:20px;--awb-spacing-left-large:1.92%;--awb-width-medium:100%;--awb-order-medium:0;--awb-spacing-right-medium:1.92%;--awb-spacing-left-medium:1.92%;--awb-width-small:100%;--awb-order-small:0;--awb-spacing-right-small:1.92%;--awb-spacing-left-small:1.92%;\"><div class=\"fusion-column-wrapper fusion-column-has-shadow fusion-flex-justify-content-flex-start fusion-content-layout-column\"><div class=\"fusion-tabs fusion-tabs-1 classic vertical-tabs icon-position-left mobile-mode-accordion\" style=\"--awb-title-border-radius-top-left:0px;--awb-title-border-radius-top-right:0px;--awb-title-border-radius-bottom-right:0px;--awb-title-border-radius-bottom-left:0px;--awb-inactive-color:#f6f6f6;--awb-background-color:#ffffff;--awb-border-color:#e2e2e2;--awb-active-border-color:#0066a1;\"><div class=\"nav\"><ul class=\"nav-tabs\" role=\"tablist\"><li class=\"active\" role=\"presentation\"><a class=\"tab-link\" data-toggle=\"tab\" role=\"tab\" aria-controls=\"tab-25b07f8573080bcb763\" aria-selected=\"true\" id=\"fusion-tab-proyectosinternacionales\" href=\"#tab-25b07f8573080bcb763\"><h4 class=\"fusion-tab-heading\">Proyectos Internacionales<\/h4><\/a><\/li><li role=\"presentation\"><a class=\"tab-link\" data-toggle=\"tab\" role=\"tab\" aria-controls=\"tab-1b66a2ac811e9766b48\" aria-selected=\"false\" tabindex=\"-1\" id=\"fusion-tab-convocatoriasnacionales\" href=\"#tab-1b66a2ac811e9766b48\"><h4 class=\"fusion-tab-heading\">Convocatorias Nacionales<\/h4><\/a><\/li><li role=\"presentation\"><a class=\"tab-link\" data-toggle=\"tab\" role=\"tab\" aria-controls=\"tab-a9b927d1e293407dd82\" aria-selected=\"false\" tabindex=\"-1\" id=\"fusion-tab-convocatoriasregionales\" href=\"#tab-a9b927d1e293407dd82\"><h4 class=\"fusion-tab-heading\">Convocatorias Regionales<\/h4><\/a><\/li><li role=\"presentation\"><a class=\"tab-link\" data-toggle=\"tab\" role=\"tab\" aria-controls=\"tab-aef0789b5b02128f3f8\" aria-selected=\"false\" tabindex=\"-1\" id=\"fusion-tab-proyectosprecompetitivos\" href=\"#tab-aef0789b5b02128f3f8\"><h4 class=\"fusion-tab-heading\">Proyectos Precompetitivos<\/h4><\/a><\/li><\/ul><\/div><div class=\"tab-content\"><div class=\"nav fusion-mobile-tab-nav\"><ul class=\"nav-tabs\" role=\"tablist\"><li class=\"active\" role=\"presentation\"><a class=\"tab-link\" data-toggle=\"tab\" role=\"tab\" aria-controls=\"tab-25b07f8573080bcb763\" aria-selected=\"true\" id=\"mobile-fusion-tab-proyectosinternacionales\" href=\"#tab-25b07f8573080bcb763\"><h4 class=\"fusion-tab-heading\">Proyectos Internacionales<\/h4><\/a><\/li><\/ul><\/div><div class=\"tab-pane fade fusion-clearfix in active\" role=\"tabpanel\" tabindex=\"0\" aria-labelledby=\"fusion-tab-proyectosinternacionales\" id=\"tab-25b07f8573080bcb763\">\n<h2 class=\"tab\">Proyectos Internacionales (desde 2009)<\/h2>\n<p><strong>A relational view of the competitive strategy of outsourcing and its implications for organizational Behavior<\/strong><\/p>\n<p>Entidad financiadora: National Pingtung University of Science and Technology (NPUST), Research Foundation, Taiwan<br \/>\nDuraci\u00f3n: junio 2014 &#8211; septiembre 2019<br \/>\nEntidades participantes: Universidad de Las Palmas de Gran Canaria y National Pingtung University of Science and Technology<br \/>\nInvestigadores principales: Tom\u00e1s F. Espino Rodr\u00edguez<br \/>\nN\u00ba investigadores participantes: 3<br \/>\nInvestigadores del grupo ENI en el equipo de investigaci\u00f3n: Tom\u00e1s F. Espino Rodr\u00edguez<\/p>\n<p><strong>Fortalecimiento Institucional para la formaci\u00f3n e investigaci\u00f3n cient\u00edfica en comercio internacional y log\u00edstica<\/strong><\/p>\n<p>Entidad financiadora: Proyecto de Colaboraci\u00f3n Internacional (PCI)<br \/>\nDuraci\u00f3n: enero 2009 \u2013 diciembre 2010<br \/>\nEntidades participantes: Universidad de Las Palmas de Gran Canaria<br \/>\nInvestigador principal: Manuel Rodr\u00edguez D\u00edaz<br \/>\nN\u00ba investigadores participantes: 7<br \/>\nInvestigadores del grupo ENI en el equipo de investigaci\u00f3n: Tom\u00e1s F. Espino Rodr\u00edguez<\/p>\n<\/div><div class=\"nav fusion-mobile-tab-nav\"><ul class=\"nav-tabs\" role=\"tablist\"><li role=\"presentation\"><a class=\"tab-link\" data-toggle=\"tab\" role=\"tab\" aria-controls=\"tab-1b66a2ac811e9766b48\" aria-selected=\"false\" tabindex=\"-1\" id=\"mobile-fusion-tab-convocatoriasnacionales\" href=\"#tab-1b66a2ac811e9766b48\"><h4 class=\"fusion-tab-heading\">Convocatorias Nacionales<\/h4><\/a><\/li><\/ul><\/div><div class=\"tab-pane fade fusion-clearfix\" role=\"tabpanel\" tabindex=\"0\" aria-labelledby=\"fusion-tab-convocatoriasnacionales\" id=\"tab-1b66a2ac811e9766b48\">\n<h2 class=\"tab\" style=\"text-align: justify;\">Proyectos Nacionales (desde 2009)<\/h2>\n<p style=\"text-align: justify;\"><strong>Negocios internacionales y el reto de la agenda 2030: el papel de las empresas con actividad internacional en el logro de los objetivos de desarrollo sostenible<\/strong><\/p>\n<p style=\"text-align: justify;\">Entidad financiadora: Ministerio de Ciencia e Innovaci\u00f3n del Gobierno de Espa\u00f1a \u2013 Proyectos Generaci\u00f3n de conocimiento 2021 del Plan Estatal de Investigaci\u00f3n Cient\u00edfica, T\u00e9cnica y de Innovaci\u00f3n 2021-2023<br \/>\nDuraci\u00f3n: septiembre 2021 &#8211; agosto 2025<br \/>\nInvestigadores principales: Vidal Su\u00e1rez, M.M., L\u00f3pez Duarte, C<br \/>\nReferencia: PID2021-123274NB-I00<br \/>\nInvestigadores del grupo ENI en el equipo de investigaci\u00f3n: Antonia Mercedes Garc\u00eda Cabrera, Mar\u00eda Gracia Garc\u00eda Soto, Sonia Mar\u00eda Su\u00e1rez Ortega; Deybbi Cu\u00e9llar Molina<br \/>\nInvestigadores del grupo I&amp;DE en el equipo de investigaci\u00f3n: Cristina L\u00f3pez Duarte y Marta Mar\u00eda Vidal Su\u00e1rez<\/p>\n<p style=\"text-align: justify;\"><strong>El cambio regulativo, normativo y cognitivo-cultural como promotor del emprendimiento internacional de la empresa espa\u00f1ola. Propuestas de adaptaci\u00f3n e innovaci\u00f3n institucional<\/strong><\/p>\n<p style=\"text-align: justify;\">Entidad financiadora: Ministerio de Econom\u00eda y Competitividad \u2013 Programa Estatal de Investigaci\u00f3n Desarrollo e Innovaci\u00f3n Orientada a los Retos de la Sociedad<br \/>\nDuraci\u00f3n: enero 2017 \u2013 diciembre 2020<br \/>\nInvestigador principal: Antonia Mercedes Garc\u00eda Cabrera<br \/>\nReferencia: ECO2016-80518-R<br \/>\nInvestigadores del grupo ENI en el equipo de investigaci\u00f3n: Mar\u00eda Gracia Garc\u00eda Soto, Sonia Mar\u00eda Su\u00e1rez Ortega<br \/>\nInvestigadores del grupo I&amp;DE en el equipo de investigaci\u00f3n: Cristina L\u00f3pez Duarte, Marta Mar\u00eda Vidal Su\u00e1rez y Bel\u00e9n Gonz\u00e1lez D\u00edaz<\/p>\n<p style=\"text-align: justify;\"><strong>Empresa e Internacionalizaci\u00f3n: Dise\u00f1o de instrumentos para la gesti\u00f3n del cambio institucional en favor del emprendimiento internacional de las empresas espa\u00f1olas<\/strong><\/p>\n<p style=\"text-align: justify;\">Entidad financiadora: Ministerio de Econom\u00eda y Competitividad \u2013 Programa Estatal de Investigaci\u00f3n Cient\u00edfica y T\u00e9cnica de Excelencia<br \/>\nDuraci\u00f3n: enero 2014 \u2013 diciembre 2016<br \/>\nInvestigador principal: Cristina L\u00f3pez Duarte<br \/>\nReferencia: ECO2013-41762-P<br \/>\nInvestigadores del grupo ENI en el equipo de investigaci\u00f3n: Antonia Mercedes Garc\u00eda Cabrera, Mar\u00eda Gracia Garc\u00eda Soto<br \/>\nInvestigadores del grupo I&amp;DE en el equipo de investigaci\u00f3n: Marta Mar\u00eda Vidal Su\u00e1rez y Bel\u00e9n Gonz\u00e1lez D\u00edaz<\/p>\n<p style=\"text-align: justify;\"><strong>Crecimiento internacional de la empresa mediante Foothold Entry Strategies: el papel de las adquisiciones parciales<\/strong><\/p>\n<p style=\"text-align: justify;\">Entidad financiadora: Ministerio de Ciencia e innovaci\u00f3n \u2013Plan Nacional de I+D+I<br \/>\nDuraci\u00f3n: enero 2010 \u2013 diciembre 2012<br \/>\nInvestigador principal: Cristina L\u00f3pez Duarte<br \/>\nReferencia: ECO2009-07786<br \/>\nInvestigadores del grupo I&amp;DE en el equipo de investigaci\u00f3n: Marta Mar\u00eda Vidal Su\u00e1rez<\/p>\n<p style=\"text-align: justify;\"><\/div><div class=\"nav fusion-mobile-tab-nav\"><ul class=\"nav-tabs\" role=\"tablist\"><li role=\"presentation\"><a class=\"tab-link\" data-toggle=\"tab\" role=\"tab\" aria-controls=\"tab-a9b927d1e293407dd82\" aria-selected=\"false\" tabindex=\"-1\" id=\"mobile-fusion-tab-convocatoriasregionales\" href=\"#tab-a9b927d1e293407dd82\"><h4 class=\"fusion-tab-heading\">Convocatorias Regionales<\/h4><\/a><\/li><\/ul><\/div><div class=\"tab-pane fade fusion-clearfix\" role=\"tabpanel\" tabindex=\"0\" aria-labelledby=\"fusion-tab-convocatoriasregionales\" id=\"tab-a9b927d1e293407dd82\">\n<h2 class=\"tab\" style=\"text-align: justify;\">Proyectos Regionales (desde 2009)<\/h2>\n<p style=\"text-align: justify;\"><strong>Emprendimiento internacional en sectores de media y alta tecnolog\u00eda: Un an\u00e1lisis multinivel para la identificaci\u00f3n de los factores individuales, organizativos e institucionales que promueven la expansi\u00f3n exterior de la nueva empresa de base tecnol\u00f3gica<\/strong><\/p>\n<p style=\"text-align: justify;\">Entidad financiadora: ACIISI (Agencia Canaria de Investigaci\u00f3n Innovaci\u00f3n y Sociedad de la Informaci\u00f3n) \u2013 Ayudas puente para proyectos del Plan Regional<br \/>\nReferencia: PROID2017010036 (ACIISI); CEI2018-28 (ULPGC)<br \/>\nDuraci\u00f3n: noviembre de 2018 &#8211; septiembre de 2019<br \/>\nInvestigadora responsable: Antonia Mercedes Garc\u00eda Cabrera<br \/>\nInvestigadores del grupo ENI en el equipo de investigaci\u00f3n participantes: M. Gracia Garc\u00eda Soto, Sonia M. Su\u00e1rez Ortega, Ar\u00edstides Olivares Mesa, Deybbi Cu\u00e9llar Molina, Francisco J. Guti\u00e9rrez P\u00e9rez<\/p>\n<p style=\"text-align: justify;\"><strong>Dise\u00f1o de instrumentos para la efectiva gesti\u00f3n de la cultura y la diversidad cultural en los procesos de crecimiento internacional de las empresas espa\u00f1olas<\/strong><\/p>\n<p style=\"text-align: justify;\">Entidad financiadora: Principado de Asturias, Consejer\u00eda de Econom\u00eda y Empleo \u2013 Ayudas Puente para proyectos del Plan Nacional<br \/>\nDuraci\u00f3n: abril 2013 \u2013 diciembre 2013<br \/>\nInvestigador principal: Cristina L\u00f3pez Duarte<br \/>\nReferencia: SV-PA-13-ECOEMP-78<br \/>\nInvestigadores del grupo I&amp;DE en el equipo de investigaci\u00f3n: Marta Mar\u00eda Vidal Su\u00e1rez y Bel\u00e9n Gonz\u00e1lez D\u00edaz<\/p>\n<p style=\"text-align: justify;\"><strong>Red de difusi\u00f3n de la investigaci\u00f3n en ciencias sociales y jur\u00eddicas, REDICSJ tipo de contrato: Proyecto de investigaci\u00f3n de car\u00e1cter estructurante<\/strong><\/p>\n<p style=\"text-align: justify;\">Entidad financiadora: Agencia Canaria de Investigaci\u00f3n, Desarrollo, Innovaci\u00f3n y Sociedad de la Informaci\u00f3n<br \/>\nDuraci\u00f3n: 5 de mayo de 2009 a 31 de diciembre de 2010<br \/>\nReferencia: ULPAPD-08\/01-6<br \/>\nInvestigadores principales: Campos M\u00e9ndez, J., D\u00edaz-Lezcano Sevillano, I.<br \/>\nInvestigadores del grupo ENI en el equipo de investigaci\u00f3n: Antonia Mercedes Garc\u00eda Cabrera<\/p>\n<p style=\"text-align: justify;\"><\/div><div class=\"nav fusion-mobile-tab-nav\"><ul class=\"nav-tabs\" role=\"tablist\"><li role=\"presentation\"><a class=\"tab-link\" data-toggle=\"tab\" role=\"tab\" aria-controls=\"tab-aef0789b5b02128f3f8\" aria-selected=\"false\" tabindex=\"-1\" id=\"mobile-fusion-tab-proyectosprecompetitivos\" href=\"#tab-aef0789b5b02128f3f8\"><h4 class=\"fusion-tab-heading\">Proyectos Precompetitivos<\/h4><\/a><\/li><\/ul><\/div><div class=\"tab-pane fade fusion-clearfix\" role=\"tabpanel\" tabindex=\"0\" aria-labelledby=\"fusion-tab-proyectosprecompetitivos\" id=\"tab-aef0789b5b02128f3f8\">\n<h2 class=\"tab\" style=\"text-align: justify;\">Otros Proyectos Precompetitivos (desde 2009)<\/h2>\n<p style=\"text-align: justify;\"><strong>Un enfoque hol\u00edstico para el estudio de la internacionalizaci\u00f3n de la empresa tecnol\u00f3gica de reciente creaci\u00f3n en Espa\u00f1a: Factores individuales, organizativos y conceptuales<\/strong><\/p>\n<p style=\"text-align: justify;\">Entidad financiadora: Universidad de Las Palmas de Gran Canaria<br \/>\nReferencia: ULPGC2010-008<br \/>\nDuraci\u00f3n: junio de 2011 &#8211; diciembre de 2012<br \/>\nInvestigadora responsable: Antonia Mercedes Garc\u00eda Cabrera<br \/>\nInvestigadores del grupo ENI en el equipo de investigaci\u00f3n: Mar\u00eda Gracia Garc\u00eda Soto, Sonia Mar\u00eda Su\u00e1rez Ortega<\/p>\n<p style=\"text-align: justify;\"><strong>Del reconocimiento a la explotaci\u00f3n de la oportunidad de negocio de base tecnol\u00f3gica: Un modelo din\u00e1mico sustentado en la interacci\u00f3n de factores psicol\u00f3gicos y sociol\u00f3gicos<\/strong><\/p>\n<p style=\"text-align: justify;\">Entidad financiadora: Universidad de Las Palmas de Gran Canaria<br \/>\nDuraci\u00f3n: junio de 2009 &#8211; diciembre de 2009<br \/>\nInvestigadora principal: Mar\u00eda Gracia Garc\u00eda Soto<br \/>\nTipo de participaci\u00f3n: Proyecto de investigaci\u00f3n<br \/>\nReferencia: ULPGC2008-007<br \/>\nInvestigadores del grupo ENI en el equipo de investigaci\u00f3n: Antonia Mercedes Garc\u00eda Cabrera<\/p>\n<p style=\"text-align: justify;\"><\/div><\/div><\/div><\/div><\/div><\/div><\/div><\/p>\n","protected":false},"excerpt":{"rendered":"","protected":false},"author":1,"featured_media":0,"parent":0,"menu_order":0,"comment_status":"closed","ping_status":"closed","template":"","meta":[],"_links":{"self":[{"href":"https:\/\/eni.ulpgc.es\/index.php\/wp-json\/wp\/v2\/pages\/3432"}],"collection":[{"href":"https:\/\/eni.ulpgc.es\/index.php\/wp-json\/wp\/v2\/pages"}],"about":[{"href":"https:\/\/eni.ulpgc.es\/index.php\/wp-json\/wp\/v2\/types\/page"}],"author":[{"embeddable":true,"href":"https:\/\/eni.ulpgc.es\/index.php\/wp-json\/wp\/v2\/users\/1"}],"replies":[{"embeddable":true,"href":"https:\/\/eni.ulpgc.es\/index.php\/wp-json\/wp\/v2\/comments?post=3432"}],"version-history":[{"count":20,"href":"https:\/\/eni.ulpgc.es\/index.php\/wp-json\/wp\/v2\/pages\/3432\/revisions"}],"predecessor-version":[{"id":4444,"href":"https:\/\/eni.ulpgc.es\/index.php\/wp-json\/wp\/v2\/pages\/3432\/revisions\/4444"}],"wp:attachment":[{"href":"https:\/\/eni.ulpgc.es\/index.php\/wp-json\/wp\/v2\/media?parent=3432"}],"curies":[{"name":"wp","href":"https:\/\/api.w.org\/{rel}","templated":true}]}}