{"id":3386,"date":"2020-12-01T13:31:28","date_gmt":"2020-12-01T13:31:28","guid":{"rendered":"https:\/\/eni.ulpgc.es\/?page_id=3386"},"modified":"2021-01-04T16:38:33","modified_gmt":"2021-01-04T16:38:33","slug":"grupo-ide-uniovi","status":"publish","type":"page","link":"https:\/\/eni.ulpgc.es\/index.php\/grupo-ide-uniovi\/","title":{"rendered":"Grupo I&#038;DE &#8211; UNIOVI"},"content":{"rendered":"<p><div class=\"fusion-fullwidth fullwidth-box fusion-builder-row-1 fusion-flex-container nonhundred-percent-fullwidth non-hundred-percent-height-scrolling\" style=\"--awb-border-radius-top-left:0px;--awb-border-radius-top-right:0px;--awb-border-radius-bottom-right:0px;--awb-border-radius-bottom-left:0px;\" ><div class=\"fusion-builder-row fusion-row fusion-flex-align-items-flex-start\" style=\"max-width:1497.6px;margin-left: calc(-4% \/ 2 );margin-right: calc(-4% \/ 2 );\"><div class=\"fusion-layout-column fusion_builder_column fusion-builder-column-0 fusion_builder_column_1_1 1_1 fusion-flex-column\" style=\"--awb-bg-size:cover;--awb-width-large:100%;--awb-margin-top-large:0px;--awb-spacing-right-large:1.92%;--awb-margin-bottom-large:20px;--awb-spacing-left-large:1.92%;--awb-width-medium:100%;--awb-order-medium:0;--awb-spacing-right-medium:1.92%;--awb-spacing-left-medium:1.92%;--awb-width-small:100%;--awb-order-small:0;--awb-spacing-right-small:1.92%;--awb-spacing-left-small:1.92%;\"><div class=\"fusion-column-wrapper fusion-column-has-shadow fusion-flex-justify-content-flex-start fusion-content-layout-column\"><div class=\"fusion-title title fusion-title-1 fusion-sep-none fusion-title-text fusion-title-size-one\" style=\"--awb-margin-bottom:2px;\"><h1 class=\"title-heading-left\" style=\"margin:0;\">Innovaci\u00f3n y Desarrollo Empresarial (I&amp;DE-UNIOVI)<\/h1><\/div><div class=\"fusion-separator fusion-full-width-sep\" style=\"align-self: center;margin-left: auto;margin-right: auto;width:100%;\"><div class=\"fusion-separator-border sep-single\" style=\"--awb-height:20px;--awb-amount:20px;border-color:#ffa100;border-top-width:4px;\"><\/div><\/div><\/div><\/div><\/div><\/div><div class=\"fusion-fullwidth fullwidth-box fusion-builder-row-2 fusion-flex-container nonhundred-percent-fullwidth non-hundred-percent-height-scrolling\" style=\"--awb-border-radius-top-left:0px;--awb-border-radius-top-right:0px;--awb-border-radius-bottom-right:0px;--awb-border-radius-bottom-left:0px;\" ><div class=\"fusion-builder-row fusion-row fusion-flex-align-items-flex-start\" style=\"max-width:1497.6px;margin-left: calc(-4% \/ 2 );margin-right: calc(-4% \/ 2 );\"><div class=\"fusion-layout-column fusion_builder_column fusion-builder-column-1 fusion_builder_column_1_1 1_1 fusion-flex-column\" style=\"--awb-bg-size:cover;--awb-width-large:100%;--awb-margin-top-large:0px;--awb-spacing-right-large:1.92%;--awb-margin-bottom-large:20px;--awb-spacing-left-large:1.92%;--awb-width-medium:100%;--awb-order-medium:0;--awb-spacing-right-medium:1.92%;--awb-spacing-left-medium:1.92%;--awb-width-small:100%;--awb-order-small:0;--awb-spacing-right-small:1.92%;--awb-spacing-left-small:1.92%;\"><div class=\"fusion-column-wrapper fusion-column-has-shadow fusion-flex-justify-content-flex-start fusion-content-layout-column\"><div class=\"fusion-text fusion-text-1\"><p>El grupo en Innovaci\u00f3n y Desarrollo Empresarial (I&amp;DE) de la Universidad de Oviedo no se constituy\u00f3 formalmente hasta el 2019, si bien su origen y el inicio de la colaboraci\u00f3n entre sus investigadores se remonta a finales de la d\u00e9cada de los 90.<\/p>\n<p>I&amp;DE est\u00e1 integrado por un total de 5 investigadores procedentes de los departamentos de Administraci\u00f3n de Empresas y Contabilidad de la Universidad de Oviedo, todos ellos con una dilatada trayectoria investigadora y docente.<\/p>\n<p>Dos de estos investigadores \u2014Cristina L\u00f3pez Duarte y Marta M\u00aa Vidal Su\u00e1rez\u2014 iniciaron hace m\u00e1s de dos d\u00e9cadas una colaboraci\u00f3n inicialmente centrada en el estudio de las inversiones directas en el exterior y las alianzas globales. A este n\u00facleo se unir\u00eda durante la d\u00e9cada del 2000 la profesora Bel\u00e9n Gonz\u00e1lez D\u00edaz y, m\u00e1s recientemente, los profesores Nuria L\u00f3pez Mielgo y Enrique Loredo Fern\u00e1ndez. La incorporaci\u00f3n de estos investigadores ha favorecido la ampliaci\u00f3n y diversificaci\u00f3n de las l\u00edneas de investigaci\u00f3n y fortalecido el desarrollo de las actividades de transferencia de los resultados hacia el tejido empresarial e institucional.<\/p>\n<p>El crecimiento y la estrategia internacional siguen constituyendo el foco de la investigaci\u00f3n del equipo, abordados desde un amplio abanico de perspectivas y tem\u00e1ticas (e.g. emprendimiento internacional e internacionalizaci\u00f3n temprana, impacto de la transparencia y la rendici\u00f3n de cuentas sobre los resultados del apoyo institucional a los proyectos de emprendimiento, v\u00ednculo entre la ayuda oficial al desarrollo (AOD) y la internacionalizaci\u00f3n empresarial).<\/p>\n<\/div><\/div><\/div><\/div><\/div><\/p>\n","protected":false},"excerpt":{"rendered":"","protected":false},"author":1,"featured_media":0,"parent":0,"menu_order":0,"comment_status":"closed","ping_status":"closed","template":"","meta":[],"_links":{"self":[{"href":"https:\/\/eni.ulpgc.es\/index.php\/wp-json\/wp\/v2\/pages\/3386"}],"collection":[{"href":"https:\/\/eni.ulpgc.es\/index.php\/wp-json\/wp\/v2\/pages"}],"about":[{"href":"https:\/\/eni.ulpgc.es\/index.php\/wp-json\/wp\/v2\/types\/page"}],"author":[{"embeddable":true,"href":"https:\/\/eni.ulpgc.es\/index.php\/wp-json\/wp\/v2\/users\/1"}],"replies":[{"embeddable":true,"href":"https:\/\/eni.ulpgc.es\/index.php\/wp-json\/wp\/v2\/comments?post=3386"}],"version-history":[{"count":4,"href":"https:\/\/eni.ulpgc.es\/index.php\/wp-json\/wp\/v2\/pages\/3386\/revisions"}],"predecessor-version":[{"id":3967,"href":"https:\/\/eni.ulpgc.es\/index.php\/wp-json\/wp\/v2\/pages\/3386\/revisions\/3967"}],"wp:attachment":[{"href":"https:\/\/eni.ulpgc.es\/index.php\/wp-json\/wp\/v2\/media?parent=3386"}],"curies":[{"name":"wp","href":"https:\/\/api.w.org\/{rel}","templated":true}]}}