{"id":3379,"date":"2020-12-01T12:58:55","date_gmt":"2020-12-01T12:58:55","guid":{"rendered":"https:\/\/eni.ulpgc.es\/?page_id=3379"},"modified":"2022-11-23T13:19:53","modified_gmt":"2022-11-23T13:19:53","slug":"grupo-eni-ulpgc","status":"publish","type":"page","link":"https:\/\/eni.ulpgc.es\/index.php\/grupo-eni-ulpgc\/","title":{"rendered":"Grupo ENI &#8211; ULPGC"},"content":{"rendered":"<p><div class=\"fusion-fullwidth fullwidth-box fusion-builder-row-1 fusion-flex-container nonhundred-percent-fullwidth non-hundred-percent-height-scrolling\" style=\"--awb-border-radius-top-left:0px;--awb-border-radius-top-right:0px;--awb-border-radius-bottom-right:0px;--awb-border-radius-bottom-left:0px;\" ><div class=\"fusion-builder-row fusion-row fusion-flex-align-items-flex-start\" style=\"max-width:1497.6px;margin-left: calc(-4% \/ 2 );margin-right: calc(-4% \/ 2 );\"><div class=\"fusion-layout-column fusion_builder_column fusion-builder-column-0 fusion_builder_column_1_1 1_1 fusion-flex-column\" style=\"--awb-bg-size:cover;--awb-width-large:100%;--awb-margin-top-large:0px;--awb-spacing-right-large:1.92%;--awb-margin-bottom-large:20px;--awb-spacing-left-large:1.92%;--awb-width-medium:100%;--awb-order-medium:0;--awb-spacing-right-medium:1.92%;--awb-spacing-left-medium:1.92%;--awb-width-small:100%;--awb-order-small:0;--awb-spacing-right-small:1.92%;--awb-spacing-left-small:1.92%;\"><div class=\"fusion-column-wrapper fusion-column-has-shadow fusion-flex-justify-content-flex-start fusion-content-layout-column\"><div class=\"fusion-title title fusion-title-1 fusion-sep-none fusion-title-text fusion-title-size-one\" style=\"--awb-margin-bottom:2px;\"><h1 class=\"title-heading-left\" style=\"margin:0;\">Emprendimiento y Negocios Internacionales (ENI-ULPGC)<\/h1><\/div><div class=\"fusion-separator fusion-full-width-sep\" style=\"align-self: center;margin-left: auto;margin-right: auto;width:100%;\"><div class=\"fusion-separator-border sep-single\" style=\"--awb-height:20px;--awb-amount:20px;border-color:#ffa100;border-top-width:4px;\"><\/div><\/div><\/div><\/div><\/div><\/div><div class=\"fusion-fullwidth fullwidth-box fusion-builder-row-2 fusion-flex-container nonhundred-percent-fullwidth non-hundred-percent-height-scrolling\" style=\"--awb-border-radius-top-left:0px;--awb-border-radius-top-right:0px;--awb-border-radius-bottom-right:0px;--awb-border-radius-bottom-left:0px;\" ><div class=\"fusion-builder-row fusion-row fusion-flex-align-items-flex-start\" style=\"max-width:1497.6px;margin-left: calc(-4% \/ 2 );margin-right: calc(-4% \/ 2 );\"><div class=\"fusion-layout-column fusion_builder_column fusion-builder-column-1 fusion_builder_column_1_1 1_1 fusion-flex-column\" style=\"--awb-bg-size:cover;--awb-width-large:100%;--awb-margin-top-large:0px;--awb-spacing-right-large:1.92%;--awb-margin-bottom-large:20px;--awb-spacing-left-large:1.92%;--awb-width-medium:100%;--awb-order-medium:0;--awb-spacing-right-medium:1.92%;--awb-spacing-left-medium:1.92%;--awb-width-small:100%;--awb-order-small:0;--awb-spacing-right-small:1.92%;--awb-spacing-left-small:1.92%;\"><div class=\"fusion-column-wrapper fusion-column-has-shadow fusion-flex-justify-content-flex-start fusion-content-layout-column\"><div class=\"fusion-text fusion-text-1\"><p>El grupo ENI, fundado en el a\u00f1o 2002 en la Universidad de Las Palmas de Gran Canaria, est\u00e1 adscrito desde el a\u00f1o 2015 al Instituto <a href=\"http:\/\/iuctc.ciber.ulpgc.es\/\" target=\"_blank\" rel=\"noopener noreferrer\">Universitario en Ciencias y Tecnolog\u00edas Cibern\u00e9ticas<\/a>.<\/p>\n<p>ENI est\u00e1 conformado por 7 investigadores procedentes del \u00e1rea de Organizaci\u00f3n de Empresas, siendo 4 de ellos miembros fundacionales -Antonia M. Garc\u00eda Cabrera, Mar\u00eda Gracia Garc\u00eda Soto, Ar\u00edstides Olivares Mesa y Sonia Mar\u00eda Su\u00e1rez Ortega-. Al grupo se incorporan m\u00e1s recientemente otros 3 investigadores procedentes de diferentes \u00e1mbitos profesionales -Deybbi Cu\u00e9llar Molina, Francisco J. Guti\u00e9rrez P\u00e9rez y Mar\u00eda Jos\u00e9 Miranda Martel-. De esta forma, como grupo, ENI cuenta con bagajes complementarios y amplias trayectorias en la docencia, la investigaci\u00f3n y la transferencia de conocimientos en los \u00e1mbitos de la estrategia, el emprendimiento y los negocios internacionales.<\/p>\n<p>El grupo desarrolla su actividad orientado por una visi\u00f3n compartida por sus miembros:<\/p>\n<p>\u201c\u2026convertirse en un referente nacional e internacional en el \u00e1rea de la organizaci\u00f3n de empresas, por las contribuciones cient\u00edficas que realiza en los campos de la estrategia, el emprendimiento y los negocios internacionales,<\/p>\n<p>por estar presente en los principales foros de debate celebrados en torno a las disciplinas que desarrolla,<\/p>\n<p>por comprometerse plenamente en la resoluci\u00f3n de los problemas que afectan a la sociedad y las organizaciones p\u00fablicas y privadas,<\/p>\n<p>por desempe\u00f1ar su labor con criterios de profesionalidad, innovaci\u00f3n, calidad y cooperaci\u00f3n cient\u00edfica,<\/p>\n<p>y, sobre todo, por el valor que sus componentes confieren al compa\u00f1erismo y el trabajo en equipo.\u201d<\/p>\n<\/div><\/div><\/div><\/div><\/div><\/p>\n","protected":false},"excerpt":{"rendered":"","protected":false},"author":1,"featured_media":0,"parent":0,"menu_order":0,"comment_status":"closed","ping_status":"closed","template":"","meta":[],"_links":{"self":[{"href":"https:\/\/eni.ulpgc.es\/index.php\/wp-json\/wp\/v2\/pages\/3379"}],"collection":[{"href":"https:\/\/eni.ulpgc.es\/index.php\/wp-json\/wp\/v2\/pages"}],"about":[{"href":"https:\/\/eni.ulpgc.es\/index.php\/wp-json\/wp\/v2\/types\/page"}],"author":[{"embeddable":true,"href":"https:\/\/eni.ulpgc.es\/index.php\/wp-json\/wp\/v2\/users\/1"}],"replies":[{"embeddable":true,"href":"https:\/\/eni.ulpgc.es\/index.php\/wp-json\/wp\/v2\/comments?post=3379"}],"version-history":[{"count":7,"href":"https:\/\/eni.ulpgc.es\/index.php\/wp-json\/wp\/v2\/pages\/3379\/revisions"}],"predecessor-version":[{"id":4375,"href":"https:\/\/eni.ulpgc.es\/index.php\/wp-json\/wp\/v2\/pages\/3379\/revisions\/4375"}],"wp:attachment":[{"href":"https:\/\/eni.ulpgc.es\/index.php\/wp-json\/wp\/v2\/media?parent=3379"}],"curies":[{"name":"wp","href":"https:\/\/api.w.org\/{rel}","templated":true}]}}