{"id":3365,"date":"2020-12-01T12:09:37","date_gmt":"2020-12-01T12:09:37","guid":{"rendered":"https:\/\/eni.ulpgc.es\/?page_id=3365"},"modified":"2021-10-01T21:33:53","modified_gmt":"2021-10-01T21:33:53","slug":"historia","status":"publish","type":"page","link":"https:\/\/eni.ulpgc.es\/index.php\/historia\/","title":{"rendered":"Historia"},"content":{"rendered":"<p style=\"text-align: justify;\"><div class=\"fusion-fullwidth fullwidth-box fusion-builder-row-1 fusion-flex-container nonhundred-percent-fullwidth non-hundred-percent-height-scrolling\" style=\"--awb-border-radius-top-left:0px;--awb-border-radius-top-right:0px;--awb-border-radius-bottom-right:0px;--awb-border-radius-bottom-left:0px;\" ><div class=\"fusion-builder-row fusion-row fusion-flex-align-items-flex-start\" style=\"max-width:1497.6px;margin-left: calc(-4% \/ 2 );margin-right: calc(-4% \/ 2 );\"><div class=\"fusion-layout-column fusion_builder_column fusion-builder-column-0 fusion_builder_column_1_1 1_1 fusion-flex-column\" style=\"--awb-bg-size:cover;--awb-width-large:100%;--awb-margin-top-large:0px;--awb-spacing-right-large:1.92%;--awb-margin-bottom-large:20px;--awb-spacing-left-large:1.92%;--awb-width-medium:100%;--awb-order-medium:0;--awb-spacing-right-medium:1.92%;--awb-spacing-left-medium:1.92%;--awb-width-small:100%;--awb-order-small:0;--awb-spacing-right-small:1.92%;--awb-spacing-left-small:1.92%;\"><div class=\"fusion-column-wrapper fusion-column-has-shadow fusion-flex-justify-content-flex-start fusion-content-layout-column\"><div class=\"fusion-title title fusion-title-1 fusion-sep-none fusion-title-text fusion-title-size-one\" style=\"--awb-margin-bottom:2px;\"><h1 class=\"title-heading-left\" style=\"margin:0;\"><p style=\"text-align: justify;\">Historia<\/p>\n<p style=\"text-align: justify;\"><\/h1><\/div><div class=\"fusion-separator fusion-full-width-sep\" style=\"align-self: center;margin-left: auto;margin-right: auto;width:100%;\"><div class=\"fusion-separator-border sep-single\" style=\"--awb-height:20px;--awb-amount:20px;border-color:#ffa100;border-top-width:4px;\"><\/div><\/div><\/div><\/div><\/div><\/div><div class=\"fusion-fullwidth fullwidth-box fusion-builder-row-2 fusion-flex-container nonhundred-percent-fullwidth non-hundred-percent-height-scrolling\" style=\"--awb-border-radius-top-left:0px;--awb-border-radius-top-right:0px;--awb-border-radius-bottom-right:0px;--awb-border-radius-bottom-left:0px;\" ><div class=\"fusion-builder-row fusion-row fusion-flex-align-items-flex-start\" style=\"max-width:1497.6px;margin-left: calc(-4% \/ 2 );margin-right: calc(-4% \/ 2 );\"><div class=\"fusion-layout-column fusion_builder_column fusion-builder-column-1 fusion_builder_column_1_1 1_1 fusion-flex-column\" style=\"--awb-bg-size:cover;--awb-width-large:100%;--awb-margin-top-large:0px;--awb-spacing-right-large:1.92%;--awb-margin-bottom-large:20px;--awb-spacing-left-large:1.92%;--awb-width-medium:100%;--awb-order-medium:0;--awb-spacing-right-medium:1.92%;--awb-spacing-left-medium:1.92%;--awb-width-small:100%;--awb-order-small:0;--awb-spacing-right-small:1.92%;--awb-spacing-left-small:1.92%;\"><div class=\"fusion-column-wrapper fusion-column-has-shadow fusion-flex-justify-content-flex-start fusion-content-layout-column\"><div class=\"fusion-text fusion-text-1\"><p style=\"text-align: justify;\">Los miembros de los grupos de investigaci\u00f3n <a href=\"\/index.php\/grupo-eni\/\" target=\"_blank\" rel=\"noopener noreferrer\">Emprendimiento y Negocios Internacionales-ENI<\/a> (Universidad de Las Palmas de Gran Canaria) e <a href=\"\/index.php\/grupo-ide\/\">Innovaci\u00f3n y Desarrollo Empresarial-I&amp;DE<\/a> (Universidad de Oviedo) inician en 2012 una colaboraci\u00f3n estable y continuada para abordar conjuntamente diversos proyectos de investigaci\u00f3n en el \u00e1mbito de los negocios internacionales.<\/p>\n<p style=\"text-align: justify;\">Como grupo interuniversitario de investigaci\u00f3n han desarrollado diversos proyectos financiados en el marco del programa estatal de I+D+i:<\/p>\n<ul style=\"text-align: justify;\">\n<li><strong>Empresa e internacionalizaci\u00f3n: dise\u00f1o de instrumentos para la gesti\u00f3n del cambio institucional en favor del emprendimiento internacional de las empresas espa\u00f1olas <\/strong>(Proyecto ECO2013-41762-P)<\/li>\n<\/ul>\n<p style=\"padding-left: 40px; text-align: justify;\">Investigadora principal: Cristina L\u00f3pez Duarte<br \/>\nGrupo de investigaci\u00f3n I&amp;DE<br \/>\nUniversidad de Oviedo<\/p>\n<ul style=\"text-align: justify;\">\n<li><strong>El cambio regulativo, normativo y cognitivo-cultural como promotor del emprendimiento internacional de la empresa espa\u00f1ola. Propuestas de Adaptaci\u00f3n e innovaci\u00f3n institucional <\/strong>(Proyecto ECO2016-80518-R)<\/li>\n<\/ul>\n<p style=\"padding-left: 40px; text-align: justify;\">Investigadora principal: Antonia Mercedes Garc\u00eda Cabrera<br \/>\nGrupo de investigaci\u00f3n ENI<br \/>\nUniversidad de Las Palmas de Gran Canaria<\/p>\n<p style=\"text-align: justify;\">Tras estos a\u00f1os de trabajo conjunto, podemos definirnos como:<\/p>\n<h4 style=\"text-align: justify;\">\u201c<em>Un grupo interuniversitario espa\u00f1ol con vocaci\u00f3n de desarrollar una labor investigadora de calidad y de utilidad tanto para los agentes de nuestros entornos locales m\u00e1s inmediatos como para aquellos localizados en otros \u00e1mbitos del territorio nacional y en el contexto internacional.<\/em>\u201d<\/h4>\n<p style=\"text-align: justify;\">\n<\/div><\/div><\/div><\/div><\/div><\/p>\n","protected":false},"excerpt":{"rendered":"","protected":false},"author":1,"featured_media":0,"parent":0,"menu_order":0,"comment_status":"closed","ping_status":"closed","template":"","meta":[],"_links":{"self":[{"href":"https:\/\/eni.ulpgc.es\/index.php\/wp-json\/wp\/v2\/pages\/3365"}],"collection":[{"href":"https:\/\/eni.ulpgc.es\/index.php\/wp-json\/wp\/v2\/pages"}],"about":[{"href":"https:\/\/eni.ulpgc.es\/index.php\/wp-json\/wp\/v2\/types\/page"}],"author":[{"embeddable":true,"href":"https:\/\/eni.ulpgc.es\/index.php\/wp-json\/wp\/v2\/users\/1"}],"replies":[{"embeddable":true,"href":"https:\/\/eni.ulpgc.es\/index.php\/wp-json\/wp\/v2\/comments?post=3365"}],"version-history":[{"count":19,"href":"https:\/\/eni.ulpgc.es\/index.php\/wp-json\/wp\/v2\/pages\/3365\/revisions"}],"predecessor-version":[{"id":3552,"href":"https:\/\/eni.ulpgc.es\/index.php\/wp-json\/wp\/v2\/pages\/3365\/revisions\/3552"}],"wp:attachment":[{"href":"https:\/\/eni.ulpgc.es\/index.php\/wp-json\/wp\/v2\/media?parent=3365"}],"curies":[{"name":"wp","href":"https:\/\/api.w.org\/{rel}","templated":true}]}}